{"id":131,"date":"2022-01-28T18:50:25","date_gmt":"2022-01-28T18:50:25","guid":{"rendered":"https:\/\/babelteam.com\/es\/?page_id=131"},"modified":"2024-12-20T17:53:10","modified_gmt":"2024-12-20T20:53:10","slug":"quienes-somos","status":"publish","type":"page","link":"https:\/\/babelteam.com\/es\/quienes-somos\/","title":{"rendered":"Qui\u00e9nes Somos"},"content":{"rendered":"<p>[et_pb_section fb_built=\u00bb1&#8243; _builder_version=\u00bb4.27.2&#8243; background_enable_color=\u00bboff\u00bb use_background_color_gradient=\u00bbon\u00bb background_color_gradient_stops=\u00bb#809ba5 0%|rgba(255,255,255,0.13) 100%\u00bb background_image=\u00bbhttps:\/\/babelteam.com\/es\/wp-content\/uploads\/2024\/10\/equipe02.jpg\u00bb module_alignment=\u00bbcenter\u00bb custom_padding=\u00bb52px||686px|||\u00bb background_last_edited=\u00bbon|phone\u00bb parallax_phone=\u00bbon\u00bb da_disable_devices=\u00bboff|off|off\u00bb global_colors_info=\u00bb{}\u00bb background__hover_enabled=\u00bbon|desktop\u00bb da_is_popup=\u00bboff\u00bb da_exit_intent=\u00bboff\u00bb da_has_close=\u00bbon\u00bb da_alt_close=\u00bboff\u00bb da_dark_close=\u00bboff\u00bb da_not_modal=\u00bbon\u00bb da_is_singular=\u00bboff\u00bb da_with_loader=\u00bboff\u00bb da_has_shadow=\u00bbon\u00bb][et_pb_row column_structure=\u00bb1_2,1_2&#8243; _builder_version=\u00bb4.27.2&#8243; custom_margin=\u00bb2px|auto||auto||\u00bb custom_padding=\u00bb28px||||false|false\u00bb global_colors_info=\u00bb{}\u00bb][et_pb_column type=\u00bb1_2&#8243; _builder_version=\u00bb4.16&#8243; global_colors_info=\u00bb{}\u00bb][et_pb_text _builder_version=\u00bb4.27.2&#8243; header_2_font=\u00bb|800|||||||\u00bb header_2_text_color=\u00bb#3A6071&#8243; header_2_font_size=\u00bb35px\u00bb header_3_font=\u00bb|||on|||||\u00bb header_3_text_color=\u00bb#809BA5&#8243; header_3_font_size=\u00bb26px\u00bb header_3_line_height=\u00bb1.4em\u00bb custom_margin=\u00bb||22px|||\u00bb global_colors_info=\u00bb{}\u00bb]<\/p>\n<h2>Quienes Somos<\/h2>\n<p>[\/et_pb_text][et_pb_text _builder_version=\u00bb4.27.2&#8243; text_text_color=\u00bb#000000&#8243; text_font_size=\u00bb16px\u00bb text_line_height=\u00bb1.8em\u00bb global_colors_info=\u00bb{}\u00bb]<\/p>\n<p>Bienvenidos a Babel-Team, su aliado en la transformaci\u00f3n digital inteligente.<\/p>\n<p>Desde nuestra<strong> fundaci\u00f3n en 2006 en Rio de Janeiro<\/strong>, hemos liderado la innovaci\u00f3n, ayudando a empresas de <strong>Am\u00e9rica Latina, Estados Unidos y Europa<\/strong> a reinventar sus modelos de negocio y aprovechar las oportunidades del mundo digital.<\/p>\n<p>[\/et_pb_text][\/et_pb_column][et_pb_column type=\u00bb1_2&#8243; _builder_version=\u00bb4.16&#8243; global_colors_info=\u00bb{}\u00bb][et_pb_text _builder_version=\u00bb4.27.2&#8243; text_text_color=\u00bb#000000&#8243; text_font_size=\u00bb16px\u00bb text_line_height=\u00bb1.8em\u00bb header_3_font=\u00bb|||on|||||\u00bb header_3_text_color=\u00bb#809BA5&#8243; header_3_font_size=\u00bb26px\u00bb header_3_line_height=\u00bb1.4em\u00bb global_colors_info=\u00bb{}\u00bb]<\/p>\n<h3><strong>Creemos que el futuro pertenece a quienes se atreven a innovar.<\/strong><\/h3>\n<p><strong>Nuestra misi\u00f3n es sencilla:<\/strong> <strong>empoderar a las empresas para que no solo sobrevivan, sino que prosperen en la era de la disrupci\u00f3n digital.<\/strong> Con m\u00e1s de 18 a\u00f1os de experiencia, nuestro equipo multidisciplinario est\u00e1 listo para desafiar el status quo y llevar su negocio al siguiente nivel.<\/p>\n<p>[\/et_pb_text][\/et_pb_column][\/et_pb_row][et_pb_row _builder_version=\u00bb4.27.2&#8243; custom_margin=\u00bb19px|auto||auto||\u00bb custom_padding=\u00bb20px||||false|false\u00bb global_colors_info=\u00bb{}\u00bb][et_pb_column type=\u00bb4_4&#8243; _builder_version=\u00bb4.16&#8243; global_colors_info=\u00bb{}\u00bb][et_pb_text _builder_version=\u00bb4.27.2&#8243; header_2_font=\u00bb|800|||||||\u00bb header_2_text_color=\u00bb#3A6071&#8243; header_2_font_size=\u00bb35px\u00bb header_3_font=\u00bb|||on|||||\u00bb header_3_text_color=\u00bb#809BA5&#8243; header_3_font_size=\u00bb26px\u00bb header_3_line_height=\u00bb1.4em\u00bb custom_margin=\u00bb||22px|||\u00bb global_colors_info=\u00bb{}\u00bb]<\/p>\n<h2>Nuestro Equipo<\/h2>\n<h3><strong>En Babel-Team, estamos orgullosos de contar con un equipo de profesionales altamente calificados y apasionados.<\/strong><\/h3>\n<p>[\/et_pb_text][et_pb_text ul_type=\u00bbcircle\u00bb ul_item_indent=\u00bb50px\u00bb _builder_version=\u00bb4.27.2&#8243; text_text_color=\u00bb#000000&#8243; text_font_size=\u00bb16px\u00bb text_line_height=\u00bb1.8em\u00bb ul_font_size=\u00bb16px\u00bb ul_line_height=\u00bb2em\u00bb header_line_height=\u00bb1.1em\u00bb header_3_font=\u00bb|||on|||||\u00bb header_3_text_color=\u00bb#3A6071&#8243; header_3_font_size=\u00bb19px\u00bb header_3_line_height=\u00bb1.4em\u00bb custom_margin=\u00bb-14px|||||\u00bb global_colors_info=\u00bb{}\u00bb]<\/p>\n<h3><\/h3>\n<p><strong>Nuestros expertos en diversas \u00e1reas nos permiten abordar cada proyecto con una perspectiva integral y soluciones innovadoras:<\/strong><\/p>\n<p><strong><\/strong><\/p>\n<ul>\n<li><strong>Ingenieros Inform\u00e1ticos:<\/strong> El coraz\u00f3n tecnol\u00f3gico de Babel-Team, garantizan soluciones robustas y escalables.<\/li>\n<li><strong>Especialistas en Experiencia de Cliente:<\/strong> Prioridad en la satisfacci\u00f3n del cliente, asegurando experiencias memorables.<\/li>\n<li><strong>Dise\u00f1adores UX\/UI:<\/strong> Crean interfaces intuitivas y est\u00e9ticamente atractivas que deleitan a los usuarios.<\/li>\n<li><strong>Expertos en Automatizaci\u00f3n de Procesos:<\/strong> Optimizaci\u00f3n de operaciones para aumentar la eficiencia y productividad.<\/li>\n<li>Comunicadores y Estrategas de Marketing: Desarrollan campa\u00f1as que conectan y construyen una presencia en l\u00ednea impactante.<\/li>\n<li><strong>Desarrolladores de IA y Machine Learning:<\/strong> Automatizan procesos complejos con capacidades predictivas avanzadas.<\/li>\n<\/ul>\n<p>[\/et_pb_text][\/et_pb_column][\/et_pb_row][\/et_pb_section][et_pb_section fb_built=\u00bb1&#8243; _builder_version=\u00bb4.27.2&#8243; _module_preset=\u00bbdefault\u00bb use_background_color_gradient=\u00bbon\u00bb background_color_gradient_stops=\u00bb#3a6071 0%|#000000 99%\u00bb background_enable_pattern_style=\u00bbon\u00bb background_pattern_style=\u00bbtufted\u00bb background_pattern_color=\u00bb#3A6071&#8243; background_pattern_horizontal_offset=\u00bb-61%\u00bb background_pattern_vertical_offset=\u00bb55%\u00bb da_disable_devices=\u00bboff|off|off\u00bb global_colors_info=\u00bb{}\u00bb da_is_popup=\u00bboff\u00bb da_exit_intent=\u00bboff\u00bb da_has_close=\u00bbon\u00bb da_alt_close=\u00bboff\u00bb da_dark_close=\u00bboff\u00bb da_not_modal=\u00bbon\u00bb da_is_singular=\u00bboff\u00bb da_with_loader=\u00bboff\u00bb da_has_shadow=\u00bbon\u00bb][et_pb_row _builder_version=\u00bb4.27.2&#8243; _module_preset=\u00bbdefault\u00bb global_colors_info=\u00bb{}\u00bb][et_pb_column type=\u00bb4_4&#8243; _builder_version=\u00bb4.27.2&#8243; _module_preset=\u00bbdefault\u00bb global_colors_info=\u00bb{}\u00bb][et_pb_text _builder_version=\u00bb4.27.2&#8243; _module_preset=\u00bbdefault\u00bb header_2_font=\u00bb|800|||||||\u00bb header_2_text_color=\u00bb#FFFFFF\u00bb header_2_font_size=\u00bb21px\u00bb header_2_line_height=\u00bb1.5em\u00bb global_colors_info=\u00bb{}\u00bb]<\/p>\n<h2 style=\"text-align: center;\">En Babel-Team, cada miembro aporta su experiencia y creatividad para ofrecer soluciones integrales que transforman negocios y crean valor sostenible. Estamos aqu\u00ed para ayudarlo a alcanzar sus metas y superar expectativas.<\/h2>\n<h2 style=\"text-align: center;\"><\/h2>\n<h2 style=\"text-align: center;\">\u00a1Cont\u00e1ctenos y descubra c\u00f3mo podemos colaborar!<\/h2>\n<p>[\/et_pb_text][et_pb_button button_url=\u00bbhttps:\/\/babel.team\/agendaesja\u00bb url_new_window=\u00bbon\u00bb button_text=\u00bbAgende aqu\u00ed con nuestro CEO para analizar su proyecto\u00bb button_alignment=\u00bbcenter\u00bb _builder_version=\u00bb4.27.4&#8243; custom_button=\u00bbon\u00bb button_text_size=\u00bb22px\u00bb button_text_color=\u00bb#3A6071&#8243; button_bg_color=\u00bb#90FFFD\u00bb button_border_width=\u00bb0px\u00bb button_border_color=\u00bb#7CDA24&#8243; button_font=\u00bb|900|||||||\u00bb button_use_icon=\u00bboff\u00bb hover_enabled=\u00bb0&#8243; button_text_size_tablet=\u00bb\u00bb button_text_size_phone=\u00bb21px\u00bb button_text_size_last_edited=\u00bbon|desktop\u00bb button_text_color_tablet=\u00bb\u00bb button_text_color_phone=\u00bb#FFFFFF\u00bb button_text_color_last_edited=\u00bbon|phone\u00bb button_bg_color_tablet=\u00bb\u00bb button_bg_color_phone=\u00bb#0c71c3&#8243; button_bg_color_last_edited=\u00bbon|phone\u00bb button_bg_enable_color_phone=\u00bbon\u00bb box_shadow_style=\u00bbpreset1&#8243; global_colors_info=\u00bb{}\u00bb sticky_enabled=\u00bb0&#8243;][\/et_pb_button][\/et_pb_column][\/et_pb_row][\/et_pb_section][et_pb_section fb_built=\u00bb1&#8243; _builder_version=\u00bb4.27.2&#8243; background_enable_color=\u00bboff\u00bb custom_padding=\u00bb0px||59px|||\u00bb da_disable_devices=\u00bboff|off|off\u00bb global_colors_info=\u00bb{}\u00bb da_is_popup=\u00bboff\u00bb da_exit_intent=\u00bboff\u00bb da_has_close=\u00bbon\u00bb da_alt_close=\u00bboff\u00bb da_dark_close=\u00bboff\u00bb da_not_modal=\u00bbon\u00bb da_is_singular=\u00bboff\u00bb da_with_loader=\u00bboff\u00bb da_has_shadow=\u00bbon\u00bb][et_pb_row column_structure=\u00bb1_2,1_2&#8243; _builder_version=\u00bb4.27.2&#8243; custom_padding=\u00bb||||false|false\u00bb global_colors_info=\u00bb{}\u00bb][et_pb_column type=\u00bb1_2&#8243; _builder_version=\u00bb4.16&#8243; global_colors_info=\u00bb{}\u00bb][et_pb_text _builder_version=\u00bb4.27.2&#8243; header_2_font=\u00bb|800|||||||\u00bb header_2_text_color=\u00bb#3A6071&#8243; header_2_font_size=\u00bb35px\u00bb custom_margin=\u00bb||44px|||\u00bb custom_margin_tablet=\u00bb||44px|||\u00bb custom_margin_phone=\u00bb||15px||false|false\u00bb custom_margin_last_edited=\u00bbon|phone\u00bb custom_padding=\u00bb39px|||||\u00bb custom_padding_tablet=\u00bb39px|||||\u00bb custom_padding_phone=\u00bb15px||||false|false\u00bb custom_padding_last_edited=\u00bbon|phone\u00bb global_colors_info=\u00bb{}\u00bb]<\/p>\n<h2>Nuestros Servicios<\/h2>\n<p>[\/et_pb_text][et_pb_text ul_item_indent=\u00bb50px\u00bb _builder_version=\u00bb4.27.2&#8243; text_text_color=\u00bb#000000&#8243; header_3_font=\u00bb|||on|||||\u00bb header_3_text_color=\u00bb#809BA5&#8243; header_3_font_size=\u00bb26px\u00bb header_3_line_height=\u00bb1.4em\u00bb global_colors_info=\u00bb{}\u00bb]<\/p>\n<h3>No solo ofrecemos servicios, sino experiencias transformadoras.<\/h3>\n<h3><\/h3>\n<h3><strong>Nuestro enfoque integral cubre:<\/strong><\/h3>\n<ul><\/ul>\n<p>[\/et_pb_text][\/et_pb_column][et_pb_column type=\u00bb1_2&#8243; _builder_version=\u00bb4.16&#8243; global_colors_info=\u00bb{}\u00bb][et_pb_text ul_type=\u00bbcircle\u00bb _builder_version=\u00bb4.27.2&#8243; text_text_color=\u00bb#000000&#8243; text_font_size=\u00bb16px\u00bb text_line_height=\u00bb1.8em\u00bb link_font=\u00bb|700|||on||||\u00bb link_text_color=\u00bb#4D82C7&#8243; ul_font_size=\u00bb16px\u00bb ul_line_height=\u00bb2em\u00bb header_line_height=\u00bb1.1em\u00bb header_3_font=\u00bb|||on|||||\u00bb header_3_text_color=\u00bb#3A6071&#8243; header_3_font_size=\u00bb19px\u00bb header_3_line_height=\u00bb1.4em\u00bb custom_margin=\u00bb36px|||||\u00bb global_colors_info=\u00bb{}\u00bb]<\/p>\n<ul>\n<li><strong>Transformaci\u00f3n digital: <\/strong>Adapte su negocio al futuro con nuestra asistencia.<\/li>\n<li><strong>Consultor\u00eda Estrat\u00e9gica:<\/strong> Estrategias personalizadas que maximizan oportunidades digitales.<br \/><strong><\/strong><\/li>\n<li><strong>Implementaci\u00f3n Tecnol\u00f3gica:<\/strong> Automatizaci\u00f3n e integraci\u00f3n de tecnolog\u00edas emergentes.<br \/><strong><\/strong><\/li>\n<li><strong>Soporte y Capacitaci\u00f3n:<\/strong> Soporte t\u00e9cnico certificado y capacitaci\u00f3n continua para mantener a su equipo eficiente.<\/li>\n<\/ul>\n<p><a href=\"https:\/\/babel.team\/servicios\">Descarga nuestro Brochure de Servicios &gt;<\/a><\/p>\n<p>[\/et_pb_text][\/et_pb_column][\/et_pb_row][\/et_pb_section][et_pb_section fb_built=\u00bb1&#8243; _builder_version=\u00bb4.27.2&#8243; background_color=\u00bb#f9ffc6&#8243; use_background_color_gradient=\u00bbon\u00bb background_color_gradient_stops=\u00bb#000000 0%|#809ba5 100%\u00bb background_enable_pattern_style=\u00bbon\u00bb background_pattern_style=\u00bbtufted\u00bb background_pattern_color=\u00bbrgba(167,210,214,0.29)\u00bb custom_padding=\u00bb37px||49px|||\u00bb top_divider_height=\u00bb95px\u00bb da_disable_devices=\u00bboff|off|off\u00bb global_colors_info=\u00bb{}\u00bb da_is_popup=\u00bboff\u00bb da_exit_intent=\u00bboff\u00bb da_has_close=\u00bbon\u00bb da_alt_close=\u00bboff\u00bb da_dark_close=\u00bboff\u00bb da_not_modal=\u00bbon\u00bb da_is_singular=\u00bboff\u00bb da_with_loader=\u00bboff\u00bb da_has_shadow=\u00bbon\u00bb][et_pb_row _builder_version=\u00bb4.16&#8243; global_colors_info=\u00bb{}\u00bb][et_pb_column type=\u00bb4_4&#8243; _builder_version=\u00bb4.16&#8243; global_colors_info=\u00bb{}\u00bb][et_pb_text _builder_version=\u00bb4.27.2&#8243; text_text_color=\u00bb#FFFFFF\u00bb text_font_size=\u00bb19px\u00bb text_line_height=\u00bb1.8em\u00bb header_text_align=\u00bbleft\u00bb header_3_font=\u00bb|900|||||||\u00bb header_3_text_align=\u00bbcenter\u00bb header_3_text_color=\u00bb#FFFFFF\u00bb header_3_font_size=\u00bb40px\u00bb header_3_line_height=\u00bb1.3em\u00bb header_4_font=\u00bb||||||||\u00bb header_4_text_align=\u00bbcenter\u00bb header_4_text_color=\u00bb#90FFFD\u00bb header_4_line_height=\u00bb1.4em\u00bb custom_padding=\u00bb32px||9px|||\u00bb custom_padding_tablet=\u00bb\u00bb custom_padding_phone=\u00bb5px||9px||false|false\u00bb custom_padding_last_edited=\u00bbon|phone\u00bb header_3_text_align_tablet=\u00bb\u00bb header_3_text_align_phone=\u00bbcenter\u00bb header_3_text_align_last_edited=\u00bbon|phone\u00bb header_4_text_align_tablet=\u00bb\u00bb header_4_text_align_phone=\u00bbcenter\u00bb header_4_text_align_last_edited=\u00bbon|phone\u00bb global_colors_info=\u00bb{}\u00bb]<\/p>\n<h3 style=\"text-align: center;\">Innovaci\u00f3n en Acci\u00f3n<\/h3>\n<p style=\"text-align: center;\">Aplicamos metodolog\u00edas de innovaci\u00f3n inspiradas por l\u00edderes acad\u00e9micos, asegurando que nuestras soluciones funcionen en el mundo real. Estamos listos para enfrentar los desaf\u00edos del ma\u00f1ana, transformando c\u00f3mo las empresas operan y conectan con sus clientes.<\/p>\n<p style=\"text-align: center;\">\n<p style=\"text-align: center;\"><strong>Juntos, hacemos que el futuro suceda hoy.<\/strong><\/p>\n<p>[\/et_pb_text][et_pb_button button_url=\u00bbhttps:\/\/babel.team\/agendaesja\u00bb url_new_window=\u00bbon\u00bb button_text=\u00bbAgende aqu\u00ed con nuestro CEO para analizar su proyecto\u00bb button_alignment=\u00bbcenter\u00bb _builder_version=\u00bb4.27.4&#8243; custom_button=\u00bbon\u00bb button_text_size=\u00bb22px\u00bb button_text_color=\u00bb#3A6071&#8243; button_bg_color=\u00bb#90FFFD\u00bb button_border_width=\u00bb0px\u00bb button_border_color=\u00bb#7CDA24&#8243; button_font=\u00bb|900|||||||\u00bb button_use_icon=\u00bboff\u00bb hover_enabled=\u00bb0&#8243; button_text_size_tablet=\u00bb\u00bb button_text_size_phone=\u00bb21px\u00bb button_text_size_last_edited=\u00bbon|desktop\u00bb button_text_color_tablet=\u00bb\u00bb button_text_color_phone=\u00bb#FFFFFF\u00bb button_text_color_last_edited=\u00bbon|phone\u00bb button_bg_color_tablet=\u00bb\u00bb button_bg_color_phone=\u00bb#0c71c3&#8243; button_bg_color_last_edited=\u00bbon|phone\u00bb button_bg_enable_color_phone=\u00bbon\u00bb box_shadow_style=\u00bbpreset1&#8243; global_colors_info=\u00bb{}\u00bb sticky_enabled=\u00bb0&#8243;][\/et_pb_button][\/et_pb_column][\/et_pb_row][\/et_pb_section]<\/p>\n","protected":false},"excerpt":{"rendered":"<p>Quienes SomosBienvenidos a Babel-Team, su aliado en la transformaci\u00f3n digital inteligente. Desde nuestra fundaci\u00f3n en 2006 en Rio de Janeiro, hemos liderado la innovaci\u00f3n, ayudando a empresas de Am\u00e9rica Latina, Estados Unidos y Europa a reinventar sus modelos de negocio y aprovechar las oportunidades del mundo digital.Creemos que el futuro pertenece a quienes se atreven [&hellip;]<\/p>\n","protected":false},"author":1,"featured_media":0,"parent":0,"menu_order":0,"comment_status":"closed","ping_status":"closed","template":"","meta":{"_et_pb_use_builder":"on","_et_pb_old_content":"","_et_gb_content_width":""},"yoast_head":"<!-- This site is optimized with the Yoast SEO plugin v21.5 - https:\/\/yoast.com\/wordpress\/plugins\/seo\/ -->\n<title>Qui\u00e9nes Somos - Babel-Team<\/title>\n<meta name=\"robots\" content=\"index, follow, max-snippet:-1, max-image-preview:large, max-video-preview:-1\" \/>\n<link rel=\"canonical\" href=\"https:\/\/babelteam.com\/es\/quienes-somos\/\" \/>\n<meta property=\"og:locale\" content=\"es_ES\" \/>\n<meta property=\"og:type\" content=\"article\" \/>\n<meta property=\"og:title\" content=\"Qui\u00e9nes Somos - Babel-Team\" \/>\n<meta property=\"og:description\" content=\"Quienes SomosBienvenidos a Babel-Team, su aliado en la transformaci\u00f3n digital inteligente. Desde nuestra fundaci\u00f3n en 2006 en Rio de Janeiro, hemos liderado la innovaci\u00f3n, ayudando a empresas de Am\u00e9rica Latina, Estados Unidos y Europa a reinventar sus modelos de negocio y aprovechar las oportunidades del mundo digital.Creemos que el futuro pertenece a quienes se atreven [&hellip;]\" \/>\n<meta property=\"og:url\" content=\"https:\/\/babelteam.com\/es\/quienes-somos\/\" \/>\n<meta property=\"og:site_name\" content=\"Babel-Team\" \/>\n<meta property=\"article:modified_time\" content=\"2024-12-20T20:53:10+00:00\" \/>\n<meta name=\"twitter:card\" content=\"summary_large_image\" \/>\n<meta name=\"twitter:label1\" content=\"Tiempo de lectura\" \/>\n\t<meta name=\"twitter:data1\" content=\"8 minutos\" \/>\n<script type=\"application\/ld+json\" class=\"yoast-schema-graph\">{\"@context\":\"https:\/\/schema.org\",\"@graph\":[{\"@type\":\"WebPage\",\"@id\":\"https:\/\/babelteam.com\/es\/quienes-somos\/\",\"url\":\"https:\/\/babelteam.com\/es\/quienes-somos\/\",\"name\":\"Qui\u00e9nes Somos - Babel-Team\",\"isPartOf\":{\"@id\":\"https:\/\/babelteam.com\/es\/#website\"},\"datePublished\":\"2022-01-28T18:50:25+00:00\",\"dateModified\":\"2024-12-20T20:53:10+00:00\",\"breadcrumb\":{\"@id\":\"https:\/\/babelteam.com\/es\/quienes-somos\/#breadcrumb\"},\"inLanguage\":\"es\",\"potentialAction\":[{\"@type\":\"ReadAction\",\"target\":[\"https:\/\/babelteam.com\/es\/quienes-somos\/\"]}]},{\"@type\":\"BreadcrumbList\",\"@id\":\"https:\/\/babelteam.com\/es\/quienes-somos\/#breadcrumb\",\"itemListElement\":[{\"@type\":\"ListItem\",\"position\":1,\"name\":\"Portada\",\"item\":\"https:\/\/babelteam.com\/es\/\"},{\"@type\":\"ListItem\",\"position\":2,\"name\":\"Qui\u00e9nes Somos\"}]},{\"@type\":\"WebSite\",\"@id\":\"https:\/\/babelteam.com\/es\/#website\",\"url\":\"https:\/\/babelteam.com\/es\/\",\"name\":\"Babel-Team\",\"description\":\"Strategic Solutions for Digital Innovation\",\"potentialAction\":[{\"@type\":\"SearchAction\",\"target\":{\"@type\":\"EntryPoint\",\"urlTemplate\":\"https:\/\/babelteam.com\/es\/?s={search_term_string}\"},\"query-input\":\"required name=search_term_string\"}],\"inLanguage\":\"es\"}]}<\/script>\n<!-- \/ Yoast SEO plugin. -->","yoast_head_json":{"title":"Qui\u00e9nes Somos - Babel-Team","robots":{"index":"index","follow":"follow","max-snippet":"max-snippet:-1","max-image-preview":"max-image-preview:large","max-video-preview":"max-video-preview:-1"},"canonical":"https:\/\/babelteam.com\/es\/quienes-somos\/","og_locale":"es_ES","og_type":"article","og_title":"Qui\u00e9nes Somos - Babel-Team","og_description":"Quienes SomosBienvenidos a Babel-Team, su aliado en la transformaci\u00f3n digital inteligente. Desde nuestra fundaci\u00f3n en 2006 en Rio de Janeiro, hemos liderado la innovaci\u00f3n, ayudando a empresas de Am\u00e9rica Latina, Estados Unidos y Europa a reinventar sus modelos de negocio y aprovechar las oportunidades del mundo digital.Creemos que el futuro pertenece a quienes se atreven [&hellip;]","og_url":"https:\/\/babelteam.com\/es\/quienes-somos\/","og_site_name":"Babel-Team","article_modified_time":"2024-12-20T20:53:10+00:00","twitter_card":"summary_large_image","twitter_misc":{"Tiempo de lectura":"8 minutos"},"schema":{"@context":"https:\/\/schema.org","@graph":[{"@type":"WebPage","@id":"https:\/\/babelteam.com\/es\/quienes-somos\/","url":"https:\/\/babelteam.com\/es\/quienes-somos\/","name":"Qui\u00e9nes Somos - Babel-Team","isPartOf":{"@id":"https:\/\/babelteam.com\/es\/#website"},"datePublished":"2022-01-28T18:50:25+00:00","dateModified":"2024-12-20T20:53:10+00:00","breadcrumb":{"@id":"https:\/\/babelteam.com\/es\/quienes-somos\/#breadcrumb"},"inLanguage":"es","potentialAction":[{"@type":"ReadAction","target":["https:\/\/babelteam.com\/es\/quienes-somos\/"]}]},{"@type":"BreadcrumbList","@id":"https:\/\/babelteam.com\/es\/quienes-somos\/#breadcrumb","itemListElement":[{"@type":"ListItem","position":1,"name":"Portada","item":"https:\/\/babelteam.com\/es\/"},{"@type":"ListItem","position":2,"name":"Qui\u00e9nes Somos"}]},{"@type":"WebSite","@id":"https:\/\/babelteam.com\/es\/#website","url":"https:\/\/babelteam.com\/es\/","name":"Babel-Team","description":"Strategic Solutions for Digital Innovation","potentialAction":[{"@type":"SearchAction","target":{"@type":"EntryPoint","urlTemplate":"https:\/\/babelteam.com\/es\/?s={search_term_string}"},"query-input":"required name=search_term_string"}],"inLanguage":"es"}]}},"_links":{"self":[{"href":"https:\/\/babelteam.com\/es\/wp-json\/wp\/v2\/pages\/131"}],"collection":[{"href":"https:\/\/babelteam.com\/es\/wp-json\/wp\/v2\/pages"}],"about":[{"href":"https:\/\/babelteam.com\/es\/wp-json\/wp\/v2\/types\/page"}],"author":[{"embeddable":true,"href":"https:\/\/babelteam.com\/es\/wp-json\/wp\/v2\/users\/1"}],"replies":[{"embeddable":true,"href":"https:\/\/babelteam.com\/es\/wp-json\/wp\/v2\/comments?post=131"}],"version-history":[{"count":20,"href":"https:\/\/babelteam.com\/es\/wp-json\/wp\/v2\/pages\/131\/revisions"}],"predecessor-version":[{"id":4723,"href":"https:\/\/babelteam.com\/es\/wp-json\/wp\/v2\/pages\/131\/revisions\/4723"}],"wp:attachment":[{"href":"https:\/\/babelteam.com\/es\/wp-json\/wp\/v2\/media?parent=131"}],"curies":[{"name":"wp","href":"https:\/\/api.w.org\/{rel}","templated":true}]}}