{"id":3248,"date":"2023-10-23T17:18:59","date_gmt":"2023-10-23T20:18:59","guid":{"rendered":"https:\/\/babelteam.com\/es\/?page_id=3248"},"modified":"2023-10-23T17:39:52","modified_gmt":"2023-10-23T20:39:52","slug":"politica-de-privacidad","status":"publish","type":"page","link":"https:\/\/babelteam.com\/es\/politica-de-privacidad\/","title":{"rendered":"Pol\u00edtica de privacidad"},"content":{"rendered":"<p>[et_pb_section fb_built=\u00bb1&#8243; _builder_version=\u00bb4.16&#8243; da_disable_devices=\u00bboff|off|off\u00bb global_colors_info=\u00bb{}\u00bb da_is_popup=\u00bboff\u00bb da_exit_intent=\u00bboff\u00bb da_has_close=\u00bbon\u00bb da_alt_close=\u00bboff\u00bb da_dark_close=\u00bboff\u00bb da_not_modal=\u00bbon\u00bb da_is_singular=\u00bboff\u00bb da_with_loader=\u00bboff\u00bb da_has_shadow=\u00bbon\u00bb][et_pb_row _builder_version=\u00bb4.16&#8243; background_size=\u00bbinitial\u00bb background_position=\u00bbtop_left\u00bb background_repeat=\u00bbrepeat\u00bb global_colors_info=\u00bb{}\u00bb][et_pb_column type=\u00bb4_4&#8243; _builder_version=\u00bb4.16&#8243; custom_padding=\u00bb|||\u00bb global_colors_info=\u00bb{}\u00bb custom_padding__hover=\u00bb|||\u00bb][et_pb_text _builder_version=\u00bb4.23&#8243; _module_preset=\u00bbdefault\u00bb hover_enabled=\u00bb0&#8243; global_colors_info=\u00bb{}\u00bb sticky_enabled=\u00bb0&#8243;]<\/p>\n<h3><strong>Pol\u00edtica de privacidad<\/strong><\/h3>\n<p><strong>Lea atentamente la Pol\u00edtica de Privacidad practicada por Babel-Team LTDA y los sitios web relacionados con la marca Babel-Team<\/strong>.<\/p>\n<p>Su objetivo es explicarle c\u00f3mo garantizamos la protecci\u00f3n de sus datos de usuario, proporcionados al completar el registro en nuestros sitios web. Si tienes alguna duda, ponte en contacto con nosotros a trav\u00e9s del correo electr\u00f3nico contacto@babelteam.com y estaremos encantados de aclararla.<\/p>\n<p>Las reglas de nuestra Pol\u00edtica de Privacidad se aplican a todas las \u00e1reas del sitio web de Babel-Team LTDA. y sus sitios web relacionados, pero no se aplican a sitios web que puedan estar vinculados mediante enlaces al nuestro o a redes sociales. Debe consultar la pol\u00edtica de privacidad de cada sitio web o red por su seguridad.<\/p>\n<p><strong>Tr\u00e1fico de datos y confidencialidad de la informaci\u00f3n del Usuario<\/strong><\/p>\n<p>Para acceder a los servicios de Babel-Team LTDA, primero deber\u00e1 completar un registro en el sitio web, con sus datos personales. Este registro se almacena en nuestro servidor, de forma segura y confidencial, con acceso restringido a algunos miembros del equipo de Babel-Team LTDA.<\/p>\n<p>Garantizamos que bajo ninguna circunstancia esta informaci\u00f3n ser\u00e1 transferida o vendida a otras empresas, sean o no socias de Babel-Team LTDA. Tampoco hacemos p\u00fablica su informaci\u00f3n en el sitio web ni por ning\u00fan otro medio.<\/p>\n<p>Garantizamos que su correo electr\u00f3nico no se comparte con terceros bajo ninguna circunstancia.<\/p>\n<p>Le garantizamos que solo recibir\u00e1 mensajes de correo electr\u00f3nico relacionados con la tem\u00e1tica de la p\u00e1gina donde se registr\u00f3, actualizaciones, noticias del \u00e1rea, boletines electr\u00f3nicos de Babel-Team LTDA, informaci\u00f3n sobre los cursos, como fechas, horarios y clases importantes.<\/p>\n<p>Garantizamos que no proporcionamos informaci\u00f3n sobre sitios web alojados en nuestros servidores.<\/p>\n<p>S\u00f3lo revelamos los datos de nuestros clientes en caso de orden, solicitud o determinaci\u00f3n judicial, en cuyo caso intentaremos comunic\u00e1rselo previamente.<\/p>\n<p>Nos aseguramos de adoptar las mejores pr\u00e1cticas y las t\u00e9cnicas de seguridad y cifrado m\u00e1s actuales para prevenir o reducir la actividad delictiva en la red, protegiendo sus datos al extremo de posibles hackeos.<\/p>\n<p>Le garantizamos que cuando navega por nuestras p\u00e1ginas solo recopilamos informaci\u00f3n estad\u00edstica gen\u00e9rica, lo que nos ayuda a comprender qu\u00e9 p\u00e1ginas son m\u00e1s visitadas y el tiempo de visita de cada una, por ejemplo, para desarrollar un servicio cada vez mejor para usted.<\/p>\n<p>Garantizar su privacidad es m\u00e1s que un requisito legal, es nuestro principio. Si no est\u00e1 de acuerdo con ellos, no utilice Babel-Team LTDA ni sitios web con la marca Babel Team.<\/p>\n<p>Si tiene preguntas sobre nuestra Pol\u00edtica de Privacidad, env\u00ede un correo electr\u00f3nico a contato@babelteam.com<\/p>\n<p>\u00a9 2023 Babel-Team LTDA, (Brasil)<\/p>\n<p>&nbsp;<\/p>\n<p><span style=\"color: #ff0000;\"><strong>La duplicaci\u00f3n o publicaci\u00f3n no autorizada de cualquier material de este sitio est\u00e1 expresamente prohibida.<\/strong><\/span><\/p>\n<p>[\/et_pb_text][\/et_pb_column][\/et_pb_row][\/et_pb_section]<\/p>\n","protected":false},"excerpt":{"rendered":"<p>Pol\u00edtica de privacidad Lea atentamente la Pol\u00edtica de Privacidad practicada por Babel-Team LTDA y los sitios web relacionados con la marca Babel-Team. Su objetivo es explicarle c\u00f3mo garantizamos la protecci\u00f3n de sus datos de usuario, proporcionados al completar el registro en nuestros sitios web. Si tienes alguna duda, ponte en contacto con nosotros a trav\u00e9s [&hellip;]<\/p>\n","protected":false},"author":1,"featured_media":0,"parent":0,"menu_order":0,"comment_status":"closed","ping_status":"closed","template":"","meta":{"_et_pb_use_builder":"on","_et_pb_old_content":"<!-- wp:paragraph -->\n<p><strong>Lea atentamente la Pol\u00edtica de Privacidad practicada por Babel-Team LTDA y los sitios web relacionados con la marca Babel-Team<\/strong>.<\/p>\n<!-- \/wp:paragraph -->\n\n<!-- wp:paragraph -->\n<p>Su objetivo es explicarle c\u00f3mo garantizamos la protecci\u00f3n de sus datos de usuario, proporcionados al completar el registro en nuestros sitios web. Si tienes alguna duda, ponte en contacto con nosotros a trav\u00e9s del correo electr\u00f3nico contacto@babelteam.com y estaremos encantados de aclararla.<\/p>\n<!-- \/wp:paragraph -->\n\n<!-- wp:paragraph -->\n<p>Las reglas de nuestra Pol\u00edtica de Privacidad se aplican a todas las \u00e1reas del sitio web de Babel-Team LTDA. y sus sitios web relacionados, pero no se aplican a sitios web que puedan estar vinculados mediante enlaces al nuestro o a redes sociales. Debe consultar la pol\u00edtica de privacidad de cada sitio web o red por su seguridad.<\/p>\n<!-- \/wp:paragraph -->\n\n<!-- wp:paragraph -->\n<p><strong>Tr\u00e1fico de datos y confidencialidad de la informaci\u00f3n del Usuario<\/strong><\/p>\n<!-- \/wp:paragraph -->\n\n<!-- wp:paragraph -->\n<p>Para acceder a los servicios de Babel-Team LTDA, primero deber\u00e1 completar un registro en el sitio web, con sus datos personales. Este registro se almacena en nuestro servidor, de forma segura y confidencial, con acceso restringido a algunos miembros del equipo de Babel-Team LTDA.<\/p>\n<!-- \/wp:paragraph -->\n\n<!-- wp:paragraph -->\n<p>Garantizamos que bajo ninguna circunstancia esta informaci\u00f3n ser\u00e1 transferida o vendida a otras empresas, sean o no socias de Babel-Team LTDA. Tampoco hacemos p\u00fablica su informaci\u00f3n en el sitio web ni por ning\u00fan otro medio.<\/p>\n<!-- \/wp:paragraph -->\n\n<!-- wp:paragraph -->\n<p>Garantizamos que su correo electr\u00f3nico no se comparte con terceros bajo ninguna circunstancia.<\/p>\n<!-- \/wp:paragraph -->\n\n<!-- wp:paragraph -->\n<p>Le garantizamos que solo recibir\u00e1 mensajes de correo electr\u00f3nico relacionados con la tem\u00e1tica de la p\u00e1gina donde se registr\u00f3, actualizaciones, noticias del \u00e1rea, boletines electr\u00f3nicos de Babel-Team LTDA, informaci\u00f3n sobre los cursos, como fechas, horarios y clases importantes.<\/p>\n<!-- \/wp:paragraph -->\n\n<!-- wp:paragraph -->\n<p>Garantizamos que no proporcionamos informaci\u00f3n sobre sitios web alojados en nuestros servidores.<\/p>\n<!-- \/wp:paragraph -->\n\n<!-- wp:paragraph -->\n<p>S\u00f3lo revelamos los datos de nuestros clientes en caso de orden, solicitud o determinaci\u00f3n judicial, en cuyo caso intentaremos comunic\u00e1rselo previamente.<\/p>\n<!-- \/wp:paragraph -->\n\n<!-- wp:paragraph -->\n<p>Nos aseguramos de adoptar las mejores pr\u00e1cticas y las t\u00e9cnicas de seguridad y cifrado m\u00e1s actuales para prevenir o reducir la actividad delictiva en la red, protegiendo sus datos al extremo de posibles hackeos.<\/p>\n<!-- \/wp:paragraph -->\n\n<!-- wp:paragraph -->\n<p>Le garantizamos que cuando navega por nuestras p\u00e1ginas solo recopilamos informaci\u00f3n estad\u00edstica gen\u00e9rica, lo que nos ayuda a comprender qu\u00e9 p\u00e1ginas son m\u00e1s visitadas y el tiempo de visita de cada una, por ejemplo, para desarrollar un servicio cada vez mejor para usted.<\/p>\n<!-- \/wp:paragraph -->\n\n<!-- wp:paragraph -->\n<p>Garantizar su privacidad es m\u00e1s que un requisito legal, es nuestro principio. Si no est\u00e1 de acuerdo con ellos, no utilice Babel-Team LTDA ni sitios web con la marca Babel Team.<\/p>\n<!-- \/wp:paragraph -->\n\n<!-- wp:paragraph -->\n<p>Si tiene preguntas sobre nuestra Pol\u00edtica de Privacidad, env\u00ede un correo electr\u00f3nico a contato@babelteam.com<\/p>\n<!-- \/wp:paragraph -->\n\n<!-- wp:paragraph -->\n<p>\u00a9 2023 Babel-Team LTDA, (Brasil)<\/p>\n<!-- \/wp:paragraph -->\n\n<!-- wp:paragraph -->\n<p><strong>La duplicaci\u00f3n o publicaci\u00f3n no autorizada de cualquier material de este sitio est\u00e1 expresamente prohibida.<\/strong><\/p>\n<!-- \/wp:paragraph -->","_et_gb_content_width":""},"yoast_head":"<!-- This site is optimized with the Yoast SEO plugin v21.5 - https:\/\/yoast.com\/wordpress\/plugins\/seo\/ -->\n<title>Pol\u00edtica de privacidad - Babel-Team<\/title>\n<meta name=\"robots\" content=\"index, follow, max-snippet:-1, max-image-preview:large, max-video-preview:-1\" \/>\n<link rel=\"canonical\" href=\"https:\/\/babelteam.com\/es\/politica-de-privacidad\/\" \/>\n<meta property=\"og:locale\" content=\"es_ES\" \/>\n<meta property=\"og:type\" content=\"article\" \/>\n<meta property=\"og:title\" content=\"Pol\u00edtica de privacidad - Babel-Team\" \/>\n<meta property=\"og:description\" content=\"Pol\u00edtica de privacidad Lea atentamente la Pol\u00edtica de Privacidad practicada por Babel-Team LTDA y los sitios web relacionados con la marca Babel-Team. Su objetivo es explicarle c\u00f3mo garantizamos la protecci\u00f3n de sus datos de usuario, proporcionados al completar el registro en nuestros sitios web. Si tienes alguna duda, ponte en contacto con nosotros a trav\u00e9s [&hellip;]\" \/>\n<meta property=\"og:url\" content=\"https:\/\/babelteam.com\/es\/politica-de-privacidad\/\" \/>\n<meta property=\"og:site_name\" content=\"Babel-Team\" \/>\n<meta property=\"article:modified_time\" content=\"2023-10-23T20:39:52+00:00\" \/>\n<meta name=\"twitter:card\" content=\"summary_large_image\" \/>\n<meta name=\"twitter:label1\" content=\"Tiempo de lectura\" \/>\n\t<meta name=\"twitter:data1\" content=\"2 minutos\" \/>\n<script type=\"application\/ld+json\" class=\"yoast-schema-graph\">{\"@context\":\"https:\/\/schema.org\",\"@graph\":[{\"@type\":\"WebPage\",\"@id\":\"https:\/\/babelteam.com\/es\/politica-de-privacidad\/\",\"url\":\"https:\/\/babelteam.com\/es\/politica-de-privacidad\/\",\"name\":\"Pol\u00edtica de privacidad - Babel-Team\",\"isPartOf\":{\"@id\":\"https:\/\/babelteam.com\/es\/#website\"},\"datePublished\":\"2023-10-23T20:18:59+00:00\",\"dateModified\":\"2023-10-23T20:39:52+00:00\",\"breadcrumb\":{\"@id\":\"https:\/\/babelteam.com\/es\/politica-de-privacidad\/#breadcrumb\"},\"inLanguage\":\"es\",\"potentialAction\":[{\"@type\":\"ReadAction\",\"target\":[\"https:\/\/babelteam.com\/es\/politica-de-privacidad\/\"]}]},{\"@type\":\"BreadcrumbList\",\"@id\":\"https:\/\/babelteam.com\/es\/politica-de-privacidad\/#breadcrumb\",\"itemListElement\":[{\"@type\":\"ListItem\",\"position\":1,\"name\":\"Portada\",\"item\":\"https:\/\/babelteam.com\/es\/\"},{\"@type\":\"ListItem\",\"position\":2,\"name\":\"Pol\u00edtica de privacidad\"}]},{\"@type\":\"WebSite\",\"@id\":\"https:\/\/babelteam.com\/es\/#website\",\"url\":\"https:\/\/babelteam.com\/es\/\",\"name\":\"Babel-Team\",\"description\":\"Strategic Solutions for Digital Innovation\",\"potentialAction\":[{\"@type\":\"SearchAction\",\"target\":{\"@type\":\"EntryPoint\",\"urlTemplate\":\"https:\/\/babelteam.com\/es\/?s={search_term_string}\"},\"query-input\":\"required name=search_term_string\"}],\"inLanguage\":\"es\"}]}<\/script>\n<!-- \/ Yoast SEO plugin. -->","yoast_head_json":{"title":"Pol\u00edtica de privacidad - Babel-Team","robots":{"index":"index","follow":"follow","max-snippet":"max-snippet:-1","max-image-preview":"max-image-preview:large","max-video-preview":"max-video-preview:-1"},"canonical":"https:\/\/babelteam.com\/es\/politica-de-privacidad\/","og_locale":"es_ES","og_type":"article","og_title":"Pol\u00edtica de privacidad - Babel-Team","og_description":"Pol\u00edtica de privacidad Lea atentamente la Pol\u00edtica de Privacidad practicada por Babel-Team LTDA y los sitios web relacionados con la marca Babel-Team. Su objetivo es explicarle c\u00f3mo garantizamos la protecci\u00f3n de sus datos de usuario, proporcionados al completar el registro en nuestros sitios web. Si tienes alguna duda, ponte en contacto con nosotros a trav\u00e9s [&hellip;]","og_url":"https:\/\/babelteam.com\/es\/politica-de-privacidad\/","og_site_name":"Babel-Team","article_modified_time":"2023-10-23T20:39:52+00:00","twitter_card":"summary_large_image","twitter_misc":{"Tiempo de lectura":"2 minutos"},"schema":{"@context":"https:\/\/schema.org","@graph":[{"@type":"WebPage","@id":"https:\/\/babelteam.com\/es\/politica-de-privacidad\/","url":"https:\/\/babelteam.com\/es\/politica-de-privacidad\/","name":"Pol\u00edtica de privacidad - Babel-Team","isPartOf":{"@id":"https:\/\/babelteam.com\/es\/#website"},"datePublished":"2023-10-23T20:18:59+00:00","dateModified":"2023-10-23T20:39:52+00:00","breadcrumb":{"@id":"https:\/\/babelteam.com\/es\/politica-de-privacidad\/#breadcrumb"},"inLanguage":"es","potentialAction":[{"@type":"ReadAction","target":["https:\/\/babelteam.com\/es\/politica-de-privacidad\/"]}]},{"@type":"BreadcrumbList","@id":"https:\/\/babelteam.com\/es\/politica-de-privacidad\/#breadcrumb","itemListElement":[{"@type":"ListItem","position":1,"name":"Portada","item":"https:\/\/babelteam.com\/es\/"},{"@type":"ListItem","position":2,"name":"Pol\u00edtica de privacidad"}]},{"@type":"WebSite","@id":"https:\/\/babelteam.com\/es\/#website","url":"https:\/\/babelteam.com\/es\/","name":"Babel-Team","description":"Strategic Solutions for Digital Innovation","potentialAction":[{"@type":"SearchAction","target":{"@type":"EntryPoint","urlTemplate":"https:\/\/babelteam.com\/es\/?s={search_term_string}"},"query-input":"required name=search_term_string"}],"inLanguage":"es"}]}},"_links":{"self":[{"href":"https:\/\/babelteam.com\/es\/wp-json\/wp\/v2\/pages\/3248"}],"collection":[{"href":"https:\/\/babelteam.com\/es\/wp-json\/wp\/v2\/pages"}],"about":[{"href":"https:\/\/babelteam.com\/es\/wp-json\/wp\/v2\/types\/page"}],"author":[{"embeddable":true,"href":"https:\/\/babelteam.com\/es\/wp-json\/wp\/v2\/users\/1"}],"replies":[{"embeddable":true,"href":"https:\/\/babelteam.com\/es\/wp-json\/wp\/v2\/comments?post=3248"}],"version-history":[{"count":6,"href":"https:\/\/babelteam.com\/es\/wp-json\/wp\/v2\/pages\/3248\/revisions"}],"predecessor-version":[{"id":3256,"href":"https:\/\/babelteam.com\/es\/wp-json\/wp\/v2\/pages\/3248\/revisions\/3256"}],"wp:attachment":[{"href":"https:\/\/babelteam.com\/es\/wp-json\/wp\/v2\/media?parent=3248"}],"curies":[{"name":"wp","href":"https:\/\/api.w.org\/{rel}","templated":true}]}}