{"id":3023,"date":"2023-10-23T17:31:36","date_gmt":"2023-10-23T20:31:36","guid":{"rendered":"https:\/\/babelteam.com\/pt\/?page_id=3023"},"modified":"2023-10-23T17:31:37","modified_gmt":"2023-10-23T20:31:37","slug":"politica-de-privacidade","status":"publish","type":"page","link":"https:\/\/babelteam.com\/pt\/politica-de-privacidade\/","title":{"rendered":"Pol\u00edtica de Privacidade"},"content":{"rendered":"<p>[et_pb_section fb_built=&#8221;1&#8243; theme_builder_area=&#8221;post_content&#8221; _builder_version=&#8221;4.22.2&#8243; _module_preset=&#8221;default&#8221; da_is_popup=&#8221;off&#8221; da_exit_intent=&#8221;off&#8221; da_has_close=&#8221;on&#8221; da_alt_close=&#8221;off&#8221; da_dark_close=&#8221;off&#8221; da_not_modal=&#8221;on&#8221; da_is_singular=&#8221;off&#8221; da_with_loader=&#8221;off&#8221; da_has_shadow=&#8221;on&#8221; da_disable_devices=&#8221;off|off|off&#8221;][et_pb_row _builder_version=&#8221;4.22.2&#8243; _module_preset=&#8221;default&#8221; theme_builder_area=&#8221;post_content&#8221;][et_pb_column _builder_version=&#8221;4.22.2&#8243; _module_preset=&#8221;default&#8221; type=&#8221;4_4&#8243; theme_builder_area=&#8221;post_content&#8221;][et_pb_text _builder_version=&#8221;4.22.2&#8243; _module_preset=&#8221;default&#8221; theme_builder_area=&#8221;post_content&#8221; hover_enabled=&#8221;0&#8243; sticky_enabled=&#8221;0&#8243;]<\/p>\n<h3><strong>Pol\u00edtica de Privacidade<\/strong><\/h3>\n<p><strong>Leia atentamente a Pol\u00edtica de Privacidade praticada pela Babel-Team LTDA e os sites relacionados com a marca Babel-Team.<\/strong><\/p>\n<p>Ela tem por objetivo esclarecer a voc\u00ea como garantimos a prote\u00e7\u00e3o dos seus dados de usu\u00e1rio, fornecidos no preenchimento do cadastro em nossos sites. Caso tenha alguma d\u00favida, entre em contato pelo e-mail contato@babelteam.com e teremos prazer em esclarec\u00ea-la.<\/p>\n<p>As regras de nossa Pol\u00edtica de Privacidade se aplicam a todas as \u00e1reas do site de Babel-Team LTDA. e dos seus sites relacionados, mas n\u00e3o se aplicam a sites que por ventura estejam vinculados via links aos nossos nem \u00e0s redes sociais. Voc\u00ea deve consultar a pol\u00edtica de privacidade de cada site ou rede, para sua seguran\u00e7a.<\/p>\n<p><strong>Tr\u00e1fego de dados e confidencialidade das informa\u00e7\u00f5es de Usu\u00e1rio<\/strong><\/p>\n<p>Para ter acesso aos servi\u00e7os de Babel-Team LTDA, voc\u00ea precisa antes preencher um cadastro no site, com suas informa\u00e7\u00f5es pessoais. Este cadastro fica armazenado em nosso servidor, de maneira segura e confidencial, com acesso restrito a alguns integrantes da equipe de Babel-Team LTDA.<\/p>\n<p>Garantimos que em nenhuma hip\u00f3tese estas informa\u00e7\u00f5es s\u00e3o cedidas ou vendidas para outras empresas, parceiras ou n\u00e3o de Babel-Team LTDA. Tamb\u00e9m n\u00e3o tornamos p\u00fablicas suas informa\u00e7\u00f5es no site ou por qualquer outro meio.<\/p>\n<p>Garantimos que seu e-mail n\u00e3o \u00e9 compartilhado com terceiros, em nenhuma hip\u00f3tese.<\/p>\n<p>Garantimos que voc\u00ea s\u00f3 receber\u00e1 mensagens de e-mail relativas \u00e0 tem\u00e1tica da p\u00e1gina onde voc\u00ea se cadastrou, \u00e0s atualiza\u00e7\u00f5es, novidades da \u00e1rea, informativos eletr\u00f4nicos de Babel-Team LTDA, informa\u00e7\u00f5es sobre os cursos, como datas importantes, hor\u00e1rios e aulas.<\/p>\n<p>Garantimos que n\u00e3o fornecemos informa\u00e7\u00f5es sobre sites hospedados em nossos servidores.<\/p>\n<p>S\u00f3 revelamos dados de nossos clientes em caso de ordem, pedido ou determina\u00e7\u00e3o judicial, caso em que tentaremos avisar voc\u00ea antes.<\/p>\n<p>Garantimos que adotamos as melhores pr\u00e1ticas e t\u00e9cnicas mais atuais de seguran\u00e7a e criptografia para impedir ou reduzir a a\u00e7\u00e3o criminosa na rede, protegendo aos extremos seus dados da poss\u00edvel a\u00e7\u00e3o de hackers.<\/p>\n<p>Garantimos que quando voc\u00ea estiver navegando por nossas p\u00e1ginas somente coletamos informa\u00e7\u00e3o estat\u00edstica gen\u00e9rica, que nos ajudam a entender quais as p\u00e1ginas mais visitadas e o tempo de visita em cada uma, por exemplo, para desenvolver um servi\u00e7o cada vez melhor para voc\u00ea.<\/p>\n<p>Garantir sua privacidade \u00e9 mais do que um impositivo legal, \u00e9 nosso princ\u00edpio.<\/p>\n<p><strong>Antes de utilizar nossos servi\u00e7os, por favor, leia nossos Termos e Condi\u00e7\u00f5es de Uso. Caso n\u00e3o concorde com eles, n\u00e3o utilize Babel-Team LTDA nem os sites com a marca Babel Team.<\/strong><\/p>\n<p>Para perguntas sobre nossa Pol\u00edtica de Privacidade, envie um e-mail para\u00a0<a href=\"mailto:contato@babelteam.com\">contato@babelteam.com<\/a><\/p>\n<p>\u00a9 2023 Babel-Team LTDA, (Brasil)<\/p>\n<p><span style=\"color: #ff0000;\"><strong>Duplica\u00e7\u00e3o ou publica\u00e7\u00e3o n\u00e3o autorizada de qualquer material deste site est\u00e1 expressamente proibida<\/strong><\/span><\/p>\n<p>[\/et_pb_text][\/et_pb_column][\/et_pb_row][\/et_pb_section]<\/p>\n","protected":false},"excerpt":{"rendered":"<p>Pol\u00edtica de Privacidade Leia atentamente a Pol\u00edtica de Privacidade praticada pela Babel-Team LTDA e os sites relacionados com a marca Babel-Team. Ela tem por objetivo esclarecer a voc\u00ea como garantimos a prote\u00e7\u00e3o dos seus dados de usu\u00e1rio, fornecidos no preenchimento do cadastro em nossos sites. Caso tenha alguma d\u00favida, entre em contato pelo e-mail contato@babelteam.com [&hellip;]<\/p>\n","protected":false},"author":1,"featured_media":0,"parent":0,"menu_order":0,"comment_status":"closed","ping_status":"closed","template":"","meta":{"_et_pb_use_builder":"on","_et_pb_old_content":"","_et_gb_content_width":""},"yoast_head":"<!-- This site is optimized with the Yoast SEO plugin v20.12 - https:\/\/yoast.com\/wordpress\/plugins\/seo\/ -->\n<title>Pol\u00edtica de Privacidade - Babel-Team<\/title>\n<meta name=\"robots\" content=\"index, follow, max-snippet:-1, max-image-preview:large, max-video-preview:-1\" \/>\n<link rel=\"canonical\" href=\"https:\/\/babelteam.com\/pt\/politica-de-privacidade\/\" \/>\n<meta property=\"og:locale\" content=\"pt_BR\" \/>\n<meta property=\"og:type\" content=\"article\" \/>\n<meta property=\"og:title\" content=\"Pol\u00edtica de Privacidade - Babel-Team\" \/>\n<meta property=\"og:description\" content=\"Pol\u00edtica de Privacidade Leia atentamente a Pol\u00edtica de Privacidade praticada pela Babel-Team LTDA e os sites relacionados com a marca Babel-Team. Ela tem por objetivo esclarecer a voc\u00ea como garantimos a prote\u00e7\u00e3o dos seus dados de usu\u00e1rio, fornecidos no preenchimento do cadastro em nossos sites. Caso tenha alguma d\u00favida, entre em contato pelo e-mail contato@babelteam.com [&hellip;]\" \/>\n<meta property=\"og:url\" content=\"https:\/\/babelteam.com\/pt\/politica-de-privacidade\/\" \/>\n<meta property=\"og:site_name\" content=\"Babel-Team\" \/>\n<meta property=\"article:modified_time\" content=\"2023-10-23T20:31:37+00:00\" \/>\n<meta name=\"twitter:card\" content=\"summary_large_image\" \/>\n<script type=\"application\/ld+json\" class=\"yoast-schema-graph\">{\"@context\":\"https:\/\/schema.org\",\"@graph\":[{\"@type\":\"WebPage\",\"@id\":\"https:\/\/babelteam.com\/pt\/politica-de-privacidade\/\",\"url\":\"https:\/\/babelteam.com\/pt\/politica-de-privacidade\/\",\"name\":\"Pol\u00edtica de Privacidade - Babel-Team\",\"isPartOf\":{\"@id\":\"https:\/\/babelteam.com\/pt\/#website\"},\"datePublished\":\"2023-10-23T20:31:36+00:00\",\"dateModified\":\"2023-10-23T20:31:37+00:00\",\"breadcrumb\":{\"@id\":\"https:\/\/babelteam.com\/pt\/politica-de-privacidade\/#breadcrumb\"},\"inLanguage\":\"pt-BR\",\"potentialAction\":[{\"@type\":\"ReadAction\",\"target\":[\"https:\/\/babelteam.com\/pt\/politica-de-privacidade\/\"]}]},{\"@type\":\"BreadcrumbList\",\"@id\":\"https:\/\/babelteam.com\/pt\/politica-de-privacidade\/#breadcrumb\",\"itemListElement\":[{\"@type\":\"ListItem\",\"position\":1,\"name\":\"Portada\",\"item\":\"https:\/\/babelteam.com\/pt\/\"},{\"@type\":\"ListItem\",\"position\":2,\"name\":\"Pol\u00edtica de Privacidade\"}]},{\"@type\":\"WebSite\",\"@id\":\"https:\/\/babelteam.com\/pt\/#website\",\"url\":\"https:\/\/babelteam.com\/pt\/\",\"name\":\"Babel-Team\",\"description\":\"Strategic Solutions for Digital Innovation\",\"publisher\":{\"@id\":\"https:\/\/babelteam.com\/pt\/#organization\"},\"alternateName\":\"Babelteam\",\"potentialAction\":[{\"@type\":\"SearchAction\",\"target\":{\"@type\":\"EntryPoint\",\"urlTemplate\":\"https:\/\/babelteam.com\/pt\/?s={search_term_string}\"},\"query-input\":\"required name=search_term_string\"}],\"inLanguage\":\"pt-BR\"},{\"@type\":\"Organization\",\"@id\":\"https:\/\/babelteam.com\/pt\/#organization\",\"name\":\"Babel-Team\",\"alternateName\":\"Babel-Team E-Business, Cursos e Treinamentos Empresariais LTDA\",\"url\":\"https:\/\/babelteam.com\/pt\/\",\"logo\":{\"@type\":\"ImageObject\",\"inLanguage\":\"pt-BR\",\"@id\":\"https:\/\/babelteam.com\/pt\/#\/schema\/logo\/image\/\",\"url\":\"https:\/\/babelteam.com\/pt\/wp-content\/uploads\/2022\/07\/babelteam.jpg\",\"contentUrl\":\"https:\/\/babelteam.com\/pt\/wp-content\/uploads\/2022\/07\/babelteam.jpg\",\"width\":250,\"height\":71,\"caption\":\"Babel-Team\"},\"image\":{\"@id\":\"https:\/\/babelteam.com\/pt\/#\/schema\/logo\/image\/\"}}]}<\/script>\n<!-- \/ Yoast SEO plugin. -->","yoast_head_json":{"title":"Pol\u00edtica de Privacidade - Babel-Team","robots":{"index":"index","follow":"follow","max-snippet":"max-snippet:-1","max-image-preview":"max-image-preview:large","max-video-preview":"max-video-preview:-1"},"canonical":"https:\/\/babelteam.com\/pt\/politica-de-privacidade\/","og_locale":"pt_BR","og_type":"article","og_title":"Pol\u00edtica de Privacidade - Babel-Team","og_description":"Pol\u00edtica de Privacidade Leia atentamente a Pol\u00edtica de Privacidade praticada pela Babel-Team LTDA e os sites relacionados com a marca Babel-Team. Ela tem por objetivo esclarecer a voc\u00ea como garantimos a prote\u00e7\u00e3o dos seus dados de usu\u00e1rio, fornecidos no preenchimento do cadastro em nossos sites. Caso tenha alguma d\u00favida, entre em contato pelo e-mail contato@babelteam.com [&hellip;]","og_url":"https:\/\/babelteam.com\/pt\/politica-de-privacidade\/","og_site_name":"Babel-Team","article_modified_time":"2023-10-23T20:31:37+00:00","twitter_card":"summary_large_image","schema":{"@context":"https:\/\/schema.org","@graph":[{"@type":"WebPage","@id":"https:\/\/babelteam.com\/pt\/politica-de-privacidade\/","url":"https:\/\/babelteam.com\/pt\/politica-de-privacidade\/","name":"Pol\u00edtica de Privacidade - Babel-Team","isPartOf":{"@id":"https:\/\/babelteam.com\/pt\/#website"},"datePublished":"2023-10-23T20:31:36+00:00","dateModified":"2023-10-23T20:31:37+00:00","breadcrumb":{"@id":"https:\/\/babelteam.com\/pt\/politica-de-privacidade\/#breadcrumb"},"inLanguage":"pt-BR","potentialAction":[{"@type":"ReadAction","target":["https:\/\/babelteam.com\/pt\/politica-de-privacidade\/"]}]},{"@type":"BreadcrumbList","@id":"https:\/\/babelteam.com\/pt\/politica-de-privacidade\/#breadcrumb","itemListElement":[{"@type":"ListItem","position":1,"name":"Portada","item":"https:\/\/babelteam.com\/pt\/"},{"@type":"ListItem","position":2,"name":"Pol\u00edtica de Privacidade"}]},{"@type":"WebSite","@id":"https:\/\/babelteam.com\/pt\/#website","url":"https:\/\/babelteam.com\/pt\/","name":"Babel-Team","description":"Strategic Solutions for Digital Innovation","publisher":{"@id":"https:\/\/babelteam.com\/pt\/#organization"},"alternateName":"Babelteam","potentialAction":[{"@type":"SearchAction","target":{"@type":"EntryPoint","urlTemplate":"https:\/\/babelteam.com\/pt\/?s={search_term_string}"},"query-input":"required name=search_term_string"}],"inLanguage":"pt-BR"},{"@type":"Organization","@id":"https:\/\/babelteam.com\/pt\/#organization","name":"Babel-Team","alternateName":"Babel-Team E-Business, Cursos e Treinamentos Empresariais LTDA","url":"https:\/\/babelteam.com\/pt\/","logo":{"@type":"ImageObject","inLanguage":"pt-BR","@id":"https:\/\/babelteam.com\/pt\/#\/schema\/logo\/image\/","url":"https:\/\/babelteam.com\/pt\/wp-content\/uploads\/2022\/07\/babelteam.jpg","contentUrl":"https:\/\/babelteam.com\/pt\/wp-content\/uploads\/2022\/07\/babelteam.jpg","width":250,"height":71,"caption":"Babel-Team"},"image":{"@id":"https:\/\/babelteam.com\/pt\/#\/schema\/logo\/image\/"}}]}},"_links":{"self":[{"href":"https:\/\/babelteam.com\/pt\/wp-json\/wp\/v2\/pages\/3023"}],"collection":[{"href":"https:\/\/babelteam.com\/pt\/wp-json\/wp\/v2\/pages"}],"about":[{"href":"https:\/\/babelteam.com\/pt\/wp-json\/wp\/v2\/types\/page"}],"author":[{"embeddable":true,"href":"https:\/\/babelteam.com\/pt\/wp-json\/wp\/v2\/users\/1"}],"replies":[{"embeddable":true,"href":"https:\/\/babelteam.com\/pt\/wp-json\/wp\/v2\/comments?post=3023"}],"version-history":[{"count":3,"href":"https:\/\/babelteam.com\/pt\/wp-json\/wp\/v2\/pages\/3023\/revisions"}],"predecessor-version":[{"id":3027,"href":"https:\/\/babelteam.com\/pt\/wp-json\/wp\/v2\/pages\/3023\/revisions\/3027"}],"wp:attachment":[{"href":"https:\/\/babelteam.com\/pt\/wp-json\/wp\/v2\/media?parent=3023"}],"curies":[{"name":"wp","href":"https:\/\/api.w.org\/{rel}","templated":true}]}}