{"id":3143,"date":"2024-02-06T17:49:56","date_gmt":"2024-02-06T20:49:56","guid":{"rendered":"https:\/\/babelteam.com\/pt\/?page_id=3143"},"modified":"2024-02-06T17:50:31","modified_gmt":"2024-02-06T20:50:31","slug":"klipfolio-seguridade","status":"publish","type":"page","link":"https:\/\/babelteam.com\/pt\/klipfolio-seguridade\/","title":{"rendered":"Klipfolio Seguridade"},"content":{"rendered":"\n[et_pb_section fb_built=&#8221;1&#8243; _builder_version=&#8221;4.24.0&#8243; _module_preset=&#8221;default&#8221; da_disable_devices=&#8221;off|off|off&#8221; global_colors_info=&#8221;{}&#8221; theme_builder_area=&#8221;post_content&#8221; da_is_popup=&#8221;off&#8221; da_exit_intent=&#8221;off&#8221; da_has_close=&#8221;on&#8221; da_alt_close=&#8221;off&#8221; da_dark_close=&#8221;off&#8221; da_not_modal=&#8221;on&#8221; da_is_singular=&#8221;off&#8221; da_with_loader=&#8221;off&#8221; da_has_shadow=&#8221;on&#8221;][et_pb_row column_structure=&#8221;1_3,2_3&#8243; _builder_version=&#8221;4.24.0&#8243; _module_preset=&#8221;default&#8221; global_colors_info=&#8221;{}&#8221; theme_builder_area=&#8221;post_content&#8221;][et_pb_column type=&#8221;1_3&#8243; _builder_version=&#8221;4.24.0&#8243; _module_preset=&#8221;default&#8221; global_colors_info=&#8221;{}&#8221; theme_builder_area=&#8221;post_content&#8221;][et_pb_text _builder_version=&#8221;4.24.0&#8243; _module_preset=&#8221;default&#8221; text_text_color=&#8221;#000000&#8243; text_font_size=&#8221;17px&#8221; text_line_height=&#8221;1.9em&#8221; header_font=&#8221;|800|||||||&#8221; header_font_size=&#8221;45px&#8221; custom_padding=&#8221;69px|||||&#8221; global_colors_info=&#8221;{}&#8221; theme_builder_area=&#8221;post_content&#8221;]<h1>Seguran\u00e7a, privacidade <span style=\"color: #655cff;\">e acesso<\/span><\/h1>\n<p>Estamos profundamente preocupados com a disponibilidade, confidencialidade e integridade de seus dados. Sua confian\u00e7a cont\u00ednua em n\u00f3s \u00e9 nossa principal prioridade.<\/p>[\/et_pb_text][et_pb_button button_url=&#8221;https:\/\/babel.team\/klipfolio-pt&#8221; button_text=&#8221;Obtenha Klipfolio Gr\u00e1tis&#8221; _builder_version=&#8221;4.24.0&#8243; _module_preset=&#8221;default&#8221; custom_button=&#8221;on&#8221; button_bg_color=&#8221;#955bfe&#8221; button_border_radius=&#8221;17px&#8221; button_use_icon=&#8221;off&#8221; custom_margin=&#8221;||-1px|||&#8221; hover_enabled=&#8221;0&#8243; global_colors_info=&#8221;{}&#8221; theme_builder_area=&#8221;post_content&#8221; button_text_color=&#8221;#FFFFFF&#8221; sticky_enabled=&#8221;0&#8243;][\/et_pb_button][et_pb_text _builder_version=&#8221;4.24.0&#8243; _module_preset=&#8221;default&#8221; text_text_color=&#8221;#000000&#8243; text_font_size=&#8221;12px&#8221; hover_enabled=&#8221;0&#8243; global_colors_info=&#8221;{}&#8221; theme_builder_area=&#8221;post_content&#8221; sticky_enabled=&#8221;0&#8243;]<p>Por sempre gr\u00e1tis. N\u00e3o solicitamos sua carta de cr\u00e9dito<\/p>[\/et_pb_text][\/et_pb_column][et_pb_column type=&#8221;2_3&#8243; _builder_version=&#8221;4.24.0&#8243; _module_preset=&#8221;default&#8221; global_colors_info=&#8221;{}&#8221; theme_builder_area=&#8221;post_content&#8221;][et_pb_image src=&#8221;https:\/\/babelteam.com\/pt\/wp-content\/uploads\/2024\/02\/hero-security-privacy-jpg.webp&#8221; title_text=&#8221;hero-security-privacy&#8221; _builder_version=&#8221;4.24.0&#8243; _module_preset=&#8221;default&#8221; global_colors_info=&#8221;{}&#8221; theme_builder_area=&#8221;post_content&#8221;][\/et_pb_image][\/et_pb_column][\/et_pb_row][\/et_pb_section][et_pb_section fb_built=&#8221;1&#8243; _builder_version=&#8221;4.24.0&#8243; _module_preset=&#8221;default&#8221; da_disable_devices=&#8221;off|off|off&#8221; global_colors_info=&#8221;{}&#8221; theme_builder_area=&#8221;post_content&#8221; da_is_popup=&#8221;off&#8221; da_exit_intent=&#8221;off&#8221; da_has_close=&#8221;on&#8221; da_alt_close=&#8221;off&#8221; da_dark_close=&#8221;off&#8221; da_not_modal=&#8221;on&#8221; da_is_singular=&#8221;off&#8221; da_with_loader=&#8221;off&#8221; da_has_shadow=&#8221;on&#8221;][et_pb_row column_structure=&#8221;1_2,1_2&#8243; _builder_version=&#8221;4.24.0&#8243; _module_preset=&#8221;default&#8221; global_colors_info=&#8221;{}&#8221; theme_builder_area=&#8221;post_content&#8221;][et_pb_column type=&#8221;1_2&#8243; _builder_version=&#8221;4.24.0&#8243; _module_preset=&#8221;default&#8221; border_radii=&#8221;on|25px|25px|25px|25px&#8221; global_colors_info=&#8221;{}&#8221; theme_builder_area=&#8221;post_content&#8221;][et_pb_image src=&#8221;https:\/\/babelteam.com\/pt\/wp-content\/uploads\/2024\/02\/accessa.png&#8221; title_text=&#8221;accessa&#8221; align=&#8221;center&#8221; _builder_version=&#8221;4.24.0&#8243; _module_preset=&#8221;default&#8221; use_background_color_gradient=&#8221;on&#8221; background_color_gradient_stops=&#8221;#685cff 0%|#935cff 100%&#8221; custom_padding=&#8221;86px||80px|||&#8221; border_radii=&#8221;on|14px|14px|14px|14px&#8221; global_colors_info=&#8221;{}&#8221; theme_builder_area=&#8221;post_content&#8221;][\/et_pb_image][\/et_pb_column][et_pb_column type=&#8221;1_2&#8243; _builder_version=&#8221;4.24.0&#8243; _module_preset=&#8221;default&#8221; global_colors_info=&#8221;{}&#8221; theme_builder_area=&#8221;post_content&#8221;][et_pb_text ol_position=&#8221;outside&#8221; ol_item_indent=&#8221;40px&#8221; _builder_version=&#8221;4.24.0&#8243; _module_preset=&#8221;default&#8221; text_text_color=&#8221;#000000&#8243; text_font_size=&#8221;17px&#8221; ol_line_height=&#8221;1.6em&#8221; header_font=&#8221;|700|||||||&#8221; header_text_color=&#8221;#675cff&#8221; header_2_font=&#8221;|700|||||||&#8221; header_2_text_color=&#8221;#675cff&#8221; header_2_font_size=&#8221;33px&#8221; header_2_line_height=&#8221;1.5em&#8221; custom_padding=&#8221;0px|||||&#8221; global_colors_info=&#8221;{}&#8221; theme_builder_area=&#8221;post_content&#8221;]<h2>Acesso<\/h2>\n<p>Entendemos que os dados s\u00e3o informa\u00e7\u00f5es altamente confidenciais. Proporcionar o n\u00edvel de acesso adequado \u00e9 um componente cr\u00edtico do Klipfolio.<\/p>\n<p>&nbsp;<\/p>\n<ol>\n<li>Facilitamos a atribui\u00e7\u00e3o de direitos de acesso espec\u00edficos para agregar e administrar usu\u00e1rios, equipes, grupos e departamentos.<\/li>\n<li>Use o Klipfolio ID para registrar, iniciar a sess\u00e3o e controlar o acesso de forma segura e confi\u00e1vel com os principais provedores de identidade (iniciar sess\u00e3o com Google, Xero ou Intuit).<\/li>\n<li>Suporte para autentica\u00e7\u00e3o multifatorial (MFA) atrav\u00e9s de um aplicativo Authenticator ou confirma\u00e7\u00e3o de senha secund\u00e1ria gerada por correio eletr\u00f4nico.<\/li>\n<li>Suporte para in\u00edcio de sess\u00e3o \u00fanica (SSO) com qualquer provedor que admita SAML.<\/li>\n<li>Restringe o acesso especificando um \u00fanico endere\u00e7o IP ou uma faixa de endere\u00e7os IP.<\/li>\n<li>Registro de eventos detalhado para captura de autentica\u00e7\u00e3o, tentativas falhas de in\u00edcio de sess\u00e3o, cria\u00e7\u00e3o, elimina\u00e7\u00e3o e modifica\u00e7\u00e3o de ativos.<\/li>\n<\/ol>[\/et_pb_text][\/et_pb_column][\/et_pb_row][et_pb_row column_structure=&#8221;1_2,1_2&#8243; _builder_version=&#8221;4.24.0&#8243; _module_preset=&#8221;default&#8221; global_colors_info=&#8221;{}&#8221; theme_builder_area=&#8221;post_content&#8221;][et_pb_column type=&#8221;1_2&#8243; _builder_version=&#8221;4.24.0&#8243; _module_preset=&#8221;default&#8221; global_colors_info=&#8221;{}&#8221; theme_builder_area=&#8221;post_content&#8221;][et_pb_text ul_item_indent=&#8221;39px&#8221; ol_position=&#8221;outside&#8221; ol_item_indent=&#8221;40px&#8221; _builder_version=&#8221;4.24.0&#8243; _module_preset=&#8221;default&#8221; text_text_color=&#8221;#000000&#8243; text_font_size=&#8221;17px&#8221; ul_line_height=&#8221;1.8em&#8221; ol_line_height=&#8221;1.6em&#8221; header_font=&#8221;|700|||||||&#8221; header_text_color=&#8221;#675cff&#8221; header_2_font=&#8221;|700|||||||&#8221; header_2_text_color=&#8221;#675cff&#8221; header_2_font_size=&#8221;33px&#8221; header_2_line_height=&#8221;1.5em&#8221; custom_padding=&#8221;69px|||||&#8221; hover_enabled=&#8221;0&#8243; global_colors_info=&#8221;{}&#8221; theme_builder_area=&#8221;post_content&#8221; sticky_enabled=&#8221;0&#8243;]<h2>Privacidade<\/h2>\n<p>Tenhamos muito cuidado para proteger suas informa\u00e7\u00f5es pessoais que est\u00e3o sob nossa cust\u00f3dia ou controle.<br \/><br \/><\/p>\n<ul>\n<li>Utilizamos medidas padr\u00e3o da ind\u00fastria para proteger suas informa\u00e7\u00f5es pessoais contra pessoas perdidas ou rob\u00f3ticas, acesso n\u00e3o autorizado, divulga\u00e7\u00e3o, c\u00f3pia, uso ou modifica\u00e7\u00e3o.<\/li>\n<li>O Klipfolio segue as regras de cumprimento do GRPD, incluindo o armazenamento de dados apenas em pa\u00edses da UE ou permitido por uma decis\u00e3o de adequa\u00e7\u00e3o em virtude do Artigo 45.<\/li>\n<li>Em certos planos, s\u00e3o inclu\u00eddas avalia\u00e7\u00f5es peri\u00f3dicas de cumprimento de GRC.<\/li>\n<\/ul>\n<ol><\/ol>[\/et_pb_text][\/et_pb_column][et_pb_column type=&#8221;1_2&#8243; _builder_version=&#8221;4.24.0&#8243; _module_preset=&#8221;default&#8221; border_radii=&#8221;on|25px|25px|25px|25px&#8221; global_colors_info=&#8221;{}&#8221; theme_builder_area=&#8221;post_content&#8221;][et_pb_image src=&#8221;https:\/\/babelteam.com\/pt\/wp-content\/uploads\/2024\/02\/panel-privacy-v2.png&#8221; title_text=&#8221;panel-privacy-v2&#8243; align=&#8221;center&#8221; _builder_version=&#8221;4.24.0&#8243; _module_preset=&#8221;default&#8221; use_background_color_gradient=&#8221;on&#8221; background_color_gradient_stops=&#8221;#685cff 0%|#935cff 100%&#8221; custom_padding=&#8221;87px||26px|||&#8221; border_radii=&#8221;on|14px|14px|14px|14px&#8221; global_colors_info=&#8221;{}&#8221; theme_builder_area=&#8221;post_content&#8221;][\/et_pb_image][\/et_pb_column][\/et_pb_row][et_pb_row column_structure=&#8221;1_2,1_2&#8243; _builder_version=&#8221;4.24.0&#8243; _module_preset=&#8221;default&#8221; global_colors_info=&#8221;{}&#8221; theme_builder_area=&#8221;post_content&#8221;][et_pb_column type=&#8221;1_2&#8243; _builder_version=&#8221;4.24.0&#8243; _module_preset=&#8221;default&#8221; border_radii=&#8221;on|25px|25px|25px|25px&#8221; global_colors_info=&#8221;{}&#8221; theme_builder_area=&#8221;post_content&#8221;][et_pb_image src=&#8221;https:\/\/babelteam.com\/pt\/wp-content\/uploads\/2024\/02\/panel-security-alt-1.png&#8221; title_text=&#8221;panel-security-alt&#8221; align=&#8221;center&#8221; _builder_version=&#8221;4.24.0&#8243; _module_preset=&#8221;default&#8221; use_background_color_gradient=&#8221;on&#8221; background_color_gradient_stops=&#8221;#685cff 0%|#935cff 100%&#8221; custom_padding=&#8221;87px||26px|||&#8221; border_radii=&#8221;on|14px|14px|14px|14px&#8221; global_colors_info=&#8221;{}&#8221; theme_builder_area=&#8221;post_content&#8221;][\/et_pb_image][\/et_pb_column][et_pb_column type=&#8221;1_2&#8243; _builder_version=&#8221;4.24.0&#8243; _module_preset=&#8221;default&#8221; global_colors_info=&#8221;{}&#8221; theme_builder_area=&#8221;post_content&#8221;][et_pb_text ul_item_indent=&#8221;39px&#8221; ol_position=&#8221;outside&#8221; ol_item_indent=&#8221;40px&#8221; _builder_version=&#8221;4.24.0&#8243; _module_preset=&#8221;default&#8221; text_text_color=&#8221;#000000&#8243; text_font_size=&#8221;17px&#8221; ul_line_height=&#8221;1.8em&#8221; ol_line_height=&#8221;1.6em&#8221; header_font=&#8221;|700|||||||&#8221; header_text_color=&#8221;#675cff&#8221; header_2_font=&#8221;|700|||||||&#8221; header_2_text_color=&#8221;#675cff&#8221; header_2_font_size=&#8221;33px&#8221; header_2_line_height=&#8221;1.5em&#8221; custom_padding=&#8221;20px|||||&#8221; hover_enabled=&#8221;0&#8243; global_colors_info=&#8221;{}&#8221; theme_builder_area=&#8221;post_content&#8221; sticky_enabled=&#8221;0&#8243;]<h2>Seguran\u00e7a<\/h2>\n<p>Nossa equipe de seguran\u00e7a conta com m\u00faltiplas salvaguardas para proteger a confidencialidade e integridade de seus dados.<br \/><br \/><\/p>\n<ul>\n<li>Os dados foram respaldados v\u00e1rias vezes ao dia.<\/li>\n<li>Seus dados est\u00e3o cifrados tanto em repouso quanto em tr\u00e2nsito.<\/li>\n<li>Participamos de avalia\u00e7\u00f5es e gerenciamento de amea\u00e7as cont\u00ednuas, incluindo avalia\u00e7\u00f5es de vulnerabilidade de aplicativos, avalia\u00e7\u00f5es de vulnerabilidade de rede, testes de penetra\u00e7\u00e3o e revis\u00e3o e testes do marco de controle de seguran\u00e7a.<\/li>\n<li>O Klipfolio segue os controles padr\u00e3o da ind\u00fastria baseados no Framework NIST CSF.<\/li>\n<\/ul>[\/et_pb_text][\/et_pb_column][\/et_pb_row][\/et_pb_section][et_pb_section fb_built=&#8221;1&#8243; _builder_version=&#8221;4.24.0&#8243; _module_preset=&#8221;default&#8221; da_disable_devices=&#8221;off|off|off&#8221; global_colors_info=&#8221;{}&#8221; theme_builder_area=&#8221;post_content&#8221; da_is_popup=&#8221;off&#8221; da_exit_intent=&#8221;off&#8221; da_has_close=&#8221;on&#8221; da_alt_close=&#8221;off&#8221; da_dark_close=&#8221;off&#8221; da_not_modal=&#8221;on&#8221; da_is_singular=&#8221;off&#8221; da_with_loader=&#8221;off&#8221; da_has_shadow=&#8221;on&#8221;][et_pb_row _builder_version=&#8221;4.24.0&#8243; _module_preset=&#8221;default&#8221; background_image=&#8221;https:\/\/babelteam.com\/pt\/wp-content\/uploads\/2024\/02\/Captura-de-Tela-2024-02-06-as-3.50.11\u202fPM.png&#8221; custom_padding=&#8221;120px|100px|111px|100px|false|false&#8221; border_radii=&#8221;on|67px|67px|67px|67px&#8221; global_colors_info=&#8221;{}&#8221; theme_builder_area=&#8221;post_content&#8221;][et_pb_column type=&#8221;4_4&#8243; _builder_version=&#8221;4.24.0&#8243; _module_preset=&#8221;default&#8221; global_colors_info=&#8221;{}&#8221; theme_builder_area=&#8221;post_content&#8221;][et_pb_text ul_item_indent=&#8221;39px&#8221; ol_position=&#8221;outside&#8221; ol_item_indent=&#8221;40px&#8221; _builder_version=&#8221;4.24.0&#8243; _module_preset=&#8221;default&#8221; text_text_color=&#8221;#000000&#8243; text_font_size=&#8221;17px&#8221; ul_line_height=&#8221;1.8em&#8221; ol_line_height=&#8221;1.6em&#8221; header_font=&#8221;|700|||||||&#8221; header_text_color=&#8221;#675cff&#8221; header_2_font=&#8221;|700|||||||&#8221; header_2_text_color=&#8221;#675cff&#8221; header_2_font_size=&#8221;41px&#8221; header_2_line_height=&#8221;1.3em&#8221; custom_margin=&#8221;||2px|||&#8221; custom_padding=&#8221;20px|||||&#8221; global_colors_info=&#8221;{}&#8221; theme_builder_area=&#8221;post_content&#8221;]<h2><span style=\"color: #000000;\">Converta seus dados<\/span><br \/>e ideias<\/h2>[\/et_pb_text][et_pb_button button_url=&#8221;https:\/\/babel.team\/klipfolio-pt&#8221; button_text=&#8221;Obtenha Klipfolio Gr\u00e1tis&#8221; _builder_version=&#8221;4.24.0&#8243; _module_preset=&#8221;default&#8221; custom_button=&#8221;on&#8221; button_bg_color=&#8221;#955bfe&#8221; button_border_radius=&#8221;17px&#8221; button_use_icon=&#8221;off&#8221; custom_margin=&#8221;||-1px|||&#8221; hover_enabled=&#8221;0&#8243; global_colors_info=&#8221;{}&#8221; theme_builder_area=&#8221;post_content&#8221; sticky_enabled=&#8221;0&#8243; button_text_color=&#8221;#FFFFFF&#8221;][\/et_pb_button][et_pb_text _builder_version=&#8221;4.24.0&#8243; _module_preset=&#8221;default&#8221; text_text_color=&#8221;#000000&#8243; text_font_size=&#8221;12px&#8221; hover_enabled=&#8221;0&#8243; global_colors_info=&#8221;{}&#8221; theme_builder_area=&#8221;post_content&#8221; sticky_enabled=&#8221;0&#8243;]<p>Por sempre gr\u00e1tis. N\u00e3o solicitamos sua carta de cr\u00e9dito<\/p>[\/et_pb_text][\/et_pb_column][\/et_pb_row][\/et_pb_section]\n","protected":false},"excerpt":{"rendered":"<p>Seguran\u00e7a, privacidade e acesso Estamos profundamente preocupados com a disponibilidade, confidencialidade e integridade de seus dados. Sua confian\u00e7a cont\u00ednua em n\u00f3s \u00e9 nossa principal prioridade.Por sempre gr\u00e1tis. N\u00e3o solicitamos sua carta de cr\u00e9ditoAcesso Entendemos que os dados s\u00e3o informa\u00e7\u00f5es altamente confidenciais. Proporcionar o n\u00edvel de acesso adequado \u00e9 um componente cr\u00edtico do Klipfolio. &nbsp; Facilitamos [&hellip;]<\/p>\n","protected":false},"author":1,"featured_media":3135,"parent":0,"menu_order":0,"comment_status":"closed","ping_status":"closed","template":"","meta":{"_et_pb_use_builder":"on","_et_pb_old_content":"","_et_gb_content_width":""},"yoast_head":"<!-- This site is optimized with the Yoast SEO plugin v20.12 - https:\/\/yoast.com\/wordpress\/plugins\/seo\/ -->\n<title>Klipfolio Seguridade - Babel-Team<\/title>\n<meta name=\"robots\" content=\"index, follow, max-snippet:-1, max-image-preview:large, max-video-preview:-1\" \/>\n<link rel=\"canonical\" href=\"https:\/\/babelteam.com\/pt\/klipfolio-seguridade\/\" \/>\n<meta property=\"og:locale\" content=\"pt_BR\" \/>\n<meta property=\"og:type\" content=\"article\" \/>\n<meta property=\"og:title\" content=\"Klipfolio Seguridade - Babel-Team\" \/>\n<meta property=\"og:description\" content=\"Seguran\u00e7a, privacidade e acesso Estamos profundamente preocupados com a disponibilidade, confidencialidade e integridade de seus dados. Sua confian\u00e7a cont\u00ednua em n\u00f3s \u00e9 nossa principal prioridade.Por sempre gr\u00e1tis. N\u00e3o solicitamos sua carta de cr\u00e9ditoAcesso Entendemos que os dados s\u00e3o informa\u00e7\u00f5es altamente confidenciais. Proporcionar o n\u00edvel de acesso adequado \u00e9 um componente cr\u00edtico do Klipfolio. &nbsp; Facilitamos [&hellip;]\" \/>\n<meta property=\"og:url\" content=\"https:\/\/babelteam.com\/pt\/klipfolio-seguridade\/\" \/>\n<meta property=\"og:site_name\" content=\"Babel-Team\" \/>\n<meta property=\"article:modified_time\" content=\"2024-02-06T20:50:31+00:00\" \/>\n<meta property=\"og:image\" content=\"https:\/\/babelteam.com\/pt\/wp-content\/uploads\/2024\/02\/klipfolio.png\" \/>\n\t<meta property=\"og:image:width\" content=\"512\" \/>\n\t<meta property=\"og:image:height\" content=\"228\" \/>\n\t<meta property=\"og:image:type\" content=\"image\/png\" \/>\n<meta name=\"twitter:card\" content=\"summary_large_image\" \/>\n<meta name=\"twitter:label1\" content=\"Est. tempo de leitura\" \/>\n\t<meta name=\"twitter:data1\" content=\"4 minutos\" \/>\n<script type=\"application\/ld+json\" class=\"yoast-schema-graph\">{\"@context\":\"https:\/\/schema.org\",\"@graph\":[{\"@type\":\"WebPage\",\"@id\":\"https:\/\/babelteam.com\/pt\/klipfolio-seguridade\/\",\"url\":\"https:\/\/babelteam.com\/pt\/klipfolio-seguridade\/\",\"name\":\"Klipfolio Seguridade - Babel-Team\",\"isPartOf\":{\"@id\":\"https:\/\/babelteam.com\/pt\/#website\"},\"datePublished\":\"2024-02-06T20:49:56+00:00\",\"dateModified\":\"2024-02-06T20:50:31+00:00\",\"breadcrumb\":{\"@id\":\"https:\/\/babelteam.com\/pt\/klipfolio-seguridade\/#breadcrumb\"},\"inLanguage\":\"pt-BR\",\"potentialAction\":[{\"@type\":\"ReadAction\",\"target\":[\"https:\/\/babelteam.com\/pt\/klipfolio-seguridade\/\"]}]},{\"@type\":\"BreadcrumbList\",\"@id\":\"https:\/\/babelteam.com\/pt\/klipfolio-seguridade\/#breadcrumb\",\"itemListElement\":[{\"@type\":\"ListItem\",\"position\":1,\"name\":\"Portada\",\"item\":\"https:\/\/babelteam.com\/pt\/\"},{\"@type\":\"ListItem\",\"position\":2,\"name\":\"Klipfolio Seguridade\"}]},{\"@type\":\"WebSite\",\"@id\":\"https:\/\/babelteam.com\/pt\/#website\",\"url\":\"https:\/\/babelteam.com\/pt\/\",\"name\":\"Babel-Team\",\"description\":\"Strategic Solutions for Digital Innovation\",\"publisher\":{\"@id\":\"https:\/\/babelteam.com\/pt\/#organization\"},\"alternateName\":\"Babelteam\",\"potentialAction\":[{\"@type\":\"SearchAction\",\"target\":{\"@type\":\"EntryPoint\",\"urlTemplate\":\"https:\/\/babelteam.com\/pt\/?s={search_term_string}\"},\"query-input\":\"required name=search_term_string\"}],\"inLanguage\":\"pt-BR\"},{\"@type\":\"Organization\",\"@id\":\"https:\/\/babelteam.com\/pt\/#organization\",\"name\":\"Babel-Team\",\"alternateName\":\"Babel-Team E-Business, Cursos e Treinamentos Empresariais LTDA\",\"url\":\"https:\/\/babelteam.com\/pt\/\",\"logo\":{\"@type\":\"ImageObject\",\"inLanguage\":\"pt-BR\",\"@id\":\"https:\/\/babelteam.com\/pt\/#\/schema\/logo\/image\/\",\"url\":\"https:\/\/babelteam.com\/pt\/wp-content\/uploads\/2022\/07\/babelteam.jpg\",\"contentUrl\":\"https:\/\/babelteam.com\/pt\/wp-content\/uploads\/2022\/07\/babelteam.jpg\",\"width\":250,\"height\":71,\"caption\":\"Babel-Team\"},\"image\":{\"@id\":\"https:\/\/babelteam.com\/pt\/#\/schema\/logo\/image\/\"}}]}<\/script>\n<!-- \/ Yoast SEO plugin. -->","yoast_head_json":{"title":"Klipfolio Seguridade - Babel-Team","robots":{"index":"index","follow":"follow","max-snippet":"max-snippet:-1","max-image-preview":"max-image-preview:large","max-video-preview":"max-video-preview:-1"},"canonical":"https:\/\/babelteam.com\/pt\/klipfolio-seguridade\/","og_locale":"pt_BR","og_type":"article","og_title":"Klipfolio Seguridade - Babel-Team","og_description":"Seguran\u00e7a, privacidade e acesso Estamos profundamente preocupados com a disponibilidade, confidencialidade e integridade de seus dados. Sua confian\u00e7a cont\u00ednua em n\u00f3s \u00e9 nossa principal prioridade.Por sempre gr\u00e1tis. N\u00e3o solicitamos sua carta de cr\u00e9ditoAcesso Entendemos que os dados s\u00e3o informa\u00e7\u00f5es altamente confidenciais. Proporcionar o n\u00edvel de acesso adequado \u00e9 um componente cr\u00edtico do Klipfolio. &nbsp; Facilitamos [&hellip;]","og_url":"https:\/\/babelteam.com\/pt\/klipfolio-seguridade\/","og_site_name":"Babel-Team","article_modified_time":"2024-02-06T20:50:31+00:00","og_image":[{"width":512,"height":228,"url":"https:\/\/babelteam.com\/pt\/wp-content\/uploads\/2024\/02\/klipfolio.png","type":"image\/png"}],"twitter_card":"summary_large_image","twitter_misc":{"Est. tempo de leitura":"4 minutos"},"schema":{"@context":"https:\/\/schema.org","@graph":[{"@type":"WebPage","@id":"https:\/\/babelteam.com\/pt\/klipfolio-seguridade\/","url":"https:\/\/babelteam.com\/pt\/klipfolio-seguridade\/","name":"Klipfolio Seguridade - Babel-Team","isPartOf":{"@id":"https:\/\/babelteam.com\/pt\/#website"},"datePublished":"2024-02-06T20:49:56+00:00","dateModified":"2024-02-06T20:50:31+00:00","breadcrumb":{"@id":"https:\/\/babelteam.com\/pt\/klipfolio-seguridade\/#breadcrumb"},"inLanguage":"pt-BR","potentialAction":[{"@type":"ReadAction","target":["https:\/\/babelteam.com\/pt\/klipfolio-seguridade\/"]}]},{"@type":"BreadcrumbList","@id":"https:\/\/babelteam.com\/pt\/klipfolio-seguridade\/#breadcrumb","itemListElement":[{"@type":"ListItem","position":1,"name":"Portada","item":"https:\/\/babelteam.com\/pt\/"},{"@type":"ListItem","position":2,"name":"Klipfolio Seguridade"}]},{"@type":"WebSite","@id":"https:\/\/babelteam.com\/pt\/#website","url":"https:\/\/babelteam.com\/pt\/","name":"Babel-Team","description":"Strategic Solutions for Digital Innovation","publisher":{"@id":"https:\/\/babelteam.com\/pt\/#organization"},"alternateName":"Babelteam","potentialAction":[{"@type":"SearchAction","target":{"@type":"EntryPoint","urlTemplate":"https:\/\/babelteam.com\/pt\/?s={search_term_string}"},"query-input":"required name=search_term_string"}],"inLanguage":"pt-BR"},{"@type":"Organization","@id":"https:\/\/babelteam.com\/pt\/#organization","name":"Babel-Team","alternateName":"Babel-Team E-Business, Cursos e Treinamentos Empresariais LTDA","url":"https:\/\/babelteam.com\/pt\/","logo":{"@type":"ImageObject","inLanguage":"pt-BR","@id":"https:\/\/babelteam.com\/pt\/#\/schema\/logo\/image\/","url":"https:\/\/babelteam.com\/pt\/wp-content\/uploads\/2022\/07\/babelteam.jpg","contentUrl":"https:\/\/babelteam.com\/pt\/wp-content\/uploads\/2022\/07\/babelteam.jpg","width":250,"height":71,"caption":"Babel-Team"},"image":{"@id":"https:\/\/babelteam.com\/pt\/#\/schema\/logo\/image\/"}}]}},"_links":{"self":[{"href":"https:\/\/babelteam.com\/pt\/wp-json\/wp\/v2\/pages\/3143"}],"collection":[{"href":"https:\/\/babelteam.com\/pt\/wp-json\/wp\/v2\/pages"}],"about":[{"href":"https:\/\/babelteam.com\/pt\/wp-json\/wp\/v2\/types\/page"}],"author":[{"embeddable":true,"href":"https:\/\/babelteam.com\/pt\/wp-json\/wp\/v2\/users\/1"}],"replies":[{"embeddable":true,"href":"https:\/\/babelteam.com\/pt\/wp-json\/wp\/v2\/comments?post=3143"}],"version-history":[{"count":5,"href":"https:\/\/babelteam.com\/pt\/wp-json\/wp\/v2\/pages\/3143\/revisions"}],"predecessor-version":[{"id":3155,"href":"https:\/\/babelteam.com\/pt\/wp-json\/wp\/v2\/pages\/3143\/revisions\/3155"}],"wp:featuredmedia":[{"embeddable":true,"href":"https:\/\/babelteam.com\/pt\/wp-json\/wp\/v2\/media\/3135"}],"wp:attachment":[{"href":"https:\/\/babelteam.com\/pt\/wp-json\/wp\/v2\/media?parent=3143"}],"curies":[{"name":"wp","href":"https:\/\/api.w.org\/{rel}","templated":true}]}}