{"id":352,"date":"2022-03-30T14:47:26","date_gmt":"2022-03-30T14:47:26","guid":{"rendered":"https:\/\/babelteam.com\/pt\/?page_id=352"},"modified":"2022-06-15T16:37:22","modified_gmt":"2022-06-15T16:37:22","slug":"o-que-e-customer-success","status":"publish","type":"page","link":"https:\/\/babelteam.com\/pt\/o-que-e-customer-success\/","title":{"rendered":"O que \u00e9 Customer Success?"},"content":{"rendered":"\n[et_pb_section fb_built=&#8221;1&#8243; _builder_version=&#8221;4.16&#8243; _module_preset=&#8221;default&#8221; background_enable_color=&#8221;off&#8221; background_image=&#8221;https:\/\/babelteam.com\/pt\/wp-content\/uploads\/2022\/01\/digital-imnovation-babelteam-background.jpg&#8221; background_size=&#8221;contain&#8221; background_position=&#8221;top_left&#8221; custom_padding=&#8221;34px||0px|||&#8221; bottom_divider_style=&#8221;waves2&#8243; bottom_divider_color=&#8221;rgba(185,185,184,0.17)&#8221; global_colors_info=&#8221;{}&#8221; da_is_popup=&#8221;off&#8221; da_exit_intent=&#8221;off&#8221; da_has_close=&#8221;on&#8221; da_alt_close=&#8221;off&#8221; da_dark_close=&#8221;off&#8221; da_not_modal=&#8221;on&#8221; da_is_singular=&#8221;off&#8221; da_with_loader=&#8221;off&#8221; da_has_shadow=&#8221;on&#8221; da_disable_devices=&#8221;off|off|off&#8221;][et_pb_row column_structure=&#8221;1_2,1_2&#8243; _builder_version=&#8221;4.16&#8243; _module_preset=&#8221;default&#8221; global_colors_info=&#8221;{}&#8221;][et_pb_column type=&#8221;1_2&#8243; _builder_version=&#8221;4.16&#8243; _module_preset=&#8221;default&#8221; global_colors_info=&#8221;{}&#8221;][et_pb_text _builder_version=&#8221;4.17.4&#8243; _module_preset=&#8221;default&#8221; header_3_font=&#8221;||on||||||&#8221; header_3_text_color=&#8221;#809BA5&#8243; header_3_font_size=&#8221;27px&#8221; custom_margin=&#8221;||4px|||&#8221; hover_enabled=&#8221;0&#8243; global_colors_info=&#8221;{}&#8221; sticky_enabled=&#8221;0&#8243;]<h3>O que \u00e9&#8230;<\/h3>[\/et_pb_text][et_pb_text _builder_version=&#8221;4.16.1&#8243; _module_preset=&#8221;default&#8221; header_font=&#8221;|800|||||||&#8221; header_text_color=&#8221;#3A6071&#8243; header_font_size=&#8221;42px&#8221; custom_margin=&#8221;||||false|false&#8221; global_colors_info=&#8221;{}&#8221;]<h1>Customer Success?<\/h1>[\/et_pb_text][et_pb_text ul_item_indent=&#8221;40px&#8221; ol_item_indent=&#8221;30px&#8221; _builder_version=&#8221;4.17.4&#8243; _module_preset=&#8221;default&#8221; text_text_color=&#8221;#000000&#8243; header_2_text_color=&#8221;#3A6071&#8243; header_2_font_size=&#8221;20px&#8221; header_2_line_height=&#8221;1.4em&#8221; header_3_text_color=&#8221;#809BA5&#8243; header_3_font_size=&#8221;19px&#8221; text_orientation=&#8221;justified&#8221; width_tablet=&#8221;&#8221; width_phone=&#8221;&#8221; width_last_edited=&#8221;on|desktop&#8221; module_alignment=&#8221;center&#8221; global_colors_info=&#8221;{}&#8221; width__hover_enabled=&#8221;on|desktop&#8221;]<h2><strong>Customer Success<\/strong> \u00e9 uma estrat\u00e9gia que surgiu nas empresas de SaaS (Software as a Service) para manter seus clientes por mais tempo e, consequentemente, obter mais receita. As empresas que alcan\u00e7am receitas mais altas e crescem rapidamente t\u00eam comprovadamente fortes estrat\u00e9gias de <strong>sucesso do cliente.<\/strong><\/h2>[\/et_pb_text][\/et_pb_column][et_pb_column type=&#8221;1_2&#8243; _builder_version=&#8221;4.16&#8243; _module_preset=&#8221;default&#8221; global_colors_info=&#8221;{}&#8221;][et_pb_image src=&#8221;https:\/\/babelteam.com\/pt\/wp-content\/uploads\/2022\/03\/customer-success.gif&#8221; alt=&#8221;Qu\u00e9 es Customer Success?  Freshdesk&#8221; title_text=&#8221;Qu\u00e9 es Customer Success?  Freshdesk&#8221; _builder_version=&#8221;4.16.1&#8243; _module_preset=&#8221;default&#8221; global_colors_info=&#8221;{}&#8221;][\/et_pb_image][\/et_pb_column][\/et_pb_row][\/et_pb_section][et_pb_section fb_built=&#8221;1&#8243; _builder_version=&#8221;4.16&#8243; _module_preset=&#8221;default&#8221; background_image=&#8221;https:\/\/babelteam.com\/pt\/wp-content\/uploads\/2022\/01\/digital-imnovation-babelteam-background.jpg&#8221; background_size=&#8221;initial&#8221; background_position=&#8221;center_right&#8221; custom_padding=&#8221;19px||0px|||&#8221; global_colors_info=&#8221;{}&#8221; da_is_popup=&#8221;off&#8221; da_exit_intent=&#8221;off&#8221; da_has_close=&#8221;on&#8221; da_alt_close=&#8221;off&#8221; da_dark_close=&#8221;off&#8221; da_not_modal=&#8221;on&#8221; da_is_singular=&#8221;off&#8221; da_with_loader=&#8221;off&#8221; da_has_shadow=&#8221;on&#8221; da_disable_devices=&#8221;off|off|off&#8221;][et_pb_row _builder_version=&#8221;4.16&#8243; _module_preset=&#8221;default&#8221; global_colors_info=&#8221;{}&#8221;][et_pb_column type=&#8221;4_4&#8243; _builder_version=&#8221;4.16&#8243; _module_preset=&#8221;default&#8221; global_colors_info=&#8221;{}&#8221;][et_pb_text ul_item_indent=&#8221;40px&#8221; ol_item_indent=&#8221;30px&#8221; _builder_version=&#8221;4.17.4&#8243; _module_preset=&#8221;default&#8221; text_text_color=&#8221;#000000&#8243; header_2_text_color=&#8221;#3A6071&#8243; header_2_font_size=&#8221;22px&#8221; header_2_line_height=&#8221;1.5em&#8221; header_3_text_color=&#8221;#809BA5&#8243; header_3_font_size=&#8221;19px&#8221; text_orientation=&#8221;justified&#8221; hover_enabled=&#8221;0&#8243; global_colors_info=&#8221;{}&#8221; sticky_enabled=&#8221;0&#8243;]<h2><strong>Para que se usa o Customer Success?<\/strong><\/h2>\n<p>\u00c9 muito comum, principalmente quando uma empresa entra em contato com o conceito de <strong>Customer Success<\/strong> pela primeira vez, confundi-lo com atendimento ao cliente ou atendimento ao cliente.<\/p>\n<p>No entanto, desde o in\u00edcio gostar\u00edamos de deixar claro que o <strong>Sucesso do Cliente n\u00e3o \u00e9 o mesmo que ter sucesso no atendimento ao cliente.<\/strong><\/p>\n<p>Embora este seja um erro comum, deve ser esclarecido desde o in\u00edcio para evitar que a empresa desenvolva uma estrat\u00e9gia com o foco errado.<\/p>\n<p>Por exemplo, ter um cliente participando de todas as reuni\u00f5es, aprender a usar seu produto, entender seus processos e n\u00e3o sobrecarregar seu suporte t\u00e9cnico pode parecer um bom sinal, mas isso n\u00e3o significa que voc\u00ea est\u00e1 indo bem em rela\u00e7\u00e3o aos seus objetivos.<\/p>[\/et_pb_text][et_pb_text ul_item_indent=&#8221;40px&#8221; ol_item_indent=&#8221;30px&#8221; _builder_version=&#8221;4.17.4&#8243; _module_preset=&#8221;default&#8221; text_text_color=&#8221;#000000&#8243; header_2_text_color=&#8221;#3A6071&#8243; header_2_font_size=&#8221;22px&#8221; header_2_line_height=&#8221;1.5em&#8221; header_3_text_color=&#8221;#809BA5&#8243; header_3_font_size=&#8221;19px&#8221; text_orientation=&#8221;justified&#8221; module_alignment=&#8221;center&#8221; custom_padding=&#8221;|||0px||&#8221; hover_enabled=&#8221;0&#8243; global_colors_info=&#8221;{}&#8221; sticky_enabled=&#8221;0&#8243;]<h2><strong>Que problemas podem ser resolvidos?<\/strong><\/h2>\n<ul>\n\t<li><strong>Entregue valor:\n<\/strong>No onboarding \u00e9 necess\u00e1rio eliminar todos os atritos t\u00e9cnicos e culturais que o cliente possa ter com a sua solu\u00e7\u00e3o. Por isso, \u00e9 fundamental que ela tenha um processo de treinamento orientado para orientar o cliente em dire\u00e7\u00e3o ao primeiro valor.<\/li>\n\t<li><strong>Envolva os clientes:<\/strong>\nO p\u00f3s-onboarding \u00e9 uma etapa essencial no processo de envolvimento do cliente em seu pr\u00f3prio sucesso, pois \u00e9 quando ele come\u00e7a a esperar os resultados prometidos pelos vendedores.<\/li>\n\t<li>Aumente o LTV (Valor do Cliente)<\/li>\n\t<li>Reter clientes:\nPara falar sobre reten\u00e7\u00e3o, \u00e9 importante abordar dois conceitos que est\u00e3o intimamente relacionados a ela: Resultado Desejado e Intera\u00e7\u00f5es com sua empresa.\n<ol>\n\t<li><strong>Resultado desejado:<\/strong> Conhecer o resultado final desejado pelo cliente e poder desenvolv\u00ea-lo \u00e9 o que far\u00e1 com que seu cliente enxergue valor no seu atendimento e na sua solu\u00e7\u00e3o.<\/li>\n\t<li><strong>Intera\u00e7\u00e3o com sua empresa:<\/strong> Tenha em mente que os clientes alcan\u00e7am os resultados desejados por causa de suas intera\u00e7\u00f5es com sua empresa, n\u00e3o apenas por meio de sua solu\u00e7\u00e3o.<\/li>\n<\/ol>\n<\/li>\n<\/ul>\nPortanto, seu foco deve estar no sucesso dessas intera\u00e7\u00f5es. Nesse sentido, o CSM desempenha um papel ativo nessas intera\u00e7\u00f5es e n\u00e3o pode permitir que os clientes tenham uma experi\u00eancia ruim com a empresa.[\/et_pb_text][\/et_pb_column][\/et_pb_row][\/et_pb_section][et_pb_section fb_built=&#8221;1&#8243; _builder_version=&#8221;4.16&#8243; _module_preset=&#8221;default&#8221; background_color=&#8221;rgba(40,237,233,0.31)&#8221; use_background_color_gradient=&#8221;on&#8221; background_color_gradient_stops=&#8221;#ffffff 0%|#28ede9 100%&#8221; background_color_gradient_start=&#8221;#ffffff&#8221; background_color_gradient_end=&#8221;#28ede9&#8243; background_enable_image=&#8221;off&#8221; background_size=&#8221;initial&#8221; background_position=&#8221;center_right&#8221; custom_padding=&#8221;19px|||||&#8221; top_divider_color=&#8221;rgba(185,185,184,0.14)&#8221; top_divider_height=&#8221;265px&#8221; global_colors_info=&#8221;{}&#8221; da_is_popup=&#8221;off&#8221; da_exit_intent=&#8221;off&#8221; da_has_close=&#8221;on&#8221; da_alt_close=&#8221;off&#8221; da_dark_close=&#8221;off&#8221; da_not_modal=&#8221;on&#8221; da_is_singular=&#8221;off&#8221; da_with_loader=&#8221;off&#8221; da_has_shadow=&#8221;on&#8221; da_disable_devices=&#8221;off|off|off&#8221;][et_pb_row _builder_version=&#8221;4.16&#8243; _module_preset=&#8221;default&#8221; custom_padding=&#8221;25px|||||&#8221; global_colors_info=&#8221;{}&#8221;][et_pb_column type=&#8221;4_4&#8243; _builder_version=&#8221;4.16&#8243; _module_preset=&#8221;default&#8221; global_colors_info=&#8221;{}&#8221;][et_pb_text ul_item_indent=&#8221;40px&#8221; ol_item_indent=&#8221;30px&#8221; _builder_version=&#8221;4.17.4&#8243; _module_preset=&#8221;default&#8221; text_text_color=&#8221;#000000&#8243; header_text_color=&#8221;#3A6071&#8243; header_2_font=&#8221;|800|||||||&#8221; header_2_text_color=&#8221;#3A6071&#8243; header_2_font_size=&#8221;30px&#8221; header_2_line_height=&#8221;1.5em&#8221; header_3_font_size=&#8221;18px&#8221; header_3_line_height=&#8221;1.5em&#8221; text_orientation=&#8221;justified&#8221; width=&#8221;80%&#8221; module_alignment=&#8221;center&#8221; custom_padding=&#8221;||0px|0px||&#8221; global_colors_info=&#8221;{}&#8221;]<h2 style=\"text-align: center;\">Conhe\u00e7a a ferramenta que ajudar\u00e1 voc\u00ea a melhorar o Customer Success da sua empresa<\/h2>[\/et_pb_text][et_pb_text _builder_version=&#8221;4.16.1&#8243; _module_preset=&#8221;default&#8221; text_orientation=&#8221;center&#8221; link_option_url=&#8221;https:\/\/babelteam.com\/pt\/herramientas\/freshworks\/freshdesk-customer-success\/&#8221; global_colors_info=&#8221;{}&#8221;]<h3><strong><img decoding=\"async\" loading=\"lazy\" src=\"https:\/\/babelteam.com\/pt\/wp-content\/uploads\/2022\/03\/freshdesk-customer-success-1-150x150.png\" width=\"24\" height=\"24\" alt=\"\" class=\"wp-image-513 alignnone size-thumbnail\" srcset=\"https:\/\/babelteam.com\/pt\/wp-content\/uploads\/2022\/03\/freshdesk-customer-success-1-150x150.png 150w, https:\/\/babelteam.com\/pt\/wp-content\/uploads\/2022\/03\/freshdesk-customer-success-1.png 300w\" sizes=\"(max-width: 24px) 100vw, 24px\" \/><span>\u00a0<\/span>Fheshdesk | Customer Success<\/strong><\/h3>[\/et_pb_text][et_pb_image src=&#8221;https:\/\/babelteam.com\/pt\/wp-content\/uploads\/2022\/03\/Equipe-Freshworks.gif&#8221; alt=&#8221;Freshdesk. Customer Success Especialistas&#8221; title_text=&#8221;Freshdesk. Customer Success Especialistas&#8221; align=&#8221;center&#8221; _builder_version=&#8221;4.16.1&#8243; _module_preset=&#8221;default&#8221; width=&#8221;29%&#8221; global_colors_info=&#8221;{}&#8221;][\/et_pb_image][et_pb_button button_url=&#8221;https:\/\/babel.team\/agendafabio&#8221; url_new_window=&#8221;on&#8221; button_text=&#8221;Agende uma reuni\u00e3o com nossos Especialistas&#8221; button_alignment=&#8221;center&#8221; _builder_version=&#8221;4.17.4&#8243; _module_preset=&#8221;default&#8221; custom_button=&#8221;on&#8221; button_text_size=&#8221;27px&#8221; button_text_color=&#8221;#FFFFFF&#8221; button_bg_color=&#8221;#3A6071&#8243; button_border_width=&#8221;0px&#8221; button_border_radius=&#8221;0px&#8221; button_font=&#8221;|800|||||||&#8221; button_use_icon=&#8221;off&#8221; custom_margin=&#8221;||6px|||&#8221; hover_enabled=&#8221;0&#8243; box_shadow_style=&#8221;preset2&#8243; global_colors_info=&#8221;{}&#8221; button_bg_color__hover_enabled=&#8221;on|desktop&#8221; button_bg_color__hover=&#8221;#809BA5&#8243; button_bg_enable_color__hover=&#8221;on&#8221; sticky_enabled=&#8221;0&#8243;][\/et_pb_button][et_pb_text _builder_version=&#8221;4.17.4&#8243; _module_preset=&#8221;default&#8221; text_text_color=&#8221;#000000&#8243; text_orientation=&#8221;center&#8221; hover_enabled=&#8221;0&#8243; global_colors_info=&#8221;{}&#8221; sticky_enabled=&#8221;0&#8243;]Sem custo e sem compromisso de compra\n[\/et_pb_text][\/et_pb_column][\/et_pb_row][\/et_pb_section]\n","protected":false},"excerpt":{"rendered":"<p>O que \u00e9&#8230;Customer Success?Customer Success \u00e9 uma estrat\u00e9gia que surgiu nas empresas de SaaS (Software as a Service) para manter seus clientes por mais tempo e, consequentemente, obter mais receita. As empresas que alcan\u00e7am receitas mais altas e crescem rapidamente t\u00eam comprovadamente fortes estrat\u00e9gias de sucesso do cliente.Para que se usa o Customer Success? \u00c9 [&hellip;]<\/p>\n","protected":false},"author":1,"featured_media":362,"parent":0,"menu_order":0,"comment_status":"closed","ping_status":"closed","template":"","meta":{"_et_pb_use_builder":"on","_et_pb_old_content":"","_et_gb_content_width":""},"yoast_head":"<!-- This site is optimized with the Yoast SEO plugin v20.12 - https:\/\/yoast.com\/wordpress\/plugins\/seo\/ -->\n<title>O que \u00e9 Customer Success? - Babel-Team<\/title>\n<meta name=\"description\" content=\"Customer Success es una estrategia que surgi\u00f3 en las empresas de SaaS (Software como Servicio) para mantener a sus clientes por m\u00e1s tiempo y, por lo tanto, obtener m\u00e1s ingresos.\" \/>\n<meta name=\"robots\" content=\"index, follow, max-snippet:-1, max-image-preview:large, max-video-preview:-1\" \/>\n<link rel=\"canonical\" href=\"https:\/\/babelteam.com\/pt\/o-que-e-customer-success\/\" \/>\n<meta property=\"og:locale\" content=\"pt_BR\" \/>\n<meta property=\"og:type\" content=\"article\" \/>\n<meta property=\"og:title\" content=\"O que \u00e9 Customer Success? - Babel-Team\" \/>\n<meta property=\"og:description\" content=\"Customer Success es una estrategia que surgi\u00f3 en las empresas de SaaS (Software como Servicio) para mantener a sus clientes por m\u00e1s tiempo y, por lo tanto, obtener m\u00e1s ingresos.\" \/>\n<meta property=\"og:url\" content=\"https:\/\/babelteam.com\/pt\/o-que-e-customer-success\/\" \/>\n<meta property=\"og:site_name\" content=\"Babel-Team\" \/>\n<meta property=\"article:modified_time\" content=\"2022-06-15T16:37:22+00:00\" \/>\n<meta property=\"og:image\" content=\"https:\/\/babelteam.com\/pt\/wp-content\/uploads\/2022\/02\/Customer-Success-1.jpg\" \/>\n\t<meta property=\"og:image:width\" content=\"1800\" \/>\n\t<meta property=\"og:image:height\" content=\"696\" \/>\n\t<meta property=\"og:image:type\" content=\"image\/jpeg\" \/>\n<meta name=\"twitter:card\" content=\"summary_large_image\" \/>\n<meta name=\"twitter:label1\" content=\"Est. tempo de leitura\" \/>\n\t<meta name=\"twitter:data1\" content=\"4 minutos\" \/>\n<script type=\"application\/ld+json\" class=\"yoast-schema-graph\">{\"@context\":\"https:\/\/schema.org\",\"@graph\":[{\"@type\":\"WebPage\",\"@id\":\"https:\/\/babelteam.com\/pt\/o-que-e-customer-success\/\",\"url\":\"https:\/\/babelteam.com\/pt\/o-que-e-customer-success\/\",\"name\":\"O que \u00e9 Customer Success? - Babel-Team\",\"isPartOf\":{\"@id\":\"https:\/\/babelteam.com\/pt\/#website\"},\"datePublished\":\"2022-03-30T14:47:26+00:00\",\"dateModified\":\"2022-06-15T16:37:22+00:00\",\"description\":\"Customer Success es una estrategia que surgi\u00f3 en las empresas de SaaS (Software como Servicio) para mantener a sus clientes por m\u00e1s tiempo y, por lo tanto, obtener m\u00e1s ingresos.\",\"breadcrumb\":{\"@id\":\"https:\/\/babelteam.com\/pt\/o-que-e-customer-success\/#breadcrumb\"},\"inLanguage\":\"pt-BR\",\"potentialAction\":[{\"@type\":\"ReadAction\",\"target\":[\"https:\/\/babelteam.com\/pt\/o-que-e-customer-success\/\"]}]},{\"@type\":\"BreadcrumbList\",\"@id\":\"https:\/\/babelteam.com\/pt\/o-que-e-customer-success\/#breadcrumb\",\"itemListElement\":[{\"@type\":\"ListItem\",\"position\":1,\"name\":\"Portada\",\"item\":\"https:\/\/babelteam.com\/pt\/\"},{\"@type\":\"ListItem\",\"position\":2,\"name\":\"O que \u00e9 Customer Success?\"}]},{\"@type\":\"WebSite\",\"@id\":\"https:\/\/babelteam.com\/pt\/#website\",\"url\":\"https:\/\/babelteam.com\/pt\/\",\"name\":\"Babel-Team\",\"description\":\"Strategic Solutions for Digital Innovation\",\"publisher\":{\"@id\":\"https:\/\/babelteam.com\/pt\/#organization\"},\"alternateName\":\"Babelteam\",\"potentialAction\":[{\"@type\":\"SearchAction\",\"target\":{\"@type\":\"EntryPoint\",\"urlTemplate\":\"https:\/\/babelteam.com\/pt\/?s={search_term_string}\"},\"query-input\":\"required name=search_term_string\"}],\"inLanguage\":\"pt-BR\"},{\"@type\":\"Organization\",\"@id\":\"https:\/\/babelteam.com\/pt\/#organization\",\"name\":\"Babel-Team\",\"alternateName\":\"Babel-Team E-Business, Cursos e Treinamentos Empresariais LTDA\",\"url\":\"https:\/\/babelteam.com\/pt\/\",\"logo\":{\"@type\":\"ImageObject\",\"inLanguage\":\"pt-BR\",\"@id\":\"https:\/\/babelteam.com\/pt\/#\/schema\/logo\/image\/\",\"url\":\"https:\/\/babelteam.com\/pt\/wp-content\/uploads\/2022\/07\/babelteam.jpg\",\"contentUrl\":\"https:\/\/babelteam.com\/pt\/wp-content\/uploads\/2022\/07\/babelteam.jpg\",\"width\":250,\"height\":71,\"caption\":\"Babel-Team\"},\"image\":{\"@id\":\"https:\/\/babelteam.com\/pt\/#\/schema\/logo\/image\/\"}}]}<\/script>\n<!-- \/ Yoast SEO plugin. -->","yoast_head_json":{"title":"O que \u00e9 Customer Success? - Babel-Team","description":"Customer Success es una estrategia que surgi\u00f3 en las empresas de SaaS (Software como Servicio) para mantener a sus clientes por m\u00e1s tiempo y, por lo tanto, obtener m\u00e1s ingresos.","robots":{"index":"index","follow":"follow","max-snippet":"max-snippet:-1","max-image-preview":"max-image-preview:large","max-video-preview":"max-video-preview:-1"},"canonical":"https:\/\/babelteam.com\/pt\/o-que-e-customer-success\/","og_locale":"pt_BR","og_type":"article","og_title":"O que \u00e9 Customer Success? - Babel-Team","og_description":"Customer Success es una estrategia que surgi\u00f3 en las empresas de SaaS (Software como Servicio) para mantener a sus clientes por m\u00e1s tiempo y, por lo tanto, obtener m\u00e1s ingresos.","og_url":"https:\/\/babelteam.com\/pt\/o-que-e-customer-success\/","og_site_name":"Babel-Team","article_modified_time":"2022-06-15T16:37:22+00:00","og_image":[{"width":1800,"height":696,"url":"https:\/\/babelteam.com\/pt\/wp-content\/uploads\/2022\/02\/Customer-Success-1.jpg","type":"image\/jpeg"}],"twitter_card":"summary_large_image","twitter_misc":{"Est. tempo de leitura":"4 minutos"},"schema":{"@context":"https:\/\/schema.org","@graph":[{"@type":"WebPage","@id":"https:\/\/babelteam.com\/pt\/o-que-e-customer-success\/","url":"https:\/\/babelteam.com\/pt\/o-que-e-customer-success\/","name":"O que \u00e9 Customer Success? - Babel-Team","isPartOf":{"@id":"https:\/\/babelteam.com\/pt\/#website"},"datePublished":"2022-03-30T14:47:26+00:00","dateModified":"2022-06-15T16:37:22+00:00","description":"Customer Success es una estrategia que surgi\u00f3 en las empresas de SaaS (Software como Servicio) para mantener a sus clientes por m\u00e1s tiempo y, por lo tanto, obtener m\u00e1s ingresos.","breadcrumb":{"@id":"https:\/\/babelteam.com\/pt\/o-que-e-customer-success\/#breadcrumb"},"inLanguage":"pt-BR","potentialAction":[{"@type":"ReadAction","target":["https:\/\/babelteam.com\/pt\/o-que-e-customer-success\/"]}]},{"@type":"BreadcrumbList","@id":"https:\/\/babelteam.com\/pt\/o-que-e-customer-success\/#breadcrumb","itemListElement":[{"@type":"ListItem","position":1,"name":"Portada","item":"https:\/\/babelteam.com\/pt\/"},{"@type":"ListItem","position":2,"name":"O que \u00e9 Customer Success?"}]},{"@type":"WebSite","@id":"https:\/\/babelteam.com\/pt\/#website","url":"https:\/\/babelteam.com\/pt\/","name":"Babel-Team","description":"Strategic Solutions for Digital Innovation","publisher":{"@id":"https:\/\/babelteam.com\/pt\/#organization"},"alternateName":"Babelteam","potentialAction":[{"@type":"SearchAction","target":{"@type":"EntryPoint","urlTemplate":"https:\/\/babelteam.com\/pt\/?s={search_term_string}"},"query-input":"required name=search_term_string"}],"inLanguage":"pt-BR"},{"@type":"Organization","@id":"https:\/\/babelteam.com\/pt\/#organization","name":"Babel-Team","alternateName":"Babel-Team E-Business, Cursos e Treinamentos Empresariais LTDA","url":"https:\/\/babelteam.com\/pt\/","logo":{"@type":"ImageObject","inLanguage":"pt-BR","@id":"https:\/\/babelteam.com\/pt\/#\/schema\/logo\/image\/","url":"https:\/\/babelteam.com\/pt\/wp-content\/uploads\/2022\/07\/babelteam.jpg","contentUrl":"https:\/\/babelteam.com\/pt\/wp-content\/uploads\/2022\/07\/babelteam.jpg","width":250,"height":71,"caption":"Babel-Team"},"image":{"@id":"https:\/\/babelteam.com\/pt\/#\/schema\/logo\/image\/"}}]}},"_links":{"self":[{"href":"https:\/\/babelteam.com\/pt\/wp-json\/wp\/v2\/pages\/352"}],"collection":[{"href":"https:\/\/babelteam.com\/pt\/wp-json\/wp\/v2\/pages"}],"about":[{"href":"https:\/\/babelteam.com\/pt\/wp-json\/wp\/v2\/types\/page"}],"author":[{"embeddable":true,"href":"https:\/\/babelteam.com\/pt\/wp-json\/wp\/v2\/users\/1"}],"replies":[{"embeddable":true,"href":"https:\/\/babelteam.com\/pt\/wp-json\/wp\/v2\/comments?post=352"}],"version-history":[{"count":22,"href":"https:\/\/babelteam.com\/pt\/wp-json\/wp\/v2\/pages\/352\/revisions"}],"predecessor-version":[{"id":1519,"href":"https:\/\/babelteam.com\/pt\/wp-json\/wp\/v2\/pages\/352\/revisions\/1519"}],"wp:featuredmedia":[{"embeddable":true,"href":"https:\/\/babelteam.com\/pt\/wp-json\/wp\/v2\/media\/362"}],"wp:attachment":[{"href":"https:\/\/babelteam.com\/pt\/wp-json\/wp\/v2\/media?parent=352"}],"curies":[{"name":"wp","href":"https:\/\/api.w.org\/{rel}","templated":true}]}}