{"id":406,"date":"2022-03-29T14:50:24","date_gmt":"2022-03-29T14:50:24","guid":{"rendered":"https:\/\/babelteam.com\/pt\/?page_id=406"},"modified":"2023-06-05T15:36:47","modified_gmt":"2023-06-05T18:36:47","slug":"crm-customer-relationship-management","status":"publish","type":"page","link":"https:\/\/babelteam.com\/pt\/crm-customer-relationship-management\/","title":{"rendered":"CRM"},"content":{"rendered":"<p>[et_pb_section fb_built=&#8221;1&#8243; _builder_version=&#8221;4.16&#8243; _module_preset=&#8221;default&#8221; background_enable_color=&#8221;off&#8221; background_image=&#8221;https:\/\/babelteam.com\/pt\/wp-content\/uploads\/2022\/01\/digital-imnovation-babelteam-background-r.jpg&#8221; background_size=&#8221;initial&#8221; background_position=&#8221;top_left&#8221; custom_padding=&#8221;0px||0px|||&#8221; bottom_divider_style=&#8221;waves2&#8243; bottom_divider_color=&#8221;rgba(58,96,113,0.06)&#8221; da_disable_devices=&#8221;off|off|off&#8221; global_colors_info=&#8221;{}&#8221; da_is_popup=&#8221;off&#8221; da_exit_intent=&#8221;off&#8221; da_has_close=&#8221;on&#8221; da_alt_close=&#8221;off&#8221; da_dark_close=&#8221;off&#8221; da_not_modal=&#8221;on&#8221; da_is_singular=&#8221;off&#8221; da_with_loader=&#8221;off&#8221; da_has_shadow=&#8221;on&#8221;][et_pb_row column_structure=&#8221;2_5,3_5&#8243; _builder_version=&#8221;4.16&#8243; _module_preset=&#8221;default&#8221; global_colors_info=&#8221;{}&#8221;][et_pb_column type=&#8221;2_5&#8243; _builder_version=&#8221;4.16&#8243; _module_preset=&#8221;default&#8221; global_colors_info=&#8221;{}&#8221;][et_pb_text _builder_version=&#8221;4.17.4&#8243; _module_preset=&#8221;default&#8221; header_font=&#8221;|800|||||||&#8221; header_text_color=&#8221;#3A6071&#8243; header_font_size=&#8221;42px&#8221; custom_margin=&#8221;52px|||||&#8221; global_colors_info=&#8221;{}&#8221;]<\/p>\n<h1>Software de CRM para vendas<\/h1>\n<p>[\/et_pb_text][et_pb_text ul_item_indent=&#8221;40px&#8221; ol_item_indent=&#8221;30px&#8221; _builder_version=&#8221;4.19.4&#8243; _module_preset=&#8221;default&#8221; text_text_color=&#8221;#000000&#8243; header_2_text_color=&#8221;#3A6071&#8243; header_2_font_size=&#8221;17px&#8221; header_2_line_height=&#8221;1.5em&#8221; header_3_text_color=&#8221;#809BA5&#8243; header_3_font_size=&#8221;19px&#8221; text_orientation=&#8221;justified&#8221; module_alignment=&#8221;center&#8221; custom_padding=&#8221;0px|||||&#8221; global_colors_info=&#8221;{}&#8221;]<\/p>\n<h2 style=\"text-align: left;\"><strong><span>CRM <\/span><\/strong><span>ou<strong> Customer Relationship Management<\/strong> \u00e9 a tecnologia que permite gerenciar o <strong>relacionamento com os clientes<\/strong> durante toda a jornada de compra. Desde o primeiro momento em que s\u00e3o ainda perfeitos desconhecidos at\u00e9 que alguns se tornem f\u00e3s de sua marca.<\/span><\/h2>\n<p>[\/et_pb_text][et_pb_text ul_item_indent=&#8221;40px&#8221; ol_item_indent=&#8221;30px&#8221; _builder_version=&#8221;4.17.4&#8243; _module_preset=&#8221;default&#8221; text_text_color=&#8221;#000000&#8243; header_2_text_color=&#8221;#3A6071&#8243; header_2_font_size=&#8221;22px&#8221; header_2_line_height=&#8221;1.5em&#8221; header_3_text_color=&#8221;#809BA5&#8243; header_3_font_size=&#8221;19px&#8221; text_orientation=&#8221;justified&#8221; module_alignment=&#8221;center&#8221; global_colors_info=&#8221;{}&#8221;]<\/p>\n<h2><strong>Para que serve um CRM<\/strong><\/h2>\n<p>Ele \u00e9 usado para aumentar drasticamente a <strong>taxa de convers\u00e3o<\/strong> do seu <strong>investimento em marketing<\/strong>. Tamb\u00e9m permite aumentar o LTV (Life Time Value), vendendo repetidamente para seus clientes e obtendo recomenda\u00e7\u00f5es.[\/et_pb_text][\/et_pb_column][et_pb_column type=&#8221;3_5&#8243; _builder_version=&#8221;4.16&#8243; _module_preset=&#8221;default&#8221; global_colors_info=&#8221;{}&#8221;][et_pb_image src=&#8221;https:\/\/babelteam.com\/pt\/wp-content\/uploads\/2022\/03\/crm.gif&#8221; alt=&#8221;CRM o Customer Relationship Management&#8221; title_text=&#8221;CRM o Customer Relationship Management&#8221; align=&#8221;center&#8221; _builder_version=&#8221;4.16.1&#8243; _module_preset=&#8221;default&#8221; width=&#8221;76%&#8221; global_colors_info=&#8221;{}&#8221;][\/et_pb_image][et_pb_text ul_item_indent=&#8221;40px&#8221; ol_item_indent=&#8221;30px&#8221; _builder_version=&#8221;4.17.4&#8243; _module_preset=&#8221;default&#8221; text_text_color=&#8221;#000000&#8243; header_2_text_color=&#8221;#3A6071&#8243; header_2_font_size=&#8221;22px&#8221; header_2_line_height=&#8221;1.5em&#8221; header_3_text_color=&#8221;#809BA5&#8243; header_3_font_size=&#8221;19px&#8221; text_orientation=&#8221;justified&#8221; module_alignment=&#8221;center&#8221; custom_margin=&#8221;67px|||||&#8221; custom_padding=&#8221;|||0px||&#8221; global_colors_info=&#8221;{}&#8221;]<\/p>\n<h2><strong>Problemas que podem ser resolvidos com um CRM<\/strong><\/h2>\n<p>Dos leads capturados pelo seu processo de marketing apenas 1 a 2% chegam prontos para comprar. O CRM permite que voc\u00ea forne\u00e7a automaticamente conte\u00fados valiosos para aqueles que ainda n\u00e3o est\u00e3o prontos, para qualific\u00e1-los progressivamente.<\/p>\n<p>E mais, com base no comportamento de cada lead, a tecnologia permite identificar quais est\u00e3o prontos para comprar e atribu\u00ed-los automaticamente a seus vendedores.[\/et_pb_text][\/et_pb_column][\/et_pb_row][\/et_pb_section][et_pb_section fb_built=&#8221;1&#8243; _builder_version=&#8221;4.16&#8243; _module_preset=&#8221;default&#8221; background_image=&#8221;https:\/\/babelteam.com\/pt\/wp-content\/uploads\/2022\/01\/digital-imnovation-babelteam-background.jpg&#8221; background_size=&#8221;contain&#8221; background_position=&#8221;center_right&#8221; custom_padding=&#8221;19px||0px|||&#8221; top_divider_color=&#8221;rgba(185,185,184,0.14)&#8221; top_divider_height=&#8221;265px&#8221; da_disable_devices=&#8221;off|off|off&#8221; global_colors_info=&#8221;{}&#8221; da_is_popup=&#8221;off&#8221; da_exit_intent=&#8221;off&#8221; da_has_close=&#8221;on&#8221; da_alt_close=&#8221;off&#8221; da_dark_close=&#8221;off&#8221; da_not_modal=&#8221;on&#8221; da_is_singular=&#8221;off&#8221; da_with_loader=&#8221;off&#8221; da_has_shadow=&#8221;on&#8221;][et_pb_row _builder_version=&#8221;4.16&#8243; _module_preset=&#8221;default&#8221; custom_padding=&#8221;25px|||||&#8221; global_colors_info=&#8221;{}&#8221;][et_pb_column type=&#8221;4_4&#8243; _builder_version=&#8221;4.16&#8243; _module_preset=&#8221;default&#8221; global_colors_info=&#8221;{}&#8221;][et_pb_text ul_item_indent=&#8221;40px&#8221; ol_item_indent=&#8221;30px&#8221; _builder_version=&#8221;4.17.4&#8243; _module_preset=&#8221;default&#8221; text_text_color=&#8221;#000000&#8243; header_text_color=&#8221;#3A6071&#8243; header_2_text_color=&#8221;#3A6071&#8243; header_2_font_size=&#8221;30px&#8221; header_2_line_height=&#8221;1.5em&#8221; header_3_font_size=&#8221;18px&#8221; header_3_line_height=&#8221;1.5em&#8221; text_orientation=&#8221;justified&#8221; width_tablet=&#8221;&#8221; width_phone=&#8221;&#8221; width_last_edited=&#8221;on|desktop&#8221; module_alignment=&#8221;center&#8221; custom_padding=&#8221;||0px|0px||&#8221; global_colors_info=&#8221;{}&#8221;]<\/p>\n<h2 style=\"text-align: left;\"><strong>Os melhores CRMs do mercado<\/strong><\/h2>\n<h3><span>Em quase 15 anos, nossa equipe <strong>experimentou e trabalhou<\/strong> com mais de <strong>uma d\u00fazia de CRMs<\/strong>. E s\u00f3 depois de analis\u00e1-los e selecionar os melhores, nos capacitamos e recebemos a <strong>certifica\u00e7\u00e3o oficial<\/strong> de cada um deles para <strong>oferecer aos nossos clientes um suporte integral<\/strong>, n\u00e3o s\u00f3 do ponto de vista tecnol\u00f3gico, mas tamb\u00e9m do ponto de vista estrat\u00e9gico.<\/span><\/h3>\n<p>[\/et_pb_text][\/et_pb_column][\/et_pb_row][et_pb_row column_structure=&#8221;1_3,1_3,1_3&#8243; use_custom_gutter=&#8221;on&#8221; gutter_width=&#8221;2&#8243; make_equal=&#8221;on&#8221; _builder_version=&#8221;4.20.2&#8243; _module_preset=&#8221;default&#8221; background_enable_color=&#8221;off&#8221; global_colors_info=&#8221;{}&#8221;][et_pb_column type=&#8221;1_3&#8243; _builder_version=&#8221;4.20.2&#8243; _module_preset=&#8221;default&#8221; custom_padding=&#8221;15px|15px|15px|15px|true|true&#8221; link_option_url=&#8221;https:\/\/babelteam.com\/pt\/ferramentas-de-automacao\/freshworks\/freshsales\/&#8221; box_shadow_style=&#8221;preset2&#8243; box_shadow_color=&#8221;rgba(0,0,0,0.08)&#8221; global_colors_info=&#8221;{}&#8221;][et_pb_image src=&#8221;https:\/\/babelteam.com\/pt\/wp-content\/uploads\/2022\/02\/Freshsales_Logo.png&#8221; alt=&#8221;CRM _ Freshsales&#8221; title_text=&#8221;CRM _ Freshsales&#8221; url=&#8221;https:\/\/babelteam.com\/pt\/ferramentas-de-automacao\/freshworks\/freshsales\/&#8221; align=&#8221;center&#8221; _builder_version=&#8221;4.20.2&#8243; _module_preset=&#8221;default&#8221; width=&#8221;79%&#8221; custom_margin=&#8221;||11px|||&#8221; custom_padding=&#8221;13px||||false|false&#8221; global_colors_info=&#8221;{}&#8221;][\/et_pb_image][et_pb_text _builder_version=&#8221;4.20.2&#8243; _module_preset=&#8221;default&#8221; text_font=&#8221;|700|||||||&#8221; text_text_color=&#8221;#faa801&#8243; link_option_url=&#8221;https:\/\/babelteam.com\/pt\/ferramentas-de-automacao\/freshworks\/freshsales\/&#8221; global_colors_info=&#8221;{}&#8221;]<\/p>\n<p style=\"text-align: center;\">Aumente suas receitas com vendas baseadas no contexto<\/p>\n<p>[\/et_pb_text][\/et_pb_column][et_pb_column type=&#8221;1_3&#8243; _builder_version=&#8221;4.20.2&#8243; _module_preset=&#8221;default&#8221; custom_padding=&#8221;15px|15px|15px|15px|true|true&#8221; link_option_url=&#8221;https:\/\/babelteam.com\/pt\/ferramentas-de-automacao\/keap\/&#8221; box_shadow_style=&#8221;preset2&#8243; box_shadow_color=&#8221;rgba(0,0,0,0.08)&#8221; global_colors_info=&#8221;{}&#8221;][et_pb_image src=&#8221;https:\/\/babelteam.com\/pt\/wp-content\/uploads\/2022\/03\/keap.webp&#8221; alt=&#8221;CRM _ Keap _ Infusionsoft&#8221; title_text=&#8221;CRM _ Keap _ Infusionsoft&#8221; url=&#8221;https:\/\/babelteam.com\/pt\/ferramentas-de-automacao\/keap\/&#8221; align=&#8221;center&#8221; _builder_version=&#8221;4.20.2&#8243; _module_preset=&#8221;default&#8221; width=&#8221;47%&#8221; custom_margin=&#8221;||13px||false|false&#8221; custom_padding=&#8221;||||false|false&#8221; global_colors_info=&#8221;{}&#8221;][\/et_pb_image][et_pb_text _builder_version=&#8221;4.20.2&#8243; _module_preset=&#8221;default&#8221; text_font=&#8221;|700|||||||&#8221; text_text_color=&#8221;#36a635&#8243; link_option_url=&#8221;https:\/\/babelteam.com\/pt\/ferramentas-de-automacao\/keap\/&#8221; global_colors_info=&#8221;{}&#8221;]<\/p>\n<p style=\"text-align: center;\">A solu\u00e7\u00e3o definitiva para automa\u00e7\u00e3o do marketing e das vendas<\/p>\n<p>[\/et_pb_text][\/et_pb_column][et_pb_column type=&#8221;1_3&#8243; _builder_version=&#8221;4.20.2&#8243; _module_preset=&#8221;default&#8221; background_color=&#8221;#FFFFFF&#8221; custom_padding=&#8221;15px|15px|15px|15px|true|true&#8221; link_option_url=&#8221;https:\/\/babelteam.com\/pt\/ferramentas-de-automacao\/active-campaign\/&#8221; box_shadow_style=&#8221;preset2&#8243; box_shadow_color=&#8221;rgba(0,0,0,0.08)&#8221; global_colors_info=&#8221;{}&#8221;][et_pb_image src=&#8221;https:\/\/babelteam.com\/pt\/wp-content\/uploads\/2022\/03\/ActiveCampaign.gif&#8221; alt=&#8221;CRM _ ActiveCampaign&#8221; title_text=&#8221;CRM _ ActiveCampaign&#8221; url=&#8221;https:\/\/babelteam.com\/pt\/ferramentas-de-automacao\/active-campaign\/&#8221; align=&#8221;center&#8221; _builder_version=&#8221;4.20.2&#8243; _module_preset=&#8221;default&#8221; width=&#8221;86%&#8221; module_alignment=&#8221;center&#8221; custom_margin=&#8221;||22px|||&#8221; custom_padding=&#8221;18px||||false|false&#8221; global_colors_info=&#8221;{}&#8221;][\/et_pb_image][et_pb_text _builder_version=&#8221;4.20.2&#8243; _module_preset=&#8221;default&#8221; text_font=&#8221;|700|||||||&#8221; text_text_color=&#8221;#3470f3&#8243; link_option_url=&#8221;https:\/\/babelteam.com\/pt\/ferramentas-de-automacao\/active-campaign\/&#8221; global_colors_info=&#8221;{}&#8221;]<\/p>\n<p class=\"et_builder_inner_content et_pb_gutters3\" style=\"text-align: center;\">A ferramenta de e-mail marketing, automa\u00e7\u00e3o e CRM para criar uma experi\u00eancia do cliente excelente<\/p>\n<p>[\/et_pb_text][\/et_pb_column][\/et_pb_row][\/et_pb_section][et_pb_section fb_built=&#8221;1&#8243; _builder_version=&#8221;4.16&#8243; _module_preset=&#8221;default&#8221; background_color=&#8221;rgba(40,237,233,0.31)&#8221; use_background_color_gradient=&#8221;on&#8221; background_color_gradient_stops=&#8221;#ffffff 0%|#28ede9 100%&#8221; background_color_gradient_start=&#8221;#ffffff&#8221; background_color_gradient_end=&#8221;#28ede9&#8243; background_enable_image=&#8221;off&#8221; background_size=&#8221;initial&#8221; background_position=&#8221;center_right&#8221; custom_padding=&#8221;19px|||||&#8221; top_divider_color=&#8221;rgba(185,185,184,0.14)&#8221; top_divider_height=&#8221;265px&#8221; da_disable_devices=&#8221;off|off|off&#8221; global_colors_info=&#8221;{}&#8221; da_is_popup=&#8221;off&#8221; da_exit_intent=&#8221;off&#8221; da_has_close=&#8221;on&#8221; da_alt_close=&#8221;off&#8221; da_dark_close=&#8221;off&#8221; da_not_modal=&#8221;on&#8221; da_is_singular=&#8221;off&#8221; da_with_loader=&#8221;off&#8221; da_has_shadow=&#8221;on&#8221;][et_pb_row _builder_version=&#8221;4.16&#8243; _module_preset=&#8221;default&#8221; custom_padding=&#8221;25px|||||&#8221; global_colors_info=&#8221;{}&#8221;][et_pb_column type=&#8221;4_4&#8243; _builder_version=&#8221;4.16&#8243; _module_preset=&#8221;default&#8221; global_colors_info=&#8221;{}&#8221;][et_pb_text ul_item_indent=&#8221;40px&#8221; ol_item_indent=&#8221;30px&#8221; _builder_version=&#8221;4.17.4&#8243; _module_preset=&#8221;default&#8221; text_text_color=&#8221;#000000&#8243; header_text_color=&#8221;#3A6071&#8243; header_2_font=&#8221;|800|||||||&#8221; header_2_text_color=&#8221;#3A6071&#8243; header_2_font_size=&#8221;30px&#8221; header_2_line_height=&#8221;1.5em&#8221; header_3_font_size=&#8221;18px&#8221; header_3_line_height=&#8221;1.5em&#8221; text_orientation=&#8221;justified&#8221; width=&#8221;80%&#8221; module_alignment=&#8221;center&#8221; custom_padding=&#8221;||0px|0px||&#8221; global_colors_info=&#8221;{}&#8221;]<\/p>\n<h2 style=\"text-align: center;\">Qual escolher?<\/h2>\n<h3 style=\"text-align: center;\">N\u00e3o se preocupe, oferecemos uma <strong>avalia\u00e7\u00e3o gratuita<\/strong> e <strong>ajudamos voc\u00ea a selecionar o CRM adequado para sua empresa ou neg\u00f3cio.<\/strong><\/h3>\n<p>[\/et_pb_text][et_pb_button button_url=&#8221;https:\/\/babel.team\/agendafabio&#8221; url_new_window=&#8221;on&#8221; button_text=&#8221;Agende uma Avalia\u00e7\u00e3o&#8221; button_alignment=&#8221;center&#8221; _builder_version=&#8221;4.17.4&#8243; _module_preset=&#8221;default&#8221; custom_button=&#8221;on&#8221; button_text_size=&#8221;27px&#8221; button_text_color=&#8221;#FFFFFF&#8221; button_bg_color=&#8221;#3A6071&#8243; button_border_width=&#8221;0px&#8221; button_border_radius=&#8221;0px&#8221; button_font=&#8221;|800|||||||&#8221; button_use_icon=&#8221;off&#8221; custom_margin=&#8221;||6px|||&#8221; box_shadow_style=&#8221;preset2&#8243; global_colors_info=&#8221;{}&#8221; button_bg_color__hover_enabled=&#8221;on|desktop&#8221; button_bg_color__hover=&#8221;#809BA5&#8243; button_bg_enable_color__hover=&#8221;on&#8221;][\/et_pb_button][et_pb_text _builder_version=&#8221;4.17.4&#8243; _module_preset=&#8221;default&#8221; text_text_color=&#8221;#000000&#8243; text_orientation=&#8221;center&#8221; global_colors_info=&#8221;{}&#8221;]<\/p>\n<p><span>Sem custo e sem compromisso de compra<\/span><\/p>\n<p>[\/et_pb_text][\/et_pb_column][\/et_pb_row][\/et_pb_section]<\/p>\n","protected":false},"excerpt":{"rendered":"<p>Software de CRM para vendasCRM ou Customer Relationship Management \u00e9 a tecnologia que permite gerenciar o relacionamento com os clientes durante toda a jornada de compra. Desde o primeiro momento em que s\u00e3o ainda perfeitos desconhecidos at\u00e9 que alguns se tornem f\u00e3s de sua marca.Para que serve um CRM Ele \u00e9 usado para aumentar drasticamente [&hellip;]<\/p>\n","protected":false},"author":1,"featured_media":688,"parent":0,"menu_order":0,"comment_status":"closed","ping_status":"closed","template":"","meta":{"_et_pb_use_builder":"on","_et_pb_old_content":"","_et_gb_content_width":""},"yoast_head":"<!-- This site is optimized with the Yoast SEO plugin v20.12 - https:\/\/yoast.com\/wordpress\/plugins\/seo\/ -->\n<title>CRM - Babel-Team<\/title>\n<meta name=\"description\" content=\"Um CRM \u00e9 a tecnologia que permite gerenciar o relacionamento com os clientes durante toda a jornada de compra.\" \/>\n<meta name=\"robots\" content=\"index, follow, max-snippet:-1, max-image-preview:large, max-video-preview:-1\" \/>\n<link rel=\"canonical\" href=\"https:\/\/babelteam.com\/pt\/crm-customer-relationship-management\/\" \/>\n<meta property=\"og:locale\" content=\"pt_BR\" \/>\n<meta property=\"og:type\" content=\"article\" \/>\n<meta property=\"og:title\" content=\"CRM - Babel-Team\" \/>\n<meta property=\"og:description\" content=\"Um CRM \u00e9 a tecnologia que permite gerenciar o relacionamento com os clientes durante toda a jornada de compra.\" \/>\n<meta property=\"og:url\" content=\"https:\/\/babelteam.com\/pt\/crm-customer-relationship-management\/\" \/>\n<meta property=\"og:site_name\" content=\"Babel-Team\" \/>\n<meta property=\"article:modified_time\" content=\"2023-06-05T18:36:47+00:00\" \/>\n<meta property=\"og:image\" content=\"https:\/\/babelteam.com\/pt\/wp-content\/uploads\/2022\/03\/crm.gif\" \/>\n\t<meta property=\"og:image:width\" content=\"600\" \/>\n\t<meta property=\"og:image:height\" content=\"413\" \/>\n\t<meta property=\"og:image:type\" content=\"image\/gif\" \/>\n<meta name=\"twitter:card\" content=\"summary_large_image\" \/>\n<meta name=\"twitter:label1\" content=\"Est. tempo de leitura\" \/>\n\t<meta name=\"twitter:data1\" content=\"3 minutos\" \/>\n<script type=\"application\/ld+json\" class=\"yoast-schema-graph\">{\"@context\":\"https:\/\/schema.org\",\"@graph\":[{\"@type\":\"WebPage\",\"@id\":\"https:\/\/babelteam.com\/pt\/crm-customer-relationship-management\/\",\"url\":\"https:\/\/babelteam.com\/pt\/crm-customer-relationship-management\/\",\"name\":\"CRM - Babel-Team\",\"isPartOf\":{\"@id\":\"https:\/\/babelteam.com\/pt\/#website\"},\"datePublished\":\"2022-03-29T14:50:24+00:00\",\"dateModified\":\"2023-06-05T18:36:47+00:00\",\"description\":\"Um CRM \u00e9 a tecnologia que permite gerenciar o relacionamento com os clientes durante toda a jornada de compra.\",\"breadcrumb\":{\"@id\":\"https:\/\/babelteam.com\/pt\/crm-customer-relationship-management\/#breadcrumb\"},\"inLanguage\":\"pt-BR\",\"potentialAction\":[{\"@type\":\"ReadAction\",\"target\":[\"https:\/\/babelteam.com\/pt\/crm-customer-relationship-management\/\"]}]},{\"@type\":\"BreadcrumbList\",\"@id\":\"https:\/\/babelteam.com\/pt\/crm-customer-relationship-management\/#breadcrumb\",\"itemListElement\":[{\"@type\":\"ListItem\",\"position\":1,\"name\":\"Portada\",\"item\":\"https:\/\/babelteam.com\/pt\/\"},{\"@type\":\"ListItem\",\"position\":2,\"name\":\"CRM\"}]},{\"@type\":\"WebSite\",\"@id\":\"https:\/\/babelteam.com\/pt\/#website\",\"url\":\"https:\/\/babelteam.com\/pt\/\",\"name\":\"Babel-Team\",\"description\":\"Strategic Solutions for Digital Innovation\",\"publisher\":{\"@id\":\"https:\/\/babelteam.com\/pt\/#organization\"},\"alternateName\":\"Babelteam\",\"potentialAction\":[{\"@type\":\"SearchAction\",\"target\":{\"@type\":\"EntryPoint\",\"urlTemplate\":\"https:\/\/babelteam.com\/pt\/?s={search_term_string}\"},\"query-input\":\"required name=search_term_string\"}],\"inLanguage\":\"pt-BR\"},{\"@type\":\"Organization\",\"@id\":\"https:\/\/babelteam.com\/pt\/#organization\",\"name\":\"Babel-Team\",\"alternateName\":\"Babel-Team E-Business, Cursos e Treinamentos Empresariais LTDA\",\"url\":\"https:\/\/babelteam.com\/pt\/\",\"logo\":{\"@type\":\"ImageObject\",\"inLanguage\":\"pt-BR\",\"@id\":\"https:\/\/babelteam.com\/pt\/#\/schema\/logo\/image\/\",\"url\":\"https:\/\/babelteam.com\/pt\/wp-content\/uploads\/2022\/07\/babelteam.jpg\",\"contentUrl\":\"https:\/\/babelteam.com\/pt\/wp-content\/uploads\/2022\/07\/babelteam.jpg\",\"width\":250,\"height\":71,\"caption\":\"Babel-Team\"},\"image\":{\"@id\":\"https:\/\/babelteam.com\/pt\/#\/schema\/logo\/image\/\"}}]}<\/script>\n<!-- \/ Yoast SEO plugin. -->","yoast_head_json":{"title":"CRM - Babel-Team","description":"Um CRM \u00e9 a tecnologia que permite gerenciar o relacionamento com os clientes durante toda a jornada de compra.","robots":{"index":"index","follow":"follow","max-snippet":"max-snippet:-1","max-image-preview":"max-image-preview:large","max-video-preview":"max-video-preview:-1"},"canonical":"https:\/\/babelteam.com\/pt\/crm-customer-relationship-management\/","og_locale":"pt_BR","og_type":"article","og_title":"CRM - Babel-Team","og_description":"Um CRM \u00e9 a tecnologia que permite gerenciar o relacionamento com os clientes durante toda a jornada de compra.","og_url":"https:\/\/babelteam.com\/pt\/crm-customer-relationship-management\/","og_site_name":"Babel-Team","article_modified_time":"2023-06-05T18:36:47+00:00","og_image":[{"width":600,"height":413,"url":"https:\/\/babelteam.com\/pt\/wp-content\/uploads\/2022\/03\/crm.gif","type":"image\/gif"}],"twitter_card":"summary_large_image","twitter_misc":{"Est. tempo de leitura":"3 minutos"},"schema":{"@context":"https:\/\/schema.org","@graph":[{"@type":"WebPage","@id":"https:\/\/babelteam.com\/pt\/crm-customer-relationship-management\/","url":"https:\/\/babelteam.com\/pt\/crm-customer-relationship-management\/","name":"CRM - Babel-Team","isPartOf":{"@id":"https:\/\/babelteam.com\/pt\/#website"},"datePublished":"2022-03-29T14:50:24+00:00","dateModified":"2023-06-05T18:36:47+00:00","description":"Um CRM \u00e9 a tecnologia que permite gerenciar o relacionamento com os clientes durante toda a jornada de compra.","breadcrumb":{"@id":"https:\/\/babelteam.com\/pt\/crm-customer-relationship-management\/#breadcrumb"},"inLanguage":"pt-BR","potentialAction":[{"@type":"ReadAction","target":["https:\/\/babelteam.com\/pt\/crm-customer-relationship-management\/"]}]},{"@type":"BreadcrumbList","@id":"https:\/\/babelteam.com\/pt\/crm-customer-relationship-management\/#breadcrumb","itemListElement":[{"@type":"ListItem","position":1,"name":"Portada","item":"https:\/\/babelteam.com\/pt\/"},{"@type":"ListItem","position":2,"name":"CRM"}]},{"@type":"WebSite","@id":"https:\/\/babelteam.com\/pt\/#website","url":"https:\/\/babelteam.com\/pt\/","name":"Babel-Team","description":"Strategic Solutions for Digital Innovation","publisher":{"@id":"https:\/\/babelteam.com\/pt\/#organization"},"alternateName":"Babelteam","potentialAction":[{"@type":"SearchAction","target":{"@type":"EntryPoint","urlTemplate":"https:\/\/babelteam.com\/pt\/?s={search_term_string}"},"query-input":"required name=search_term_string"}],"inLanguage":"pt-BR"},{"@type":"Organization","@id":"https:\/\/babelteam.com\/pt\/#organization","name":"Babel-Team","alternateName":"Babel-Team E-Business, Cursos e Treinamentos Empresariais LTDA","url":"https:\/\/babelteam.com\/pt\/","logo":{"@type":"ImageObject","inLanguage":"pt-BR","@id":"https:\/\/babelteam.com\/pt\/#\/schema\/logo\/image\/","url":"https:\/\/babelteam.com\/pt\/wp-content\/uploads\/2022\/07\/babelteam.jpg","contentUrl":"https:\/\/babelteam.com\/pt\/wp-content\/uploads\/2022\/07\/babelteam.jpg","width":250,"height":71,"caption":"Babel-Team"},"image":{"@id":"https:\/\/babelteam.com\/pt\/#\/schema\/logo\/image\/"}}]}},"_links":{"self":[{"href":"https:\/\/babelteam.com\/pt\/wp-json\/wp\/v2\/pages\/406"}],"collection":[{"href":"https:\/\/babelteam.com\/pt\/wp-json\/wp\/v2\/pages"}],"about":[{"href":"https:\/\/babelteam.com\/pt\/wp-json\/wp\/v2\/types\/page"}],"author":[{"embeddable":true,"href":"https:\/\/babelteam.com\/pt\/wp-json\/wp\/v2\/users\/1"}],"replies":[{"embeddable":true,"href":"https:\/\/babelteam.com\/pt\/wp-json\/wp\/v2\/comments?post=406"}],"version-history":[{"count":22,"href":"https:\/\/babelteam.com\/pt\/wp-json\/wp\/v2\/pages\/406\/revisions"}],"predecessor-version":[{"id":2690,"href":"https:\/\/babelteam.com\/pt\/wp-json\/wp\/v2\/pages\/406\/revisions\/2690"}],"wp:featuredmedia":[{"embeddable":true,"href":"https:\/\/babelteam.com\/pt\/wp-json\/wp\/v2\/media\/688"}],"wp:attachment":[{"href":"https:\/\/babelteam.com\/pt\/wp-json\/wp\/v2\/media?parent=406"}],"curies":[{"name":"wp","href":"https:\/\/api.w.org\/{rel}","templated":true}]}}