{"id":769,"date":"2022-03-30T17:30:43","date_gmt":"2022-03-30T17:30:43","guid":{"rendered":"https:\/\/babelteam.com\/pt\/?page_id=769"},"modified":"2022-06-15T16:45:06","modified_gmt":"2022-06-15T16:45:06","slug":"o-que-e-support-desk","status":"publish","type":"page","link":"https:\/\/babelteam.com\/pt\/o-que-e-support-desk\/","title":{"rendered":"O que \u00e9 Support Desk"},"content":{"rendered":"\n[et_pb_section fb_built=&#8221;1&#8243; _builder_version=&#8221;4.16&#8243; _module_preset=&#8221;default&#8221; background_enable_color=&#8221;off&#8221; background_image=&#8221;https:\/\/babelteam.com\/pt\/wp-content\/uploads\/2022\/01\/digital-imnovation-babelteam-background.jpg&#8221; background_size=&#8221;contain&#8221; background_position=&#8221;top_left&#8221; custom_padding=&#8221;34px||0px|||&#8221; bottom_divider_color=&#8221;rgba(185,185,184,0.17)&#8221; da_disable_devices=&#8221;off|off|off&#8221; global_colors_info=&#8221;{}&#8221; da_is_popup=&#8221;off&#8221; da_exit_intent=&#8221;off&#8221; da_has_close=&#8221;on&#8221; da_alt_close=&#8221;off&#8221; da_dark_close=&#8221;off&#8221; da_not_modal=&#8221;on&#8221; da_is_singular=&#8221;off&#8221; da_with_loader=&#8221;off&#8221; da_has_shadow=&#8221;on&#8221;][et_pb_row column_structure=&#8221;1_2,1_2&#8243; _builder_version=&#8221;4.16&#8243; _module_preset=&#8221;default&#8221; global_colors_info=&#8221;{}&#8221;][et_pb_column type=&#8221;1_2&#8243; _builder_version=&#8221;4.16&#8243; _module_preset=&#8221;default&#8221; global_colors_info=&#8221;{}&#8221;][et_pb_text _builder_version=&#8221;4.17.4&#8243; _module_preset=&#8221;default&#8221; header_3_font=&#8221;||on||||||&#8221; header_3_text_color=&#8221;#809BA5&#8243; header_3_font_size=&#8221;27px&#8221; custom_margin=&#8221;||4px|||&#8221; global_colors_info=&#8221;{}&#8221;]<h3>O que \u00e9..<\/h3>[\/et_pb_text][et_pb_text _builder_version=&#8221;4.17.4&#8243; _module_preset=&#8221;default&#8221; header_font=&#8221;|800|||||||&#8221; header_text_color=&#8221;#3A6071&#8243; custom_margin=&#8221;||||false|false&#8221; global_colors_info=&#8221;{}&#8221;]<h1>um software de Support Desk?<\/h1>[\/et_pb_text][et_pb_text ul_item_indent=&#8221;40px&#8221; ol_item_indent=&#8221;30px&#8221; _builder_version=&#8221;4.17.4&#8243; _module_preset=&#8221;default&#8221; text_text_color=&#8221;#000000&#8243; header_2_text_color=&#8221;#3A6071&#8243; header_2_font_size=&#8221;20px&#8221; header_2_line_height=&#8221;1.4em&#8221; header_3_text_color=&#8221;#809BA5&#8243; header_3_font_size=&#8221;19px&#8221; text_orientation=&#8221;justified&#8221; width_tablet=&#8221;&#8221; width_phone=&#8221;&#8221; width_last_edited=&#8221;on|desktop&#8221; module_alignment=&#8221;center&#8221; global_colors_info=&#8221;{}&#8221; width__hover_enabled=&#8221;on|desktop&#8221;]<p>Digamos que voc\u00ea seja um varejista on-line que vende roupas esportivas em seu site.<\/p>\n<p>Voc\u00ea provavelmente recebe muitas perguntas de clientes: perguntas sobre tamanhos, de quais materiais as roupas s\u00e3o feitas, custos de envio, datas de entrega previstas, solicita\u00e7\u00f5es de reembolso etc.<\/p>\n<p>Eles podem n\u00e3o apenas querer enviar um e-mail para voc\u00ea, mas tamb\u00e9m twittar sobre voc\u00ea ou postar em sua p\u00e1gina do <strong>Facebook<\/strong> ou preferir conversar em seu pr\u00f3prio site com um de seus representantes via <strong>WhatsApp<\/strong>.<\/p>\n<p>Seja qual for o modo de comunica\u00e7\u00e3o, eles esperam que voc\u00ea esteja l\u00e1 e resolva suas preocupa\u00e7\u00f5es. Se eles iniciarem uma conversa no <strong>Twitter<\/strong>, mas de repente mudarem para o telefone, eles ainda esperam que voc\u00ea conecte as conversas e possa responder \u00e0 pergunta deles.<\/p>\n<p>\u00c9 a\u00ed que um software de <strong>Support Desk<\/strong> pode te ajudar <strong>24\/07.<\/strong> Sempre.<\/p>\n<p>Se a sua organiza\u00e7\u00e3o \u00e9 uma universidade, um centro de sa\u00fade, uma empresa financeira ou qualquer outro tipo de entidade p\u00fablica ou privada, <strong>se tem clientes e pretende fideliz\u00e1-los, o Support Desk e a sua equipa s\u00e3o a solu\u00e7\u00e3o.<\/strong><\/p>[\/et_pb_text][\/et_pb_column][et_pb_column type=&#8221;1_2&#8243; _builder_version=&#8221;4.16&#8243; _module_preset=&#8221;default&#8221; global_colors_info=&#8221;{}&#8221;][et_pb_image src=&#8221;https:\/\/babelteam.com\/pt\/wp-content\/uploads\/2022\/03\/freshdesk-helpdesk.jpg&#8221; alt=&#8221;Freshdesk Support Desk&#8221; title_text=&#8221;Freshdesk Support Desk&#8221; module_id=&#8221;Support Desk &#8211; Freshdesk &#8211; Babel-Team&#8221; module_class=&#8221;Support Desk &#8211; Freshdesk &#8211; Babel-Team&#8221; _builder_version=&#8221;4.16.1&#8243; _module_preset=&#8221;default&#8221; global_colors_info=&#8221;{}&#8221;][\/et_pb_image][et_pb_text ul_item_indent=&#8221;40px&#8221; ol_item_indent=&#8221;30px&#8221; _builder_version=&#8221;4.17.4&#8243; _module_preset=&#8221;default&#8221; text_text_color=&#8221;#000000&#8243; header_text_color=&#8221;#3A6071&#8243; header_font_size=&#8221;22px&#8221; header_line_height=&#8221;1.5em&#8221; header_2_text_color=&#8221;#3A6071&#8243; header_2_font_size=&#8221;22px&#8221; header_2_line_height=&#8221;1.5em&#8221; header_3_text_color=&#8221;#809BA5&#8243; header_3_font_size=&#8221;19px&#8221; text_orientation=&#8221;justified&#8221; custom_margin=&#8221;70px|||||&#8221; global_colors_info=&#8221;{}&#8221;]<h1><strong>Para que se usa o Support Desk<\/strong><\/h1>\n<p>Resolve as consultas mais rapidamente. <strong>Diminui o tempo<\/strong> m\u00e9dio de resolu\u00e7\u00e3o. Permite personalizar as conversas com <strong>suporte intuitivo e colaborativo<\/strong> em todos os canais.<strong> Obtenha mais e melhor com menos.<\/strong><\/p>[\/et_pb_text][\/et_pb_column][\/et_pb_row][\/et_pb_section][et_pb_section fb_built=&#8221;1&#8243; _builder_version=&#8221;4.16&#8243; _module_preset=&#8221;default&#8221; background_color=&#8221;rgba(40,237,233,0.31)&#8221; use_background_color_gradient=&#8221;on&#8221; background_color_gradient_stops=&#8221;#ffffff 0%|#28ede9 100%&#8221; background_color_gradient_start=&#8221;#ffffff&#8221; background_color_gradient_end=&#8221;#28ede9&#8243; background_image=&#8221;https:\/\/babelteam.com\/pt\/wp-content\/uploads\/2022\/01\/digital-imnovation-babelteam-background-r.jpg&#8221; background_size=&#8221;initial&#8221; background_position=&#8221;center_right&#8221; background_blend=&#8221;multiply&#8221; custom_padding=&#8221;19px|||||&#8221; top_divider_color=&#8221;rgba(185,185,184,0.14)&#8221; top_divider_height=&#8221;265px&#8221; da_disable_devices=&#8221;off|off|off&#8221; global_colors_info=&#8221;{}&#8221; da_is_popup=&#8221;off&#8221; da_exit_intent=&#8221;off&#8221; da_has_close=&#8221;on&#8221; da_alt_close=&#8221;off&#8221; da_dark_close=&#8221;off&#8221; da_not_modal=&#8221;on&#8221; da_is_singular=&#8221;off&#8221; da_with_loader=&#8221;off&#8221; da_has_shadow=&#8221;on&#8221;][et_pb_row _builder_version=&#8221;4.16&#8243; _module_preset=&#8221;default&#8221; custom_padding=&#8221;25px|||||&#8221; global_colors_info=&#8221;{}&#8221;][et_pb_column type=&#8221;4_4&#8243; _builder_version=&#8221;4.16&#8243; _module_preset=&#8221;default&#8221; global_colors_info=&#8221;{}&#8221;][et_pb_text ul_item_indent=&#8221;40px&#8221; ol_item_indent=&#8221;30px&#8221; _builder_version=&#8221;4.17.4&#8243; _module_preset=&#8221;default&#8221; text_text_color=&#8221;#000000&#8243; header_text_color=&#8221;#3A6071&#8243; header_2_font=&#8221;|800|||||||&#8221; header_2_text_color=&#8221;#3A6071&#8243; header_2_font_size=&#8221;30px&#8221; header_2_line_height=&#8221;1.5em&#8221; header_3_font_size=&#8221;18px&#8221; header_3_line_height=&#8221;1.5em&#8221; text_orientation=&#8221;justified&#8221; width=&#8221;80%&#8221; module_alignment=&#8221;center&#8221; custom_margin=&#8221;||-3px|||&#8221; custom_padding=&#8221;||0px|0px||&#8221; global_colors_info=&#8221;{}&#8221;]<h2 style=\"text-align: center;\">Procurando uma ferramenta para melhorar o atentimento ao cliente?<\/h2>[\/et_pb_text][et_pb_text _builder_version=&#8221;4.17.4&#8243; _module_preset=&#8221;default&#8221; text_text_color=&#8221;#000000&#8243; text_orientation=&#8221;center&#8221; global_colors_info=&#8221;{}&#8221;]<p>Nossa equipe <strong>trabalhou e experimentou por mais de 13 anos<\/strong> com mais de uma <strong>d\u00fazia de tecnologias.<\/strong> E s\u00f3 depois de analis\u00e1-los e selecionar os melhores, nos certificamos oficialmente com cada um deles para <strong>oferecer aos nossos clientes um suporte integral,<\/strong> n\u00e3o s\u00f3 do ponto de vista tecnol\u00f3gico, mas tamb\u00e9m do ponto de vista estrat\u00e9gico.<\/p>[\/et_pb_text][et_pb_text ul_item_indent=&#8221;40px&#8221; ol_item_indent=&#8221;30px&#8221; _builder_version=&#8221;4.17.4&#8243; _module_preset=&#8221;default&#8221; text_text_color=&#8221;#000000&#8243; header_text_color=&#8221;#3A6071&#8243; header_2_font=&#8221;|800|||||||&#8221; header_2_text_color=&#8221;#3A6071&#8243; header_2_font_size=&#8221;30px&#8221; header_2_line_height=&#8221;1.5em&#8221; header_3_font_size=&#8221;18px&#8221; header_3_line_height=&#8221;1.5em&#8221; text_orientation=&#8221;justified&#8221; width=&#8221;80%&#8221; module_alignment=&#8221;center&#8221; custom_margin=&#8221;||-3px|||&#8221; custom_padding=&#8221;||0px|0px||&#8221; global_colors_info=&#8221;{}&#8221;]<h2 style=\"text-align: center;\">Conhe\u00e7a a ferramenta, resolva consultas mais rapidamente e personalize conversas com suporte intuitivo e colaborativo.<\/h2>[\/et_pb_text][et_pb_text _builder_version=&#8221;4.16.1&#8243; _module_preset=&#8221;default&#8221; min_height=&#8221;76.6px&#8221; custom_margin=&#8221;30px||10px|||&#8221; link_option_url=&#8221;https:\/\/babelteam.com\/pt\/herramientas\/freshworks\/freshdesk-support-desk\/&#8221; global_colors_info=&#8221;{}&#8221;]<h3 style=\"text-align: center;\"><strong><img decoding=\"async\" loading=\"lazy\" src=\"https:\/\/babelteam.com\/pt\/wp-content\/uploads\/2022\/03\/freshdesk-support-center-e1648659539112.png\" width=\"36\" height=\"30\" alt=\"\" class=\"wp-image-487 alignnone size-full\" \/>Fheshdesk Support Desk<\/strong><\/h3>[\/et_pb_text][et_pb_text _builder_version=&#8221;4.17.4&#8243; _module_preset=&#8221;default&#8221; text_orientation=&#8221;center&#8221; custom_margin=&#8221;||2px||false|false&#8221; global_colors_info=&#8221;{}&#8221;]<h3>Agende uma <strong>reuni\u00e3o gratuita<\/strong> com nossos especialistas.<\/h3>[\/et_pb_text][et_pb_image src=&#8221;https:\/\/babelteam.com\/pt\/wp-content\/uploads\/2022\/03\/Equipe-Freshworks.gif&#8221; alt=&#8221;Freshdesk Support Desk &#8211; Especialistas&#8221; title_text=&#8221;Equipe-Freshworks Freshdesk Support Desk&#8221; align=&#8221;center&#8221; _builder_version=&#8221;4.16.1&#8243; _module_preset=&#8221;default&#8221; width=&#8221;29%&#8221; custom_margin=&#8221;||7px|||&#8221; global_colors_info=&#8221;{}&#8221;][\/et_pb_image][et_pb_button button_url=&#8221;https:\/\/babel.team\/agendafabio&#8221; url_new_window=&#8221;on&#8221; button_text=&#8221;Agende uma reuni\u00e3o&#8221; button_alignment=&#8221;center&#8221; _builder_version=&#8221;4.17.4&#8243; _module_preset=&#8221;default&#8221; custom_button=&#8221;on&#8221; button_text_size=&#8221;27px&#8221; button_text_color=&#8221;#FFFFFF&#8221; button_bg_color=&#8221;#3A6071&#8243; button_border_width=&#8221;0px&#8221; button_border_radius=&#8221;0px&#8221; button_font=&#8221;|800|||||||&#8221; button_use_icon=&#8221;off&#8221; custom_margin=&#8221;||5px||false|false&#8221; hover_enabled=&#8221;0&#8243; box_shadow_style=&#8221;preset2&#8243; global_colors_info=&#8221;{}&#8221; button_bg_color__hover_enabled=&#8221;on|desktop&#8221; button_bg_color__hover=&#8221;#809BA5&#8243; button_bg_enable_color__hover=&#8221;on&#8221; sticky_enabled=&#8221;0&#8243;][\/et_pb_button][et_pb_text _builder_version=&#8221;4.17.4&#8243; _module_preset=&#8221;default&#8221; text_text_color=&#8221;#000000&#8243; text_orientation=&#8221;center&#8221; global_colors_info=&#8221;{}&#8221;]<p>Sem custo e sem compromisso de compra<\/p>[\/et_pb_text][\/et_pb_column][\/et_pb_row][\/et_pb_section]\n","protected":false},"excerpt":{"rendered":"<p>O que \u00e9..um software de Support Desk?Digamos que voc\u00ea seja um varejista on-line que vende roupas esportivas em seu site. Voc\u00ea provavelmente recebe muitas perguntas de clientes: perguntas sobre tamanhos, de quais materiais as roupas s\u00e3o feitas, custos de envio, datas de entrega previstas, solicita\u00e7\u00f5es de reembolso etc. Eles podem n\u00e3o apenas querer enviar um [&hellip;]<\/p>\n","protected":false},"author":1,"featured_media":775,"parent":0,"menu_order":0,"comment_status":"closed","ping_status":"closed","template":"","meta":{"_et_pb_use_builder":"on","_et_pb_old_content":"","_et_gb_content_width":""},"yoast_head":"<!-- This site is optimized with the Yoast SEO plugin v20.12 - https:\/\/yoast.com\/wordpress\/plugins\/seo\/ -->\n<title>O que \u00e9 Support Desk - Babel-Team<\/title>\n<meta name=\"description\" content=\"Si tienes clientes y quieres mantenerlos fieles, Freshdesk Support Desk y tu equipo son la soluci\u00f3n. Agenda una desmostraci\u00f3n gratuita!\" \/>\n<meta name=\"robots\" content=\"index, follow, max-snippet:-1, max-image-preview:large, max-video-preview:-1\" \/>\n<link rel=\"canonical\" href=\"https:\/\/babelteam.com\/pt\/o-que-e-support-desk\/\" \/>\n<meta property=\"og:locale\" content=\"pt_BR\" \/>\n<meta property=\"og:type\" content=\"article\" \/>\n<meta property=\"og:title\" content=\"O que \u00e9 Support Desk - Babel-Team\" \/>\n<meta property=\"og:description\" content=\"Si tienes clientes y quieres mantenerlos fieles, Freshdesk Support Desk y tu equipo son la soluci\u00f3n. Agenda una desmostraci\u00f3n gratuita!\" \/>\n<meta property=\"og:url\" content=\"https:\/\/babelteam.com\/pt\/o-que-e-support-desk\/\" \/>\n<meta property=\"og:site_name\" content=\"Babel-Team\" \/>\n<meta property=\"article:modified_time\" content=\"2022-06-15T16:45:06+00:00\" \/>\n<meta property=\"og:image\" content=\"https:\/\/babelteam.com\/pt\/wp-content\/uploads\/2022\/03\/freshdesk-helpdesk.jpg\" \/>\n\t<meta property=\"og:image:width\" content=\"600\" \/>\n\t<meta property=\"og:image:height\" content=\"464\" \/>\n\t<meta property=\"og:image:type\" content=\"image\/jpeg\" \/>\n<meta name=\"twitter:card\" content=\"summary_large_image\" \/>\n<meta name=\"twitter:label1\" content=\"Est. tempo de leitura\" \/>\n\t<meta name=\"twitter:data1\" content=\"3 minutos\" \/>\n<script type=\"application\/ld+json\" class=\"yoast-schema-graph\">{\"@context\":\"https:\/\/schema.org\",\"@graph\":[{\"@type\":\"WebPage\",\"@id\":\"https:\/\/babelteam.com\/pt\/o-que-e-support-desk\/\",\"url\":\"https:\/\/babelteam.com\/pt\/o-que-e-support-desk\/\",\"name\":\"O que \u00e9 Support Desk - Babel-Team\",\"isPartOf\":{\"@id\":\"https:\/\/babelteam.com\/pt\/#website\"},\"datePublished\":\"2022-03-30T17:30:43+00:00\",\"dateModified\":\"2022-06-15T16:45:06+00:00\",\"description\":\"Si tienes clientes y quieres mantenerlos fieles, Freshdesk Support Desk y tu equipo son la soluci\u00f3n. Agenda una desmostraci\u00f3n gratuita!\",\"breadcrumb\":{\"@id\":\"https:\/\/babelteam.com\/pt\/o-que-e-support-desk\/#breadcrumb\"},\"inLanguage\":\"pt-BR\",\"potentialAction\":[{\"@type\":\"ReadAction\",\"target\":[\"https:\/\/babelteam.com\/pt\/o-que-e-support-desk\/\"]}]},{\"@type\":\"BreadcrumbList\",\"@id\":\"https:\/\/babelteam.com\/pt\/o-que-e-support-desk\/#breadcrumb\",\"itemListElement\":[{\"@type\":\"ListItem\",\"position\":1,\"name\":\"Portada\",\"item\":\"https:\/\/babelteam.com\/pt\/\"},{\"@type\":\"ListItem\",\"position\":2,\"name\":\"O que \u00e9 Support Desk\"}]},{\"@type\":\"WebSite\",\"@id\":\"https:\/\/babelteam.com\/pt\/#website\",\"url\":\"https:\/\/babelteam.com\/pt\/\",\"name\":\"Babel-Team\",\"description\":\"Strategic Solutions for Digital Innovation\",\"publisher\":{\"@id\":\"https:\/\/babelteam.com\/pt\/#organization\"},\"alternateName\":\"Babelteam\",\"potentialAction\":[{\"@type\":\"SearchAction\",\"target\":{\"@type\":\"EntryPoint\",\"urlTemplate\":\"https:\/\/babelteam.com\/pt\/?s={search_term_string}\"},\"query-input\":\"required name=search_term_string\"}],\"inLanguage\":\"pt-BR\"},{\"@type\":\"Organization\",\"@id\":\"https:\/\/babelteam.com\/pt\/#organization\",\"name\":\"Babel-Team\",\"alternateName\":\"Babel-Team E-Business, Cursos e Treinamentos Empresariais LTDA\",\"url\":\"https:\/\/babelteam.com\/pt\/\",\"logo\":{\"@type\":\"ImageObject\",\"inLanguage\":\"pt-BR\",\"@id\":\"https:\/\/babelteam.com\/pt\/#\/schema\/logo\/image\/\",\"url\":\"https:\/\/babelteam.com\/pt\/wp-content\/uploads\/2022\/07\/babelteam.jpg\",\"contentUrl\":\"https:\/\/babelteam.com\/pt\/wp-content\/uploads\/2022\/07\/babelteam.jpg\",\"width\":250,\"height\":71,\"caption\":\"Babel-Team\"},\"image\":{\"@id\":\"https:\/\/babelteam.com\/pt\/#\/schema\/logo\/image\/\"}}]}<\/script>\n<!-- \/ Yoast SEO plugin. -->","yoast_head_json":{"title":"O que \u00e9 Support Desk - Babel-Team","description":"Si tienes clientes y quieres mantenerlos fieles, Freshdesk Support Desk y tu equipo son la soluci\u00f3n. Agenda una desmostraci\u00f3n gratuita!","robots":{"index":"index","follow":"follow","max-snippet":"max-snippet:-1","max-image-preview":"max-image-preview:large","max-video-preview":"max-video-preview:-1"},"canonical":"https:\/\/babelteam.com\/pt\/o-que-e-support-desk\/","og_locale":"pt_BR","og_type":"article","og_title":"O que \u00e9 Support Desk - Babel-Team","og_description":"Si tienes clientes y quieres mantenerlos fieles, Freshdesk Support Desk y tu equipo son la soluci\u00f3n. Agenda una desmostraci\u00f3n gratuita!","og_url":"https:\/\/babelteam.com\/pt\/o-que-e-support-desk\/","og_site_name":"Babel-Team","article_modified_time":"2022-06-15T16:45:06+00:00","og_image":[{"width":600,"height":464,"url":"https:\/\/babelteam.com\/pt\/wp-content\/uploads\/2022\/03\/freshdesk-helpdesk.jpg","type":"image\/jpeg"}],"twitter_card":"summary_large_image","twitter_misc":{"Est. tempo de leitura":"3 minutos"},"schema":{"@context":"https:\/\/schema.org","@graph":[{"@type":"WebPage","@id":"https:\/\/babelteam.com\/pt\/o-que-e-support-desk\/","url":"https:\/\/babelteam.com\/pt\/o-que-e-support-desk\/","name":"O que \u00e9 Support Desk - Babel-Team","isPartOf":{"@id":"https:\/\/babelteam.com\/pt\/#website"},"datePublished":"2022-03-30T17:30:43+00:00","dateModified":"2022-06-15T16:45:06+00:00","description":"Si tienes clientes y quieres mantenerlos fieles, Freshdesk Support Desk y tu equipo son la soluci\u00f3n. Agenda una desmostraci\u00f3n gratuita!","breadcrumb":{"@id":"https:\/\/babelteam.com\/pt\/o-que-e-support-desk\/#breadcrumb"},"inLanguage":"pt-BR","potentialAction":[{"@type":"ReadAction","target":["https:\/\/babelteam.com\/pt\/o-que-e-support-desk\/"]}]},{"@type":"BreadcrumbList","@id":"https:\/\/babelteam.com\/pt\/o-que-e-support-desk\/#breadcrumb","itemListElement":[{"@type":"ListItem","position":1,"name":"Portada","item":"https:\/\/babelteam.com\/pt\/"},{"@type":"ListItem","position":2,"name":"O que \u00e9 Support Desk"}]},{"@type":"WebSite","@id":"https:\/\/babelteam.com\/pt\/#website","url":"https:\/\/babelteam.com\/pt\/","name":"Babel-Team","description":"Strategic Solutions for Digital Innovation","publisher":{"@id":"https:\/\/babelteam.com\/pt\/#organization"},"alternateName":"Babelteam","potentialAction":[{"@type":"SearchAction","target":{"@type":"EntryPoint","urlTemplate":"https:\/\/babelteam.com\/pt\/?s={search_term_string}"},"query-input":"required name=search_term_string"}],"inLanguage":"pt-BR"},{"@type":"Organization","@id":"https:\/\/babelteam.com\/pt\/#organization","name":"Babel-Team","alternateName":"Babel-Team E-Business, Cursos e Treinamentos Empresariais LTDA","url":"https:\/\/babelteam.com\/pt\/","logo":{"@type":"ImageObject","inLanguage":"pt-BR","@id":"https:\/\/babelteam.com\/pt\/#\/schema\/logo\/image\/","url":"https:\/\/babelteam.com\/pt\/wp-content\/uploads\/2022\/07\/babelteam.jpg","contentUrl":"https:\/\/babelteam.com\/pt\/wp-content\/uploads\/2022\/07\/babelteam.jpg","width":250,"height":71,"caption":"Babel-Team"},"image":{"@id":"https:\/\/babelteam.com\/pt\/#\/schema\/logo\/image\/"}}]}},"_links":{"self":[{"href":"https:\/\/babelteam.com\/pt\/wp-json\/wp\/v2\/pages\/769"}],"collection":[{"href":"https:\/\/babelteam.com\/pt\/wp-json\/wp\/v2\/pages"}],"about":[{"href":"https:\/\/babelteam.com\/pt\/wp-json\/wp\/v2\/types\/page"}],"author":[{"embeddable":true,"href":"https:\/\/babelteam.com\/pt\/wp-json\/wp\/v2\/users\/1"}],"replies":[{"embeddable":true,"href":"https:\/\/babelteam.com\/pt\/wp-json\/wp\/v2\/comments?post=769"}],"version-history":[{"count":10,"href":"https:\/\/babelteam.com\/pt\/wp-json\/wp\/v2\/pages\/769\/revisions"}],"predecessor-version":[{"id":1522,"href":"https:\/\/babelteam.com\/pt\/wp-json\/wp\/v2\/pages\/769\/revisions\/1522"}],"wp:featuredmedia":[{"embeddable":true,"href":"https:\/\/babelteam.com\/pt\/wp-json\/wp\/v2\/media\/775"}],"wp:attachment":[{"href":"https:\/\/babelteam.com\/pt\/wp-json\/wp\/v2\/media?parent=769"}],"curies":[{"name":"wp","href":"https:\/\/api.w.org\/{rel}","templated":true}]}}