{"id":979,"date":"2022-04-01T20:27:27","date_gmt":"2022-04-01T20:27:27","guid":{"rendered":"https:\/\/babelteam.com\/pt\/?page_id=979"},"modified":"2022-06-15T18:22:34","modified_gmt":"2022-06-15T18:22:34","slug":"o-que-e-it-service-management","status":"publish","type":"page","link":"https:\/\/babelteam.com\/pt\/o-que-e-it-service-management\/","title":{"rendered":"O que \u00e9 IT service management"},"content":{"rendered":"\n[et_pb_section fb_built=&#8221;1&#8243; _builder_version=&#8221;4.16.0&#8243; _module_preset=&#8221;default&#8221; background_enable_color=&#8221;off&#8221; background_image=&#8221;https:\/\/babelteam.com\/pt\/wp-content\/uploads\/2022\/01\/digital-imnovation-babelteam-background-r.jpg&#8221; background_size=&#8221;initial&#8221; background_position=&#8221;top_left&#8221; custom_padding=&#8221;0px||0px|||&#8221; bottom_divider_color=&#8221;rgba(58,96,113,0.06)&#8221; global_colors_info=&#8221;{}&#8221; da_is_popup=&#8221;off&#8221; da_exit_intent=&#8221;off&#8221; da_has_close=&#8221;on&#8221; da_alt_close=&#8221;off&#8221; da_dark_close=&#8221;off&#8221; da_not_modal=&#8221;on&#8221; da_is_singular=&#8221;off&#8221; da_with_loader=&#8221;off&#8221; da_has_shadow=&#8221;on&#8221; da_disable_devices=&#8221;off|off|off&#8221;][et_pb_row column_structure=&#8221;3_5,2_5&#8243; _builder_version=&#8221;4.16&#8243; _module_preset=&#8221;default&#8221; global_colors_info=&#8221;{}&#8221;][et_pb_column type=&#8221;3_5&#8243; _builder_version=&#8221;4.16&#8243; _module_preset=&#8221;default&#8221; global_colors_info=&#8221;{}&#8221;][et_pb_text _builder_version=&#8221;4.17.4&#8243; _module_preset=&#8221;default&#8221; header_3_font=&#8221;||on||||||&#8221; header_3_text_color=&#8221;#809BA5&#8243; header_3_font_size=&#8221;27px&#8221; custom_margin=&#8221;||4px|||&#8221; hover_enabled=&#8221;0&#8243; locked=&#8221;off&#8221; global_colors_info=&#8221;{}&#8221; sticky_enabled=&#8221;0&#8243;]<h3>O que significa&#8230;<\/h3>[\/et_pb_text][et_pb_text _builder_version=&#8221;4.16.0&#8243; _module_preset=&#8221;default&#8221; header_font=&#8221;|800|||||||&#8221; header_text_color=&#8221;#3A6071&#8243; header_font_size=&#8221;42px&#8221; custom_margin=&#8221;-1px|||||&#8221; global_colors_info=&#8221;{}&#8221;]<h1>IT Service Management?<\/h1>[\/et_pb_text][et_pb_text ul_item_indent=&#8221;40px&#8221; ol_item_indent=&#8221;30px&#8221; _builder_version=&#8221;4.17.4&#8243; _module_preset=&#8221;default&#8221; text_text_color=&#8221;#000000&#8243; header_2_text_color=&#8221;#3A6071&#8243; header_2_font_size=&#8221;17px&#8221; header_2_line_height=&#8221;1.5em&#8221; header_3_text_color=&#8221;#809BA5&#8243; header_3_font_size=&#8221;19px&#8221; text_orientation=&#8221;justified&#8221; module_alignment=&#8221;center&#8221; custom_padding=&#8221;0px||0px|||&#8221; hover_enabled=&#8221;0&#8243; global_colors_info=&#8221;{}&#8221; sticky_enabled=&#8221;0&#8243;]<h2>Gest\u00e3o de servi\u00e7os de tecnologia da informa\u00e7\u00e3o ou <strong>Gest\u00e3o de Servi\u00e7os de TI<\/strong> \u00e9 uma disciplina baseada em processos, focada em alinhar os servi\u00e7os de TI prestados \u00e0s necessidades das empresas, enfatizando os benef\u00edcios que o cliente final pode perceber.<\/h2>\n<h2>Se o transformarmos em software, ele \u00e9 projetado para ter todas as ferramentas necess\u00e1rias para gerenciar o provisionamento, capacidade, desempenho e disponibilidade de recursos de computa\u00e7\u00e3o, rede e aplicativos, bem como a qualidade, efici\u00eancia e experi\u00eancia geral de sua entrega.<\/h2>[\/et_pb_text][\/et_pb_column][et_pb_column type=&#8221;2_5&#8243; _builder_version=&#8221;4.16&#8243; _module_preset=&#8221;default&#8221; global_colors_info=&#8221;{}&#8221;][et_pb_image src=&#8221;https:\/\/babelteam.com\/pt\/wp-content\/uploads\/2022\/03\/freshdesk-contact-center.gif&#8221; alt=&#8221;IT Service Management. Freshservice&#8221; title_text=&#8221;IT Service Management. Freshservice&#8221; url=&#8221;https:\/\/babelteam.com\/pt\/herramientas\/freshworks\/freshservice\/&#8221; align=&#8221;center&#8221; _builder_version=&#8221;4.16.1&#8243; _module_preset=&#8221;default&#8221; width=&#8221;76%&#8221; custom_padding=&#8221;70px|||||&#8221; global_colors_info=&#8221;{}&#8221;][\/et_pb_image][\/et_pb_column][\/et_pb_row][et_pb_row _builder_version=&#8221;4.16&#8243; _module_preset=&#8221;default&#8221; global_colors_info=&#8221;{}&#8221; custom_padding=&#8221;2px|||||&#8221;][et_pb_column type=&#8221;4_4&#8243; _builder_version=&#8221;4.16&#8243; _module_preset=&#8221;default&#8221; global_colors_info=&#8221;{}&#8221;][et_pb_text ul_item_indent=&#8221;40px&#8221; ol_item_indent=&#8221;30px&#8221; _builder_version=&#8221;4.17.4&#8243; _module_preset=&#8221;default&#8221; text_text_color=&#8221;#000000&#8243; header_2_text_color=&#8221;#3A6071&#8243; header_2_font_size=&#8221;22px&#8221; header_2_line_height=&#8221;1.5em&#8221; header_3_text_color=&#8221;#809BA5&#8243; header_3_font_size=&#8221;19px&#8221; text_orientation=&#8221;justified&#8221; module_alignment=&#8221;center&#8221; hover_enabled=&#8221;0&#8243; global_colors_info=&#8221;{}&#8221; sticky_enabled=&#8221;0&#8243;]<h2><strong>\u00c9 usado para&#8230;<\/strong><\/h2>\n<p><span style=\"font-weight: 400;\">Ele \u00e9 usado para fazer uma transi\u00e7\u00e3o suave para um software de suporte t\u00e9cnico moderno e eficiente, alinhado \u00e0 Biblioteca de Infraestrutura de Tecnologia da Informa\u00e7\u00e3o (ITIL), que n\u00e3o requer treinamento.<\/span><\/p>[\/et_pb_text][et_pb_text ul_item_indent=&#8221;40px&#8221; ol_item_indent=&#8221;30px&#8221; _builder_version=&#8221;4.17.4&#8243; _module_preset=&#8221;default&#8221; text_text_color=&#8221;#000000&#8243; header_2_text_color=&#8221;#3A6071&#8243; header_2_font_size=&#8221;22px&#8221; header_2_line_height=&#8221;1.5em&#8221; header_3_text_color=&#8221;#809BA5&#8243; header_3_font_size=&#8221;19px&#8221; text_orientation=&#8221;justified&#8221; module_alignment=&#8221;center&#8221; custom_padding=&#8221;|||0px||&#8221; hover_enabled=&#8221;0&#8243; global_colors_info=&#8221;{}&#8221; sticky_enabled=&#8221;0&#8243;]<h2><strong>Quais problemas podem ser resolvidos\u00a0<\/strong><\/h2>\n<ul>\n<li><strong>Gerenciamento de incidentes<\/strong><br \/>Permita que os usu\u00e1rios gerem tickets por e-mail, portal de autoatendimento, telefone ou pessoalmente. Acompanhe, priorize, atribua e automatize os processos de resolu\u00e7\u00e3o para impulsionar a efici\u00eancia da central de servi\u00e7os.<\/li>\n<li><strong>Gerenciamento de SLA<\/strong><br \/>O <strong>IT Service<\/strong> Suite permite que voc\u00ea defina v\u00e1rias pol\u00edticas de SLA (Service Level Agreement) para criar prazos de tarefas com base em diferentes hor\u00e1rios comerciais ou categorias de tickets. Agora voc\u00ea pode resolver t\u00edquetes com base na prioridade e automatizar as regras de escalonamento para comunicar viola\u00e7\u00f5es na central de atendimento.<\/li>\n<li><strong>Automa\u00e7\u00f5es e IA\/ML<\/strong><br \/>Fique por dentro das tarefas e eventos de alta prioridade que precisam de sua aten\u00e7\u00e3o. Tome uma decis\u00e3o inteligente usando IA\/ML e automa\u00e7\u00f5es para cuidar de outras tarefas de menor prioridade.<\/li>\n<li><strong>Portal de autoatendimento<\/strong><br \/>Permita que os usu\u00e1rios pesquisem solu\u00e7\u00f5es em sua base de conhecimento e enviem solicita\u00e7\u00f5es diretamente do portal de suporte da central de servi\u00e7os, que pode ser personalizado para refletir a identidade da sua marca.<\/li>\n<\/ul>[\/et_pb_text][\/et_pb_column][\/et_pb_row][\/et_pb_section][et_pb_section fb_built=&#8221;1&#8243; _builder_version=&#8221;4.16.0&#8243; _module_preset=&#8221;default&#8221; background_enable_color=&#8221;off&#8221; background_enable_image=&#8221;off&#8221; background_size=&#8221;initial&#8221; background_position=&#8221;center_right&#8221; background_enable_mask_style=&#8221;on&#8221; background_mask_style=&#8221;chevrons&#8221; background_mask_color=&#8221;rgba(12,113,195,0.05)&#8221; background_mask_transform=&#8221;invert&#8221; custom_padding=&#8221;19px|||||&#8221; top_divider_color=&#8221;rgba(185,185,184,0.14)&#8221; top_divider_height=&#8221;265px&#8221; locked=&#8221;off&#8221; global_colors_info=&#8221;{}&#8221; da_is_popup=&#8221;off&#8221; da_exit_intent=&#8221;off&#8221; da_has_close=&#8221;on&#8221; da_alt_close=&#8221;off&#8221; da_dark_close=&#8221;off&#8221; da_not_modal=&#8221;on&#8221; da_is_singular=&#8221;off&#8221; da_with_loader=&#8221;off&#8221; da_has_shadow=&#8221;on&#8221; da_disable_devices=&#8221;off|off|off&#8221;][et_pb_row _builder_version=&#8221;4.16&#8243; _module_preset=&#8221;default&#8221; custom_padding=&#8221;25px|||||&#8221; global_colors_info=&#8221;{}&#8221;][et_pb_column type=&#8221;4_4&#8243; _builder_version=&#8221;4.16&#8243; _module_preset=&#8221;default&#8221; global_colors_info=&#8221;{}&#8221;][et_pb_text ul_item_indent=&#8221;40px&#8221; ol_item_indent=&#8221;30px&#8221; _builder_version=&#8221;4.16.0&#8243; _module_preset=&#8221;default&#8221; text_text_color=&#8221;#000000&#8243; header_text_color=&#8221;#3A6071&#8243; header_2_font=&#8221;|800|||||||&#8221; header_2_text_color=&#8221;#3A6071&#8243; header_2_font_size=&#8221;30px&#8221; header_2_line_height=&#8221;1.5em&#8221; header_3_font_size=&#8221;18px&#8221; header_3_line_height=&#8221;1.5em&#8221; text_orientation=&#8221;justified&#8221; width=&#8221;80%&#8221; module_alignment=&#8221;center&#8221; custom_margin=&#8221;||11px|||&#8221; custom_padding=&#8221;||0px|0px||&#8221; global_colors_info=&#8221;{}&#8221;]<h2 style=\"text-align: center;\">Juntamente com nossos especialistas, conhe\u00e7a o software que o ajudar\u00e1 a reestruturar sua gest\u00e3o de servi\u00e7os de TI de forma r\u00e1pida e eficaz<\/h2>[\/et_pb_text][et_pb_image src=&#8221;https:\/\/babelteam.com\/pt\/wp-content\/uploads\/2022\/04\/freshservice.png&#8221; alt=&#8221;IT Service Management. Freshservice&#8221; title_text=&#8221;IT Service Management. Freshservice&#8221; url=&#8221;https:\/\/babelteam.com\/pt\/herramientas\/freshworks\/freshservice\/&#8221; _builder_version=&#8221;4.16.1&#8243; _module_preset=&#8221;default&#8221; width=&#8221;25%&#8221; module_alignment=&#8221;center&#8221; custom_margin=&#8221;||60px|||&#8221; global_colors_info=&#8221;{}&#8221;][\/et_pb_image][et_pb_image src=&#8221;https:\/\/babelteam.com\/pt\/wp-content\/uploads\/2022\/03\/Equipe-Freshworks.gif&#8221; alt=&#8221;IT Service Management. Freshservice. Especialistas &#8221; title_text=&#8221;IT Service Management. Freshservice. Especialistas &#8221; align=&#8221;center&#8221; _builder_version=&#8221;4.16.1&#8243; _module_preset=&#8221;default&#8221; width=&#8221;29%&#8221; global_colors_info=&#8221;{}&#8221;][\/et_pb_image][et_pb_button button_url=&#8221;https:\/\/babel.team\/agendafabio&#8221; url_new_window=&#8221;on&#8221; button_text=&#8221;Agende uma reuni\u00e3o&#8221; button_alignment=&#8221;center&#8221; _builder_version=&#8221;4.17.4&#8243; _module_preset=&#8221;default&#8221; custom_button=&#8221;on&#8221; button_text_size=&#8221;27px&#8221; button_text_color=&#8221;#FFFFFF&#8221; button_bg_color=&#8221;#3A6071&#8243; button_border_width=&#8221;0px&#8221; button_border_radius=&#8221;0px&#8221; button_font=&#8221;|800|||||||&#8221; button_use_icon=&#8221;off&#8221; custom_margin=&#8221;||6px|||&#8221; hover_enabled=&#8221;0&#8243; box_shadow_style=&#8221;preset2&#8243; global_colors_info=&#8221;{}&#8221; button_bg_color__hover_enabled=&#8221;on|desktop&#8221; button_bg_color__hover=&#8221;#809BA5&#8243; button_bg_enable_color__hover=&#8221;on&#8221; sticky_enabled=&#8221;0&#8243;][\/et_pb_button][et_pb_text _builder_version=&#8221;4.17.4&#8243; _module_preset=&#8221;default&#8221; text_text_color=&#8221;#000000&#8243; text_orientation=&#8221;center&#8221; hover_enabled=&#8221;0&#8243; global_colors_info=&#8221;{}&#8221; sticky_enabled=&#8221;0&#8243;]<p>Sem custo e sem compromisso de compra<\/p>[\/et_pb_text][\/et_pb_column][\/et_pb_row][\/et_pb_section]\n","protected":false},"excerpt":{"rendered":"<p>O que significa&#8230;IT Service Management?Gest\u00e3o de servi\u00e7os de tecnologia da informa\u00e7\u00e3o ou Gest\u00e3o de Servi\u00e7os de TI \u00e9 uma disciplina baseada em processos, focada em alinhar os servi\u00e7os de TI prestados \u00e0s necessidades das empresas, enfatizando os benef\u00edcios que o cliente final pode perceber. Se o transformarmos em software, ele \u00e9 projetado para ter todas [&hellip;]<\/p>\n","protected":false},"author":1,"featured_media":886,"parent":0,"menu_order":0,"comment_status":"closed","ping_status":"closed","template":"","meta":{"_et_pb_use_builder":"on","_et_pb_old_content":"","_et_gb_content_width":""},"yoast_head":"<!-- This site is optimized with the Yoast SEO plugin v20.12 - https:\/\/yoast.com\/wordpress\/plugins\/seo\/ -->\n<title>O que \u00e9 IT service management - Babel-Team<\/title>\n<meta name=\"description\" content=\"La gesti\u00f3n de servicios de tecnolog\u00edas de la informaci\u00f3n o IT Service Management, es una disciplina basada en procesos.\" \/>\n<meta name=\"robots\" content=\"index, follow, max-snippet:-1, max-image-preview:large, max-video-preview:-1\" \/>\n<link rel=\"canonical\" href=\"https:\/\/babelteam.com\/pt\/o-que-e-it-service-management\/\" \/>\n<meta property=\"og:locale\" content=\"pt_BR\" \/>\n<meta property=\"og:type\" content=\"article\" \/>\n<meta property=\"og:title\" content=\"O que \u00e9 IT service management - Babel-Team\" \/>\n<meta property=\"og:description\" content=\"La gesti\u00f3n de servicios de tecnolog\u00edas de la informaci\u00f3n o IT Service Management, es una disciplina basada en procesos.\" \/>\n<meta property=\"og:url\" content=\"https:\/\/babelteam.com\/pt\/o-que-e-it-service-management\/\" \/>\n<meta property=\"og:site_name\" content=\"Babel-Team\" \/>\n<meta property=\"article:modified_time\" content=\"2022-06-15T18:22:34+00:00\" \/>\n<meta property=\"og:image\" content=\"https:\/\/babelteam.com\/pt\/wp-content\/uploads\/2022\/03\/freshdesk-contact-center.gif\" \/>\n\t<meta property=\"og:image:width\" content=\"700\" \/>\n\t<meta property=\"og:image:height\" content=\"467\" \/>\n\t<meta property=\"og:image:type\" content=\"image\/gif\" \/>\n<meta name=\"twitter:card\" content=\"summary_large_image\" \/>\n<meta name=\"twitter:label1\" content=\"Est. tempo de leitura\" \/>\n\t<meta name=\"twitter:data1\" content=\"3 minutos\" \/>\n<script type=\"application\/ld+json\" class=\"yoast-schema-graph\">{\"@context\":\"https:\/\/schema.org\",\"@graph\":[{\"@type\":\"WebPage\",\"@id\":\"https:\/\/babelteam.com\/pt\/o-que-e-it-service-management\/\",\"url\":\"https:\/\/babelteam.com\/pt\/o-que-e-it-service-management\/\",\"name\":\"O que \u00e9 IT service management - Babel-Team\",\"isPartOf\":{\"@id\":\"https:\/\/babelteam.com\/pt\/#website\"},\"datePublished\":\"2022-04-01T20:27:27+00:00\",\"dateModified\":\"2022-06-15T18:22:34+00:00\",\"description\":\"La gesti\u00f3n de servicios de tecnolog\u00edas de la informaci\u00f3n o IT Service Management, es una disciplina basada en procesos.\",\"breadcrumb\":{\"@id\":\"https:\/\/babelteam.com\/pt\/o-que-e-it-service-management\/#breadcrumb\"},\"inLanguage\":\"pt-BR\",\"potentialAction\":[{\"@type\":\"ReadAction\",\"target\":[\"https:\/\/babelteam.com\/pt\/o-que-e-it-service-management\/\"]}]},{\"@type\":\"BreadcrumbList\",\"@id\":\"https:\/\/babelteam.com\/pt\/o-que-e-it-service-management\/#breadcrumb\",\"itemListElement\":[{\"@type\":\"ListItem\",\"position\":1,\"name\":\"Portada\",\"item\":\"https:\/\/babelteam.com\/pt\/\"},{\"@type\":\"ListItem\",\"position\":2,\"name\":\"O que \u00e9 IT service management\"}]},{\"@type\":\"WebSite\",\"@id\":\"https:\/\/babelteam.com\/pt\/#website\",\"url\":\"https:\/\/babelteam.com\/pt\/\",\"name\":\"Babel-Team\",\"description\":\"Strategic Solutions for Digital Innovation\",\"publisher\":{\"@id\":\"https:\/\/babelteam.com\/pt\/#organization\"},\"alternateName\":\"Babelteam\",\"potentialAction\":[{\"@type\":\"SearchAction\",\"target\":{\"@type\":\"EntryPoint\",\"urlTemplate\":\"https:\/\/babelteam.com\/pt\/?s={search_term_string}\"},\"query-input\":\"required name=search_term_string\"}],\"inLanguage\":\"pt-BR\"},{\"@type\":\"Organization\",\"@id\":\"https:\/\/babelteam.com\/pt\/#organization\",\"name\":\"Babel-Team\",\"alternateName\":\"Babel-Team E-Business, Cursos e Treinamentos Empresariais LTDA\",\"url\":\"https:\/\/babelteam.com\/pt\/\",\"logo\":{\"@type\":\"ImageObject\",\"inLanguage\":\"pt-BR\",\"@id\":\"https:\/\/babelteam.com\/pt\/#\/schema\/logo\/image\/\",\"url\":\"https:\/\/babelteam.com\/pt\/wp-content\/uploads\/2022\/07\/babelteam.jpg\",\"contentUrl\":\"https:\/\/babelteam.com\/pt\/wp-content\/uploads\/2022\/07\/babelteam.jpg\",\"width\":250,\"height\":71,\"caption\":\"Babel-Team\"},\"image\":{\"@id\":\"https:\/\/babelteam.com\/pt\/#\/schema\/logo\/image\/\"}}]}<\/script>\n<!-- \/ Yoast SEO plugin. -->","yoast_head_json":{"title":"O que \u00e9 IT service management - Babel-Team","description":"La gesti\u00f3n de servicios de tecnolog\u00edas de la informaci\u00f3n o IT Service Management, es una disciplina basada en procesos.","robots":{"index":"index","follow":"follow","max-snippet":"max-snippet:-1","max-image-preview":"max-image-preview:large","max-video-preview":"max-video-preview:-1"},"canonical":"https:\/\/babelteam.com\/pt\/o-que-e-it-service-management\/","og_locale":"pt_BR","og_type":"article","og_title":"O que \u00e9 IT service management - Babel-Team","og_description":"La gesti\u00f3n de servicios de tecnolog\u00edas de la informaci\u00f3n o IT Service Management, es una disciplina basada en procesos.","og_url":"https:\/\/babelteam.com\/pt\/o-que-e-it-service-management\/","og_site_name":"Babel-Team","article_modified_time":"2022-06-15T18:22:34+00:00","og_image":[{"width":700,"height":467,"url":"https:\/\/babelteam.com\/pt\/wp-content\/uploads\/2022\/03\/freshdesk-contact-center.gif","type":"image\/gif"}],"twitter_card":"summary_large_image","twitter_misc":{"Est. tempo de leitura":"3 minutos"},"schema":{"@context":"https:\/\/schema.org","@graph":[{"@type":"WebPage","@id":"https:\/\/babelteam.com\/pt\/o-que-e-it-service-management\/","url":"https:\/\/babelteam.com\/pt\/o-que-e-it-service-management\/","name":"O que \u00e9 IT service management - Babel-Team","isPartOf":{"@id":"https:\/\/babelteam.com\/pt\/#website"},"datePublished":"2022-04-01T20:27:27+00:00","dateModified":"2022-06-15T18:22:34+00:00","description":"La gesti\u00f3n de servicios de tecnolog\u00edas de la informaci\u00f3n o IT Service Management, es una disciplina basada en procesos.","breadcrumb":{"@id":"https:\/\/babelteam.com\/pt\/o-que-e-it-service-management\/#breadcrumb"},"inLanguage":"pt-BR","potentialAction":[{"@type":"ReadAction","target":["https:\/\/babelteam.com\/pt\/o-que-e-it-service-management\/"]}]},{"@type":"BreadcrumbList","@id":"https:\/\/babelteam.com\/pt\/o-que-e-it-service-management\/#breadcrumb","itemListElement":[{"@type":"ListItem","position":1,"name":"Portada","item":"https:\/\/babelteam.com\/pt\/"},{"@type":"ListItem","position":2,"name":"O que \u00e9 IT service management"}]},{"@type":"WebSite","@id":"https:\/\/babelteam.com\/pt\/#website","url":"https:\/\/babelteam.com\/pt\/","name":"Babel-Team","description":"Strategic Solutions for Digital Innovation","publisher":{"@id":"https:\/\/babelteam.com\/pt\/#organization"},"alternateName":"Babelteam","potentialAction":[{"@type":"SearchAction","target":{"@type":"EntryPoint","urlTemplate":"https:\/\/babelteam.com\/pt\/?s={search_term_string}"},"query-input":"required name=search_term_string"}],"inLanguage":"pt-BR"},{"@type":"Organization","@id":"https:\/\/babelteam.com\/pt\/#organization","name":"Babel-Team","alternateName":"Babel-Team E-Business, Cursos e Treinamentos Empresariais LTDA","url":"https:\/\/babelteam.com\/pt\/","logo":{"@type":"ImageObject","inLanguage":"pt-BR","@id":"https:\/\/babelteam.com\/pt\/#\/schema\/logo\/image\/","url":"https:\/\/babelteam.com\/pt\/wp-content\/uploads\/2022\/07\/babelteam.jpg","contentUrl":"https:\/\/babelteam.com\/pt\/wp-content\/uploads\/2022\/07\/babelteam.jpg","width":250,"height":71,"caption":"Babel-Team"},"image":{"@id":"https:\/\/babelteam.com\/pt\/#\/schema\/logo\/image\/"}}]}},"_links":{"self":[{"href":"https:\/\/babelteam.com\/pt\/wp-json\/wp\/v2\/pages\/979"}],"collection":[{"href":"https:\/\/babelteam.com\/pt\/wp-json\/wp\/v2\/pages"}],"about":[{"href":"https:\/\/babelteam.com\/pt\/wp-json\/wp\/v2\/types\/page"}],"author":[{"embeddable":true,"href":"https:\/\/babelteam.com\/pt\/wp-json\/wp\/v2\/users\/1"}],"replies":[{"embeddable":true,"href":"https:\/\/babelteam.com\/pt\/wp-json\/wp\/v2\/comments?post=979"}],"version-history":[{"count":10,"href":"https:\/\/babelteam.com\/pt\/wp-json\/wp\/v2\/pages\/979\/revisions"}],"predecessor-version":[{"id":1525,"href":"https:\/\/babelteam.com\/pt\/wp-json\/wp\/v2\/pages\/979\/revisions\/1525"}],"wp:featuredmedia":[{"embeddable":true,"href":"https:\/\/babelteam.com\/pt\/wp-json\/wp\/v2\/media\/886"}],"wp:attachment":[{"href":"https:\/\/babelteam.com\/pt\/wp-json\/wp\/v2\/media?parent=979"}],"curies":[{"name":"wp","href":"https:\/\/api.w.org\/{rel}","templated":true}]}}