{"id":970,"date":"2022-04-01T19:41:55","date_gmt":"2022-04-01T19:41:55","guid":{"rendered":"https:\/\/babelteam.com\/v2\/?page_id=970"},"modified":"2022-06-16T13:08:46","modified_gmt":"2022-06-16T13:08:46","slug":"o-que-e-um-contact-center","status":"publish","type":"page","link":"https:\/\/babelteam.com\/v2\/o-que-e-um-contact-center\/","title":{"rendered":"Contact Center"},"content":{"rendered":"<p>[et_pb_section fb_built=\u00bb1&#8243; _builder_version=\u00bb4.16&#8243; _module_preset=\u00bbdefault\u00bb background_enable_color=\u00bboff\u00bb background_image=\u00bbhttps:\/\/babelteam.com\/v2\/wp-content\/uploads\/2022\/01\/digital-imnovation-babelteam-background-r.jpg\u00bb background_size=\u00bbinitial\u00bb background_position=\u00bbtop_left\u00bb custom_padding=\u00bb0px||0px|||\u00bb bottom_divider_style=\u00bbwaves2&#8243; bottom_divider_color=\u00bbrgba(58,96,113,0.06)\u00bb da_disable_devices=\u00bboff|off|off\u00bb global_colors_info=\u00bb{}\u00bb da_is_popup=\u00bboff\u00bb da_exit_intent=\u00bboff\u00bb da_has_close=\u00bbon\u00bb da_alt_close=\u00bboff\u00bb da_dark_close=\u00bboff\u00bb da_not_modal=\u00bbon\u00bb da_is_singular=\u00bboff\u00bb da_with_loader=\u00bboff\u00bb da_has_shadow=\u00bbon\u00bb][et_pb_row column_structure=\u00bb2_5,3_5&#8243; _builder_version=\u00bb4.16&#8243; _module_preset=\u00bbdefault\u00bb global_colors_info=\u00bb{}\u00bb][et_pb_column type=\u00bb2_5&#8243; _builder_version=\u00bb4.16&#8243; _module_preset=\u00bbdefault\u00bb global_colors_info=\u00bb{}\u00bb][et_pb_text _builder_version=\u00bb4.17.4&#8243; _module_preset=\u00bbdefault\u00bb header_3_font=\u00bb||on||||||\u00bb header_3_text_color=\u00bb#809BA5&#8243; header_3_font_size=\u00bb27px\u00bb custom_margin=\u00bb||4px|||\u00bb locked=\u00bboff\u00bb global_colors_info=\u00bb{}\u00bb]<\/p>\n<h3>O que \u00e9 um&#8230;<\/h3>\n<p>[\/et_pb_text][et_pb_text _builder_version=\u00bb4.16.1&#8243; _module_preset=\u00bbdefault\u00bb header_font=\u00bb|800|||||||\u00bb header_text_color=\u00bb#3A6071&#8243; header_font_size=\u00bb42px\u00bb custom_margin=\u00bb-1px|||||\u00bb global_colors_info=\u00bb{}\u00bb]<\/p>\n<h1>Contact Center?<\/h1>\n<p>[\/et_pb_text][et_pb_text ul_item_indent=\u00bb40px\u00bb ol_item_indent=\u00bb30px\u00bb _builder_version=\u00bb4.16&#8243; _module_preset=\u00bbdefault\u00bb text_text_color=\u00bb#000000&#8243; header_2_text_color=\u00bb#3A6071&#8243; header_2_font_size=\u00bb17px\u00bb header_2_line_height=\u00bb1.5em\u00bb header_3_text_color=\u00bb#809BA5&#8243; header_3_font_size=\u00bb19px\u00bb text_orientation=\u00bbjustified\u00bb module_alignment=\u00bbcenter\u00bb custom_padding=\u00bb0px|||||\u00bb global_colors_info=\u00bb{}\u00bb]<\/p>\n<h2>\u00c9 uma plataforma de voz online com esfor\u00e7o m\u00ednimo de configura\u00e7\u00e3o e desempenho m\u00e1ximo que se ajusta ao tamanho certo do seu neg\u00f3cio e consegue crescer com ele.<\/h2>\n<p>[\/et_pb_text][et_pb_text ul_item_indent=\u00bb40px\u00bb ol_item_indent=\u00bb30px\u00bb _builder_version=\u00bb4.17.4&#8243; _module_preset=\u00bbdefault\u00bb text_text_color=\u00bb#000000&#8243; header_2_text_color=\u00bb#3A6071&#8243; header_2_font_size=\u00bb22px\u00bb header_2_line_height=\u00bb1.5em\u00bb header_3_text_color=\u00bb#809BA5&#8243; header_3_font_size=\u00bb19px\u00bb text_orientation=\u00bbjustified\u00bb module_alignment=\u00bbcenter\u00bb global_colors_info=\u00bb{}\u00bb]<\/p>\n<h2><strong>Para que serve um Contact Center?<\/strong><\/h2>\n<ul>\n<li>Saiba tudo o que aconteceu em uma chamada usando grava\u00e7\u00f5es de chamadas, transcri\u00e7\u00f5es p\u00f3s-chamada e informa\u00e7\u00f5es do ciclo de vida da chamada.<\/li>\n<li>Monitore o desempenho do agente e monitore a satisfa\u00e7\u00e3o do cliente com pain\u00e9is ao vivo.<\/li>\n<li>Reduza a carga de trabalho de seus agentes.<\/li>\n<li>Reduza a carga de trabalho de seus agentes usando bots de voz com intelig\u00eancia artificial que respondem a consultas repetitivas.<\/li>\n<li>Reduza os tempos de espera e forne\u00e7a solu\u00e7\u00f5es confi\u00e1veis \u200b\u200bcom IVR e bots de voz habilitados para voz. Capacite seus agentes para fazer o melhor trabalho poss\u00edvel.<\/li>\n<\/ul>\n<p>[\/et_pb_text][\/et_pb_column][et_pb_column type=\u00bb3_5&#8243; _builder_version=\u00bb4.16&#8243; _module_preset=\u00bbdefault\u00bb global_colors_info=\u00bb{}\u00bb][et_pb_image src=\u00bbhttps:\/\/babelteam.com\/v2\/wp-content\/uploads\/2022\/03\/freshdesk-contact-center.gif\u00bb alt=\u00bbQu\u00e9 es un Contact Center\u00bb title_text=\u00bbQu\u00e9 es un Contact Center\u00bb align=\u00bbcenter\u00bb _builder_version=\u00bb4.16.1&#8243; _module_preset=\u00bbdefault\u00bb width=\u00bb76%\u00bb global_colors_info=\u00bb{}\u00bb][\/et_pb_image][et_pb_text ul_item_indent=\u00bb40px\u00bb ol_item_indent=\u00bb30px\u00bb _builder_version=\u00bb4.16.0&#8243; _module_preset=\u00bbdefault\u00bb text_text_color=\u00bb#000000&#8243; header_2_text_color=\u00bb#3A6071&#8243; header_2_font_size=\u00bb22px\u00bb header_2_line_height=\u00bb1.5em\u00bb header_3_text_color=\u00bb#809BA5&#8243; header_3_font_size=\u00bb19px\u00bb text_orientation=\u00bbjustified\u00bb module_alignment=\u00bbcenter\u00bb custom_margin=\u00bb128px|||||\u00bb global_colors_info=\u00bb{}\u00bb]<\/p>\n<ul>\n<li>Continue a conversa em qualquer canal.<\/li>\n<li>As liga\u00e7\u00f5es podem ser feitas dentro da plataforma e transformadas em ticket com um \u00fanico clique. Continue a conversa por qualquer canal, com todos os clientes.<\/li>\n<\/ul>\n<p>[\/et_pb_text][et_pb_text ul_item_indent=\u00bb40px\u00bb ol_item_indent=\u00bb30px\u00bb _builder_version=\u00bb4.16.1&#8243; _module_preset=\u00bbdefault\u00bb text_text_color=\u00bb#000000&#8243; header_2_text_color=\u00bb#3A6071&#8243; header_2_font_size=\u00bb22px\u00bb header_2_line_height=\u00bb1.5em\u00bb header_3_text_color=\u00bb#809BA5&#8243; header_3_font_size=\u00bb19px\u00bb text_orientation=\u00bbjustified\u00bb module_alignment=\u00bbcenter\u00bb custom_padding=\u00bb|||0px||\u00bb global_colors_info=\u00bb{}\u00bb]<\/p>\n<h2><strong>Quais problemas podem ser resolvidos em um Contact Center?<\/strong><\/h2>\n<p>Sem chamadas perdidas, tempos de espera mais baixos e suporte sempre ativo.<\/p>\n<p>[\/et_pb_text][\/et_pb_column][\/et_pb_row][\/et_pb_section][et_pb_section fb_built=\u00bb1&#8243; _builder_version=\u00bb4.16&#8243; _module_preset=\u00bbdefault\u00bb background_color=\u00bbrgba(40,237,233,0.31)\u00bb use_background_color_gradient=\u00bbon\u00bb background_color_gradient_stops=\u00bb#ffffff 0%|#28ede9 100%\u00bb background_color_gradient_start=\u00bb#ffffff\u00bb background_color_gradient_end=\u00bb#28ede9&#8243; background_enable_image=\u00bboff\u00bb background_size=\u00bbinitial\u00bb background_position=\u00bbcenter_right\u00bb custom_padding=\u00bb19px|||||\u00bb top_divider_color=\u00bbrgba(185,185,184,0.14)\u00bb top_divider_height=\u00bb265px\u00bb da_disable_devices=\u00bboff|off|off\u00bb locked=\u00bboff\u00bb global_colors_info=\u00bb{}\u00bb da_is_popup=\u00bboff\u00bb da_exit_intent=\u00bboff\u00bb da_has_close=\u00bbon\u00bb da_alt_close=\u00bboff\u00bb da_dark_close=\u00bboff\u00bb da_not_modal=\u00bbon\u00bb da_is_singular=\u00bboff\u00bb da_with_loader=\u00bboff\u00bb da_has_shadow=\u00bbon\u00bb][et_pb_row _builder_version=\u00bb4.16&#8243; _module_preset=\u00bbdefault\u00bb custom_padding=\u00bb25px|||||\u00bb global_colors_info=\u00bb{}\u00bb][et_pb_column type=\u00bb4_4&#8243; _builder_version=\u00bb4.16&#8243; _module_preset=\u00bbdefault\u00bb global_colors_info=\u00bb{}\u00bb][et_pb_text ul_item_indent=\u00bb40px\u00bb ol_item_indent=\u00bb30px\u00bb _builder_version=\u00bb4.17.4&#8243; _module_preset=\u00bbdefault\u00bb text_text_color=\u00bb#000000&#8243; header_text_color=\u00bb#3A6071&#8243; header_2_font=\u00bb|800|||||||\u00bb header_2_text_color=\u00bb#3A6071&#8243; header_2_font_size=\u00bb30px\u00bb header_2_line_height=\u00bb1.5em\u00bb header_3_font_size=\u00bb18px\u00bb header_3_line_height=\u00bb1.5em\u00bb text_orientation=\u00bbjustified\u00bb width=\u00bb80%\u00bb module_alignment=\u00bbcenter\u00bb custom_margin=\u00bb||2px|||\u00bb custom_padding=\u00bb||0px|0px||\u00bb global_colors_info=\u00bb{}\u00bb]<\/p>\n<h2 style=\"text-align: center;\">Precisa de um Contact Center?<\/h2>\n<p>[\/et_pb_text][et_pb_text _builder_version=\u00bb4.16.1&#8243; _module_preset=\u00bbdefault\u00bb text_orientation=\u00bbcenter\u00bb link_option_url=\u00bbhttps:\/\/babelteam.com\/v2\/herramientas\/freshworks\/freshdesk-contact-center\/\u00bb global_colors_info=\u00bb{}\u00bb]<\/p>\n<h3><strong><img loading=\"lazy\" decoding=\"async\" src=\"https:\/\/babelteam.com\/v2\/wp-content\/uploads\/2022\/03\/freshdesk-customer-success-1-150x150.png\" width=\"24\" height=\"24\" alt=\"\" class=\"wp-image-513 alignnone size-thumbnail\" srcset=\"https:\/\/babelteam.com\/v2\/wp-content\/uploads\/2022\/03\/freshdesk-customer-success-1-150x150.png 150w, https:\/\/babelteam.com\/v2\/wp-content\/uploads\/2022\/03\/freshdesk-customer-success-1.png 300w\" sizes=\"(max-width: 24px) 100vw, 24px\" \/><span>\u00a0<\/span>Fheshdesk | Contact Center<\/strong><\/h3>\n<p>[\/et_pb_text][et_pb_image src=\u00bbhttps:\/\/babelteam.com\/v2\/wp-content\/uploads\/2022\/03\/Equipe-Freshworks.gif\u00bb alt=\u00bbContact Center Especialistas. Freshdesk. Babel-Team\u00bb title_text=\u00bbContact Center Especialistas. Freshdesk. Babel-Team\u00bb align=\u00bbcenter\u00bb _builder_version=\u00bb4.16.1&#8243; _module_preset=\u00bbdefault\u00bb width=\u00bb29%\u00bb global_colors_info=\u00bb{}\u00bb][\/et_pb_image][et_pb_button button_url=\u00bbhttps:\/\/babel.team\/agendafabio\u00bb url_new_window=\u00bbon\u00bb button_text=\u00bbAgende uma reuni\u00e3o gratuita\u00bb button_alignment=\u00bbcenter\u00bb _builder_version=\u00bb4.17.4&#8243; _module_preset=\u00bbdefault\u00bb custom_button=\u00bbon\u00bb button_text_size=\u00bb27px\u00bb button_text_color=\u00bb#FFFFFF\u00bb button_bg_color=\u00bb#3A6071&#8243; button_border_width=\u00bb0px\u00bb button_border_radius=\u00bb0px\u00bb button_font=\u00bb|800|||||||\u00bb button_use_icon=\u00bboff\u00bb custom_margin=\u00bb||6px|||\u00bb hover_enabled=\u00bb0&#8243; box_shadow_style=\u00bbpreset2&#8243; global_colors_info=\u00bb{}\u00bb button_bg_color__hover_enabled=\u00bbon|desktop\u00bb button_bg_color__hover=\u00bb#809BA5&#8243; button_bg_enable_color__hover=\u00bbon\u00bb sticky_enabled=\u00bb0&#8243;][\/et_pb_button][et_pb_text _builder_version=\u00bb4.17.4&#8243; _module_preset=\u00bbdefault\u00bb text_text_color=\u00bb#000000&#8243; text_orientation=\u00bbcenter\u00bb global_colors_info=\u00bb{}\u00bb]Sem custo e sem compromisso de compra[\/et_pb_text][\/et_pb_column][\/et_pb_row][\/et_pb_section]<\/p>\n","protected":false},"excerpt":{"rendered":"<p>O que \u00e9 um&#8230;Contact Center?\u00c9 uma plataforma de voz online com esfor\u00e7o m\u00ednimo de configura\u00e7\u00e3o e desempenho m\u00e1ximo que se ajusta ao tamanho certo do seu neg\u00f3cio e consegue crescer com ele.Para que serve um Contact Center? Saiba tudo o que aconteceu em uma chamada usando grava\u00e7\u00f5es de chamadas, transcri\u00e7\u00f5es p\u00f3s-chamada e informa\u00e7\u00f5es do ciclo [&hellip;]<\/p>\n","protected":false},"author":1,"featured_media":0,"parent":0,"menu_order":0,"comment_status":"closed","ping_status":"closed","template":"","meta":{"_et_pb_use_builder":"on","_et_pb_old_content":"","_et_gb_content_width":"","footnotes":""},"class_list":["post-970","page","type-page","status-publish","hentry"],"yoast_head":"<!-- This site is optimized with the Yoast SEO plugin v19.0 - https:\/\/yoast.com\/wordpress\/plugins\/seo\/ -->\n<title>Contact Center - Babel-Team<\/title>\n<meta name=\"robots\" content=\"index, follow, max-snippet:-1, max-image-preview:large, max-video-preview:-1\" \/>\n<link rel=\"canonical\" href=\"https:\/\/babelteam.com\/v2\/o-que-e-um-contact-center\/\" \/>\n<meta property=\"og:locale\" content=\"es_ES\" \/>\n<meta property=\"og:type\" content=\"article\" \/>\n<meta property=\"og:title\" content=\"Contact Center - Babel-Team\" \/>\n<meta property=\"og:description\" content=\"O que \u00e9 um...Contact Center?\u00c9 uma plataforma de voz online com esfor\u00e7o m\u00ednimo de configura\u00e7\u00e3o e desempenho m\u00e1ximo que se ajusta ao tamanho certo do seu neg\u00f3cio e consegue crescer com ele.Para que serve um Contact Center? Saiba tudo o que aconteceu em uma chamada usando grava\u00e7\u00f5es de chamadas, transcri\u00e7\u00f5es p\u00f3s-chamada e informa\u00e7\u00f5es do ciclo [&hellip;]\" \/>\n<meta property=\"og:url\" content=\"https:\/\/babelteam.com\/v2\/o-que-e-um-contact-center\/\" \/>\n<meta property=\"og:site_name\" content=\"Babel-Team\" \/>\n<meta property=\"article:modified_time\" content=\"2022-06-16T13:08:46+00:00\" \/>\n<meta property=\"og:image\" content=\"https:\/\/babelteam.com\/v2\/wp-content\/uploads\/2022\/03\/freshdesk-customer-success-1-150x150.png\" \/>\n<meta name=\"twitter:card\" content=\"summary_large_image\" \/>\n<meta name=\"twitter:label1\" content=\"Tiempo de lectura\" \/>\n\t<meta name=\"twitter:data1\" content=\"3 minutos\" \/>\n<script type=\"application\/ld+json\" class=\"yoast-schema-graph\">{\"@context\":\"https:\/\/schema.org\",\"@graph\":[{\"@type\":\"WebSite\",\"@id\":\"https:\/\/babelteam.com\/v2\/#website\",\"url\":\"https:\/\/babelteam.com\/v2\/\",\"name\":\"Babel-Team\",\"description\":\"Strategic Solutions for Digital Innovation\",\"potentialAction\":[{\"@type\":\"SearchAction\",\"target\":{\"@type\":\"EntryPoint\",\"urlTemplate\":\"https:\/\/babelteam.com\/v2\/?s={search_term_string}\"},\"query-input\":\"required name=search_term_string\"}],\"inLanguage\":\"es\"},{\"@type\":\"ImageObject\",\"inLanguage\":\"es\",\"@id\":\"https:\/\/babelteam.com\/v2\/o-que-e-um-contact-center\/#primaryimage\",\"url\":\"https:\/\/babelteam.com\/v2\/wp-content\/uploads\/2022\/03\/freshdesk-customer-success-1.png\",\"contentUrl\":\"https:\/\/babelteam.com\/v2\/wp-content\/uploads\/2022\/03\/freshdesk-customer-success-1.png\",\"width\":300,\"height\":300},{\"@type\":\"WebPage\",\"@id\":\"https:\/\/babelteam.com\/v2\/o-que-e-um-contact-center\/#webpage\",\"url\":\"https:\/\/babelteam.com\/v2\/o-que-e-um-contact-center\/\",\"name\":\"Contact Center - Babel-Team\",\"isPartOf\":{\"@id\":\"https:\/\/babelteam.com\/v2\/#website\"},\"primaryImageOfPage\":{\"@id\":\"https:\/\/babelteam.com\/v2\/o-que-e-um-contact-center\/#primaryimage\"},\"datePublished\":\"2022-04-01T19:41:55+00:00\",\"dateModified\":\"2022-06-16T13:08:46+00:00\",\"breadcrumb\":{\"@id\":\"https:\/\/babelteam.com\/v2\/o-que-e-um-contact-center\/#breadcrumb\"},\"inLanguage\":\"es\",\"potentialAction\":[{\"@type\":\"ReadAction\",\"target\":[\"https:\/\/babelteam.com\/v2\/o-que-e-um-contact-center\/\"]}]},{\"@type\":\"BreadcrumbList\",\"@id\":\"https:\/\/babelteam.com\/v2\/o-que-e-um-contact-center\/#breadcrumb\",\"itemListElement\":[{\"@type\":\"ListItem\",\"position\":1,\"name\":\"Portada\",\"item\":\"https:\/\/babelteam.com\/v2\/\"},{\"@type\":\"ListItem\",\"position\":2,\"name\":\"Contact Center\"}]}]}<\/script>\n<!-- \/ Yoast SEO plugin. -->","yoast_head_json":{"title":"Contact Center - Babel-Team","robots":{"index":"index","follow":"follow","max-snippet":"max-snippet:-1","max-image-preview":"max-image-preview:large","max-video-preview":"max-video-preview:-1"},"canonical":"https:\/\/babelteam.com\/v2\/o-que-e-um-contact-center\/","og_locale":"es_ES","og_type":"article","og_title":"Contact Center - Babel-Team","og_description":"O que \u00e9 um...Contact Center?\u00c9 uma plataforma de voz online com esfor\u00e7o m\u00ednimo de configura\u00e7\u00e3o e desempenho m\u00e1ximo que se ajusta ao tamanho certo do seu neg\u00f3cio e consegue crescer com ele.Para que serve um Contact Center? Saiba tudo o que aconteceu em uma chamada usando grava\u00e7\u00f5es de chamadas, transcri\u00e7\u00f5es p\u00f3s-chamada e informa\u00e7\u00f5es do ciclo [&hellip;]","og_url":"https:\/\/babelteam.com\/v2\/o-que-e-um-contact-center\/","og_site_name":"Babel-Team","article_modified_time":"2022-06-16T13:08:46+00:00","og_image":[{"url":"https:\/\/babelteam.com\/v2\/wp-content\/uploads\/2022\/03\/freshdesk-customer-success-1-150x150.png"}],"twitter_card":"summary_large_image","twitter_misc":{"Tiempo de lectura":"3 minutos"},"schema":{"@context":"https:\/\/schema.org","@graph":[{"@type":"WebSite","@id":"https:\/\/babelteam.com\/v2\/#website","url":"https:\/\/babelteam.com\/v2\/","name":"Babel-Team","description":"Strategic Solutions for Digital Innovation","potentialAction":[{"@type":"SearchAction","target":{"@type":"EntryPoint","urlTemplate":"https:\/\/babelteam.com\/v2\/?s={search_term_string}"},"query-input":"required name=search_term_string"}],"inLanguage":"es"},{"@type":"ImageObject","inLanguage":"es","@id":"https:\/\/babelteam.com\/v2\/o-que-e-um-contact-center\/#primaryimage","url":"https:\/\/babelteam.com\/v2\/wp-content\/uploads\/2022\/03\/freshdesk-customer-success-1.png","contentUrl":"https:\/\/babelteam.com\/v2\/wp-content\/uploads\/2022\/03\/freshdesk-customer-success-1.png","width":300,"height":300},{"@type":"WebPage","@id":"https:\/\/babelteam.com\/v2\/o-que-e-um-contact-center\/#webpage","url":"https:\/\/babelteam.com\/v2\/o-que-e-um-contact-center\/","name":"Contact Center - Babel-Team","isPartOf":{"@id":"https:\/\/babelteam.com\/v2\/#website"},"primaryImageOfPage":{"@id":"https:\/\/babelteam.com\/v2\/o-que-e-um-contact-center\/#primaryimage"},"datePublished":"2022-04-01T19:41:55+00:00","dateModified":"2022-06-16T13:08:46+00:00","breadcrumb":{"@id":"https:\/\/babelteam.com\/v2\/o-que-e-um-contact-center\/#breadcrumb"},"inLanguage":"es","potentialAction":[{"@type":"ReadAction","target":["https:\/\/babelteam.com\/v2\/o-que-e-um-contact-center\/"]}]},{"@type":"BreadcrumbList","@id":"https:\/\/babelteam.com\/v2\/o-que-e-um-contact-center\/#breadcrumb","itemListElement":[{"@type":"ListItem","position":1,"name":"Portada","item":"https:\/\/babelteam.com\/v2\/"},{"@type":"ListItem","position":2,"name":"Contact Center"}]}]}},"_links":{"self":[{"href":"https:\/\/babelteam.com\/v2\/wp-json\/wp\/v2\/pages\/970","targetHints":{"allow":["GET"]}}],"collection":[{"href":"https:\/\/babelteam.com\/v2\/wp-json\/wp\/v2\/pages"}],"about":[{"href":"https:\/\/babelteam.com\/v2\/wp-json\/wp\/v2\/types\/page"}],"author":[{"embeddable":true,"href":"https:\/\/babelteam.com\/v2\/wp-json\/wp\/v2\/users\/1"}],"replies":[{"embeddable":true,"href":"https:\/\/babelteam.com\/v2\/wp-json\/wp\/v2\/comments?post=970"}],"version-history":[{"count":8,"href":"https:\/\/babelteam.com\/v2\/wp-json\/wp\/v2\/pages\/970\/revisions"}],"predecessor-version":[{"id":1539,"href":"https:\/\/babelteam.com\/v2\/wp-json\/wp\/v2\/pages\/970\/revisions\/1539"}],"wp:attachment":[{"href":"https:\/\/babelteam.com\/v2\/wp-json\/wp\/v2\/media?parent=970"}],"curies":[{"name":"wp","href":"https:\/\/api.w.org\/{rel}","templated":true}]}}